{"id":11923,"date":"2023-09-02T12:15:26","date_gmt":"2023-09-02T11:15:26","guid":{"rendered":"https:\/\/baralivres.ma\/?post_type=product&#038;p=11923"},"modified":"2023-09-02T12:15:26","modified_gmt":"2023-09-02T11:15:26","slug":"fullmetal-alchemist-tomes-4-5","status":"publish","type":"product","link":"https:\/\/baralivres.ma\/?product=fullmetal-alchemist-tomes-4-5","title":{"rendered":"Fullmetal Alchemist Tomes 4-5"},"content":{"rendered":"<p>Un grand pouvoir a parfois de dramatiques cons\u00e9quences. Apr\u00e8s de terribles r\u00e9v\u00e9lations concernant la pierre philosophale, Edward et Alphonse sont plus d\u00e9termin\u00e9s que jamais \u00e0 percer le secret du laboratoire num\u00e9ro 5. Ils y trouvent deux adversaires de taille qui, tout comme Alphonse, sont des armures auxquelles on a fix\u00e9 une \u00e2me. Affaiblis tant physiquement que moralement, nos deux fr\u00e8res vont devoir affronter un danger encore plus grand qui remettra insidieusement en cause la confiance qu&rsquo;ils ont l&rsquo;un envers l&rsquo;autre\u2026 La perte d\u2019un \u00eatre cher est toujours un moment difficile \u00e0 traverser.<br \/>\nLa mort du lieutenant-colonel Hughes lors d\u2019un ignoble assassinat a \u00e9branl\u00e9 toute l\u2019arm\u00e9e. Ignorant tout du funeste destin de leur ami, les fr\u00e8res Elric accompagn\u00e9s de Winry font route vers la ville de Dublith o\u00f9 r\u00e9side le ma\u00eetre des deux jeunes hommes. A la requ\u00eate de Winry, ils font une escale dans la bourgade de Rush Valley, Mecque des cr\u00e9ateurs d\u2019Auto-mails, endroit r\u00eav\u00e9 pour en apprendre un peu plus sur la cr\u00e9ation de ces membres m\u00e9caniques et sur l\u2019origine de la vie\u2026<\/p>\n","protected":false},"excerpt":{"rendered":"<p>ement en cause la confiance qu&rsquo;ils ont l&rsquo;un envers l&rsquo;autre\u2026 La perte d\u2019un \u00eatre cher est toujours un moment difficile \u00e0 traverser.<br \/>\nLa mort du lieutenant-colonel Hughes lors d\u2019un ignoble assassinat a \u00e9branl\u00e9 toute l\u2019arm\u00e9e. Ignorant tout du funeste destin de leur ami, les fr\u00e8res Elric accompagn\u00e9s de Winry font route vers la ville de Dublith o\u00f9 r\u00e9side le ma\u00eetre des deux jeunes hommes. A la requ\u00eate de Winry, ils font une escale dans la bourgade de Rush Valley, Mecque des cr\u00e9ateurs d\u2019Auto-mails, endroit r\u00eav\u00e9 pour en apprendre un peu plus sur la cr\u00e9ation de ces membres m\u00e9caniques et sur l\u2019origine de la vie\u2026<\/p>\n","protected":false},"featured_media":11924,"comment_status":"open","ping_status":"closed","template":"","meta":{"inline_featured_image":false},"product_cat":[203,204,205],"product_tag":[],"class_list":{"0":"post-11923","1":"product","2":"type-product","3":"status-publish","4":"has-post-thumbnail","6":"product_cat-adolescente","7":"product_cat-francais","8":"product_cat-enfant-adolescente-francais","10":"first","11":"instock","12":"shipping-taxable","13":"purchasable","14":"product-type-simple"},"_links":{"self":[{"href":"https:\/\/baralivres.ma\/index.php?rest_route=\/wp\/v2\/product\/11923","targetHints":{"allow":["GET"]}}],"collection":[{"href":"https:\/\/baralivres.ma\/index.php?rest_route=\/wp\/v2\/product"}],"about":[{"href":"https:\/\/baralivres.ma\/index.php?rest_route=\/wp\/v2\/types\/product"}],"replies":[{"embeddable":true,"href":"https:\/\/baralivres.ma\/index.php?rest_route=%2Fwp%2Fv2%2Fcomments&post=11923"}],"version-history":[{"count":1,"href":"https:\/\/baralivres.ma\/index.php?rest_route=\/wp\/v2\/product\/11923\/revisions"}],"predecessor-version":[{"id":11925,"href":"https:\/\/baralivres.ma\/index.php?rest_route=\/wp\/v2\/product\/11923\/revisions\/11925"}],"wp:featuredmedia":[{"embeddable":true,"href":"https:\/\/baralivres.ma\/index.php?rest_route=\/wp\/v2\/media\/11924"}],"wp:attachment":[{"href":"https:\/\/baralivres.ma\/index.php?rest_route=%2Fwp%2Fv2%2Fmedia&parent=11923"}],"wp:term":[{"taxonomy":"product_cat","embeddable":true,"href":"https:\/\/baralivres.ma\/index.php?rest_route=%2Fwp%2Fv2%2Fproduct_cat&post=11923"},{"taxonomy":"product_tag","embeddable":true,"href":"https:\/\/baralivres.ma\/index.php?rest_route=%2Fwp%2Fv2%2Fproduct_tag&post=11923"}],"curies":[{"name":"wp","href":"https:\/\/api.w.org\/{rel}","templated":true}]}}