{"id":11917,"date":"2023-09-02T12:10:53","date_gmt":"2023-09-02T11:10:53","guid":{"rendered":"https:\/\/baralivres.ma\/?post_type=product&#038;p=11917"},"modified":"2023-09-02T12:10:54","modified_gmt":"2023-09-02T11:10:54","slug":"pokemon-la-grande-aventure-tome-3-2","status":"publish","type":"product","link":"https:\/\/baralivres.ma\/?product=pokemon-la-grande-aventure-tome-3-2","title":{"rendered":"Pok\u00e9mon la grande aventure Tome 3"},"content":{"rendered":"<p>Rouge est toujours port\u00e9 disparu apr\u00e8s son combat contre Aldo. Ayant recueilli le Pikachu du c\u00e9l\u00e8bre Dresseur, Jaune d\u00e9cide de partir \u00e0 sa recherche. Apr\u00e8s avoir suivi le dur entra\u00eenement que lui a impos\u00e9 Bleu, Jaune se rend sur l&rsquo;\u00eele Flamboyante pour affronter le Conseil 4. Retrouvez tous les h\u00e9ros de la Grande Aventure pour un final riche en rebondissements ! .<\/p>\n","protected":false},"excerpt":{"rendered":"<p>Rouge est toujours port\u00e9 disparu apr\u00e8s son combat contre Aldo. Ayant recueilli le Pikachu du c\u00e9l\u00e8bre Dresseur, Jaune d\u00e9cide de partir \u00e0 sa recherche. Apr\u00e8s avoir suivi le dur entra\u00eenement que lui a impos\u00e9 Bleu, Jaune se rend sur l&rsquo;\u00eele Flamboyante pour affronter le Conseil 4. Retrouvez tous les h\u00e9ros de la Grande Aventure pour un final riche en rebondissements ! .<\/p>\n","protected":false},"featured_media":11918,"comment_status":"open","ping_status":"closed","template":"","meta":{"inline_featured_image":false},"product_cat":[203,204,205],"product_tag":[],"class_list":{"0":"post-11917","1":"product","2":"type-product","3":"status-publish","4":"has-post-thumbnail","6":"product_cat-adolescente","7":"product_cat-francais","8":"product_cat-enfant-adolescente-francais","10":"first","11":"instock","12":"shipping-taxable","13":"purchasable","14":"product-type-simple"},"_links":{"self":[{"href":"https:\/\/baralivres.ma\/index.php?rest_route=\/wp\/v2\/product\/11917","targetHints":{"allow":["GET"]}}],"collection":[{"href":"https:\/\/baralivres.ma\/index.php?rest_route=\/wp\/v2\/product"}],"about":[{"href":"https:\/\/baralivres.ma\/index.php?rest_route=\/wp\/v2\/types\/product"}],"replies":[{"embeddable":true,"href":"https:\/\/baralivres.ma\/index.php?rest_route=%2Fwp%2Fv2%2Fcomments&post=11917"}],"version-history":[{"count":1,"href":"https:\/\/baralivres.ma\/index.php?rest_route=\/wp\/v2\/product\/11917\/revisions"}],"predecessor-version":[{"id":11919,"href":"https:\/\/baralivres.ma\/index.php?rest_route=\/wp\/v2\/product\/11917\/revisions\/11919"}],"wp:featuredmedia":[{"embeddable":true,"href":"https:\/\/baralivres.ma\/index.php?rest_route=\/wp\/v2\/media\/11918"}],"wp:attachment":[{"href":"https:\/\/baralivres.ma\/index.php?rest_route=%2Fwp%2Fv2%2Fmedia&parent=11917"}],"wp:term":[{"taxonomy":"product_cat","embeddable":true,"href":"https:\/\/baralivres.ma\/index.php?rest_route=%2Fwp%2Fv2%2Fproduct_cat&post=11917"},{"taxonomy":"product_tag","embeddable":true,"href":"https:\/\/baralivres.ma\/index.php?rest_route=%2Fwp%2Fv2%2Fproduct_tag&post=11917"}],"curies":[{"name":"wp","href":"https:\/\/api.w.org\/{rel}","templated":true}]}}