{"id":11914,"date":"2023-09-02T12:08:03","date_gmt":"2023-09-02T11:08:03","guid":{"rendered":"https:\/\/baralivres.ma\/?post_type=product&#038;p=11914"},"modified":"2023-09-02T12:08:03","modified_gmt":"2023-09-02T11:08:03","slug":"pokemon-la-grande-aventure-tome-1","status":"publish","type":"product","link":"https:\/\/baralivres.ma\/?product=pokemon-la-grande-aventure-tome-1","title":{"rendered":"Pok\u00e9mon la grande aventure Tome 1"},"content":{"rendered":"<p>Six mois se sont \u00e9coul\u00e9s depuis la catastrophe, impliquant Kyogre et Groudon. Rouge et Bleu embarquent pour les Iles de Sevii sur les traces du Professeur Chen. Ils vont \u00eatre t\u00e9moins d&rsquo;une terrible trag\u00e9die dont est victime leur amie Verte. C&rsquo;est le d\u00e9but d&rsquo;une nouvelle grande aventure o\u00f9 nos h\u00e9ros vont devoir d\u00e9jouer le sombre complot d&rsquo;un vieil ennemi qu&rsquo;ils pensaient disparu&#8230;<\/p>\n","protected":false},"excerpt":{"rendered":"<p>Six mois se sont \u00e9coul\u00e9s depuis la catastrophe, impliquant Kyogre et Groudon. Rouge et Bleu embarquent pour les Iles de Sevii sur les traces du Professeur Chen. Ils vont \u00eatre t\u00e9moins d&rsquo;une terrible trag\u00e9die dont est victime leur amie Verte. C&rsquo;est le d\u00e9but d&rsquo;une nouvelle grande aventure o\u00f9 nos h\u00e9ros vont devoir d\u00e9jouer le sombre complot d&rsquo;un vieil ennemi qu&rsquo;ils pensaient disparu&#8230;<\/p>\n","protected":false},"featured_media":11915,"comment_status":"open","ping_status":"closed","template":"","meta":{"inline_featured_image":false},"product_cat":[203,204,205],"product_tag":[],"class_list":{"0":"post-11914","1":"product","2":"type-product","3":"status-publish","4":"has-post-thumbnail","6":"product_cat-adolescente","7":"product_cat-francais","8":"product_cat-enfant-adolescente-francais","10":"first","11":"instock","12":"shipping-taxable","13":"purchasable","14":"product-type-simple"},"_links":{"self":[{"href":"https:\/\/baralivres.ma\/index.php?rest_route=\/wp\/v2\/product\/11914","targetHints":{"allow":["GET"]}}],"collection":[{"href":"https:\/\/baralivres.ma\/index.php?rest_route=\/wp\/v2\/product"}],"about":[{"href":"https:\/\/baralivres.ma\/index.php?rest_route=\/wp\/v2\/types\/product"}],"replies":[{"embeddable":true,"href":"https:\/\/baralivres.ma\/index.php?rest_route=%2Fwp%2Fv2%2Fcomments&post=11914"}],"version-history":[{"count":1,"href":"https:\/\/baralivres.ma\/index.php?rest_route=\/wp\/v2\/product\/11914\/revisions"}],"predecessor-version":[{"id":11916,"href":"https:\/\/baralivres.ma\/index.php?rest_route=\/wp\/v2\/product\/11914\/revisions\/11916"}],"wp:featuredmedia":[{"embeddable":true,"href":"https:\/\/baralivres.ma\/index.php?rest_route=\/wp\/v2\/media\/11915"}],"wp:attachment":[{"href":"https:\/\/baralivres.ma\/index.php?rest_route=%2Fwp%2Fv2%2Fmedia&parent=11914"}],"wp:term":[{"taxonomy":"product_cat","embeddable":true,"href":"https:\/\/baralivres.ma\/index.php?rest_route=%2Fwp%2Fv2%2Fproduct_cat&post=11914"},{"taxonomy":"product_tag","embeddable":true,"href":"https:\/\/baralivres.ma\/index.php?rest_route=%2Fwp%2Fv2%2Fproduct_tag&post=11914"}],"curies":[{"name":"wp","href":"https:\/\/api.w.org\/{rel}","templated":true}]}}