{"id":11911,"date":"2023-09-02T12:06:30","date_gmt":"2023-09-02T11:06:30","guid":{"rendered":"https:\/\/baralivres.ma\/?post_type=product&#038;p=11911"},"modified":"2023-09-02T12:06:30","modified_gmt":"2023-09-02T11:06:30","slug":"pokemon-la-grande-aventure-tome-4","status":"publish","type":"product","link":"https:\/\/baralivres.ma\/?product=pokemon-la-grande-aventure-tome-4","title":{"rendered":"Pok\u00e9mon la grande aventure Tome 4"},"content":{"rendered":"<p>Bien d\u00e9cid\u00e9 \u00e0 remporter tous les d\u00e9fis de la Zone de Combat, Emeraude n&rsquo;en oublie pas sa mission premi\u00e8re : prot\u00e9ger Jirachi des griffes du redoutable homme en armure. Il pourra compter sur le renfort d&rsquo;anciens amis et de nouveaux alli\u00e9s pour y parvenir ! Mais Emeraude devra ouvrir son coeur afin de gagner la confiance de tous. Les d\u00e9tenteurs de Pok\u00e9dex convergent pour un combat final exceptionnel !!<\/p>\n","protected":false},"excerpt":{"rendered":"<p>Bien d\u00e9cid\u00e9 \u00e0 remporter tous les d\u00e9fis de la Zone de Combat, Emeraude n&rsquo;en oublie pas sa mission premi\u00e8re : prot\u00e9ger Jirachi des griffes du redoutable homme en armure. Il pourra compter sur le renfort d&rsquo;anciens amis et de nouveaux alli\u00e9s pour y parvenir ! Mais Emeraude devra ouvrir son coeur afin de gagner la confiance de tous. Les d\u00e9tenteurs de Pok\u00e9dex convergent pour un combat final exceptionnel !!<\/p>\n","protected":false},"featured_media":11912,"comment_status":"open","ping_status":"closed","template":"","meta":{"inline_featured_image":false},"product_cat":[203,204,205],"product_tag":[],"class_list":{"0":"post-11911","1":"product","2":"type-product","3":"status-publish","4":"has-post-thumbnail","6":"product_cat-adolescente","7":"product_cat-francais","8":"product_cat-enfant-adolescente-francais","10":"first","11":"instock","12":"shipping-taxable","13":"purchasable","14":"product-type-simple"},"_links":{"self":[{"href":"https:\/\/baralivres.ma\/index.php?rest_route=\/wp\/v2\/product\/11911","targetHints":{"allow":["GET"]}}],"collection":[{"href":"https:\/\/baralivres.ma\/index.php?rest_route=\/wp\/v2\/product"}],"about":[{"href":"https:\/\/baralivres.ma\/index.php?rest_route=\/wp\/v2\/types\/product"}],"replies":[{"embeddable":true,"href":"https:\/\/baralivres.ma\/index.php?rest_route=%2Fwp%2Fv2%2Fcomments&post=11911"}],"version-history":[{"count":1,"href":"https:\/\/baralivres.ma\/index.php?rest_route=\/wp\/v2\/product\/11911\/revisions"}],"predecessor-version":[{"id":11913,"href":"https:\/\/baralivres.ma\/index.php?rest_route=\/wp\/v2\/product\/11911\/revisions\/11913"}],"wp:featuredmedia":[{"embeddable":true,"href":"https:\/\/baralivres.ma\/index.php?rest_route=\/wp\/v2\/media\/11912"}],"wp:attachment":[{"href":"https:\/\/baralivres.ma\/index.php?rest_route=%2Fwp%2Fv2%2Fmedia&parent=11911"}],"wp:term":[{"taxonomy":"product_cat","embeddable":true,"href":"https:\/\/baralivres.ma\/index.php?rest_route=%2Fwp%2Fv2%2Fproduct_cat&post=11911"},{"taxonomy":"product_tag","embeddable":true,"href":"https:\/\/baralivres.ma\/index.php?rest_route=%2Fwp%2Fv2%2Fproduct_tag&post=11911"}],"curies":[{"name":"wp","href":"https:\/\/api.w.org\/{rel}","templated":true}]}}