{"id":11908,"date":"2023-09-02T12:05:08","date_gmt":"2023-09-02T11:05:08","guid":{"rendered":"https:\/\/baralivres.ma\/?post_type=product&#038;p=11908"},"modified":"2023-09-02T12:05:08","modified_gmt":"2023-09-02T11:05:08","slug":"pokemon-la-grande-aventure-tome-3","status":"publish","type":"product","link":"https:\/\/baralivres.ma\/?product=pokemon-la-grande-aventure-tome-3","title":{"rendered":"Pok\u00e9mon la grande aventure Tome 3"},"content":{"rendered":"<p>Une nouvelle s\u00e9rie in\u00e9dite en 4 tomes bas\u00e9e sur les c\u00e9l\u00e8bres jeux vid\u00e9o : Pok\u00e9mon Version Rouge Feu, Pok\u00e9mon Version Vert Feuille et Pok\u00e9mon Version Emeraude. Quelques mois apr\u00e8s les \u00e9v\u00e8nements tragiques ayant touch\u00e9 les d\u00e9tenteurs de Pok\u00e9dex&#8230; La Zone de Combat mettant \u00e0 l&rsquo;\u00e9preuve les talents des Dresseurs Pok\u00e9mon est sur le point d&rsquo;ouvrir ses portes. Le jeune Emeraude est un Dresseur plein de fougue qui compte bien relever tous les d\u00e9fis propos\u00e9s, \u00e0 un d\u00e9tail pr\u00e8s : il ne poss\u00e8de pas de Pok\u00e9mon&#8230;<\/p>\n","protected":false},"excerpt":{"rendered":"<p>Une nouvelle s\u00e9rie in\u00e9dite en 4 tomes bas\u00e9e sur les c\u00e9l\u00e8bres jeux vid\u00e9o : Pok\u00e9mon Version Rouge Feu, Pok\u00e9mon Version Vert Feuille et Pok\u00e9mon Version Emeraude. Quelques mois apr\u00e8s les \u00e9v\u00e8nements tragiques ayant touch\u00e9 les d\u00e9tenteurs de Pok\u00e9dex&#8230; La Zone de Combat mettant \u00e0 l&rsquo;\u00e9preuve les talents des Dresseurs Pok\u00e9mon est sur le point d&rsquo;ouvrir ses portes. Le jeune Emeraude est un Dresseur plein de fougue qui compte bien relever tous les d\u00e9fis propos\u00e9s, \u00e0 un d\u00e9tail pr\u00e8s : il ne poss\u00e8de pas de Pok\u00e9mon&#8230;<\/p>\n","protected":false},"featured_media":11909,"comment_status":"open","ping_status":"closed","template":"","meta":{"inline_featured_image":false},"product_cat":[203,204,205],"product_tag":[],"class_list":{"0":"post-11908","1":"product","2":"type-product","3":"status-publish","4":"has-post-thumbnail","6":"product_cat-adolescente","7":"product_cat-francais","8":"product_cat-enfant-adolescente-francais","10":"first","11":"instock","12":"shipping-taxable","13":"purchasable","14":"product-type-simple"},"_links":{"self":[{"href":"https:\/\/baralivres.ma\/index.php?rest_route=\/wp\/v2\/product\/11908","targetHints":{"allow":["GET"]}}],"collection":[{"href":"https:\/\/baralivres.ma\/index.php?rest_route=\/wp\/v2\/product"}],"about":[{"href":"https:\/\/baralivres.ma\/index.php?rest_route=\/wp\/v2\/types\/product"}],"replies":[{"embeddable":true,"href":"https:\/\/baralivres.ma\/index.php?rest_route=%2Fwp%2Fv2%2Fcomments&post=11908"}],"version-history":[{"count":1,"href":"https:\/\/baralivres.ma\/index.php?rest_route=\/wp\/v2\/product\/11908\/revisions"}],"predecessor-version":[{"id":11910,"href":"https:\/\/baralivres.ma\/index.php?rest_route=\/wp\/v2\/product\/11908\/revisions\/11910"}],"wp:featuredmedia":[{"embeddable":true,"href":"https:\/\/baralivres.ma\/index.php?rest_route=\/wp\/v2\/media\/11909"}],"wp:attachment":[{"href":"https:\/\/baralivres.ma\/index.php?rest_route=%2Fwp%2Fv2%2Fmedia&parent=11908"}],"wp:term":[{"taxonomy":"product_cat","embeddable":true,"href":"https:\/\/baralivres.ma\/index.php?rest_route=%2Fwp%2Fv2%2Fproduct_cat&post=11908"},{"taxonomy":"product_tag","embeddable":true,"href":"https:\/\/baralivres.ma\/index.php?rest_route=%2Fwp%2Fv2%2Fproduct_tag&post=11908"}],"curies":[{"name":"wp","href":"https:\/\/api.w.org\/{rel}","templated":true}]}}