{"id":11902,"date":"2023-09-02T12:01:55","date_gmt":"2023-09-02T11:01:55","guid":{"rendered":"https:\/\/baralivres.ma\/?post_type=product&#038;p=11902"},"modified":"2023-09-02T12:01:56","modified_gmt":"2023-09-02T11:01:56","slug":"pokemon-diamant-et-perle-la-grande-aventure-tome-3","status":"publish","type":"product","link":"https:\/\/baralivres.ma\/?product=pokemon-diamant-et-perle-la-grande-aventure-tome-3","title":{"rendered":"Pok\u00e9mon Diamant et Perle &#8211; La grande aventure Tome 3"},"content":{"rendered":"<p>La Team Galaxie projette de s&rsquo;en prendre aux Pok\u00e9mon l\u00e9gendaires qui vivent cach\u00e9s dans les trois grands lacs de la r\u00e9gion de Sinnoh. Nos amis prennent chacun une route diff\u00e9rente afin de faire face \u00e0 cette nouvelle menace&#8230;<\/p>\n","protected":false},"excerpt":{"rendered":"<p>La Team Galaxie projette de s&rsquo;en prendre aux Pok\u00e9mon l\u00e9gendaires qui vivent cach\u00e9s dans les trois grands lacs de la r\u00e9gion de Sinnoh. Nos amis prennent chacun une route diff\u00e9rente afin de faire face \u00e0 cette nouvelle menace&#8230;<\/p>\n","protected":false},"featured_media":11903,"comment_status":"open","ping_status":"closed","template":"","meta":{"inline_featured_image":false},"product_cat":[203,204,205],"product_tag":[],"class_list":{"0":"post-11902","1":"product","2":"type-product","3":"status-publish","4":"has-post-thumbnail","6":"product_cat-adolescente","7":"product_cat-francais","8":"product_cat-enfant-adolescente-francais","10":"first","11":"instock","12":"shipping-taxable","13":"purchasable","14":"product-type-simple"},"_links":{"self":[{"href":"https:\/\/baralivres.ma\/index.php?rest_route=\/wp\/v2\/product\/11902","targetHints":{"allow":["GET"]}}],"collection":[{"href":"https:\/\/baralivres.ma\/index.php?rest_route=\/wp\/v2\/product"}],"about":[{"href":"https:\/\/baralivres.ma\/index.php?rest_route=\/wp\/v2\/types\/product"}],"replies":[{"embeddable":true,"href":"https:\/\/baralivres.ma\/index.php?rest_route=%2Fwp%2Fv2%2Fcomments&post=11902"}],"version-history":[{"count":1,"href":"https:\/\/baralivres.ma\/index.php?rest_route=\/wp\/v2\/product\/11902\/revisions"}],"predecessor-version":[{"id":11904,"href":"https:\/\/baralivres.ma\/index.php?rest_route=\/wp\/v2\/product\/11902\/revisions\/11904"}],"wp:featuredmedia":[{"embeddable":true,"href":"https:\/\/baralivres.ma\/index.php?rest_route=\/wp\/v2\/media\/11903"}],"wp:attachment":[{"href":"https:\/\/baralivres.ma\/index.php?rest_route=%2Fwp%2Fv2%2Fmedia&parent=11902"}],"wp:term":[{"taxonomy":"product_cat","embeddable":true,"href":"https:\/\/baralivres.ma\/index.php?rest_route=%2Fwp%2Fv2%2Fproduct_cat&post=11902"},{"taxonomy":"product_tag","embeddable":true,"href":"https:\/\/baralivres.ma\/index.php?rest_route=%2Fwp%2Fv2%2Fproduct_tag&post=11902"}],"curies":[{"name":"wp","href":"https:\/\/api.w.org\/{rel}","templated":true}]}}