{"id":11897,"date":"2023-09-02T11:59:36","date_gmt":"2023-09-02T10:59:36","guid":{"rendered":"https:\/\/baralivres.ma\/?post_type=product&#038;p=11897"},"modified":"2023-09-02T11:59:36","modified_gmt":"2023-09-02T10:59:36","slug":"pokemon-diamant-et-perle-la-grande-aventure-tome-2","status":"publish","type":"product","link":"https:\/\/baralivres.ma\/?product=pokemon-diamant-et-perle-la-grande-aventure-tome-2","title":{"rendered":"Pok\u00e9mon Diamant et Perle &#8211; La grande aventure Tome 2"},"content":{"rendered":"<p>Diamant, Perle et la riche h\u00e9riti\u00e8re de la famille Berlitz poursuivent leur p\u00e9riple \u00e0 travers la r\u00e9gion de Sinnoh en direction du Mont Couronn\u00e9. Mais ils vont devoir faire face \u00e0 une myst\u00e9rieuse organisation criminelle qui ne reculera devant rien pour parvenir \u00e0 ses fins.<\/p>\n","protected":false},"excerpt":{"rendered":"<p>Diamant, Perle et la riche h\u00e9riti\u00e8re de la famille Berlitz poursuivent leur p\u00e9riple \u00e0 travers la r\u00e9gion de Sinnoh en direction du Mont Couronn\u00e9. Mais ils vont devoir faire face \u00e0 une myst\u00e9rieuse organisation criminelle qui ne reculera devant rien pour parvenir \u00e0 ses fins.<\/p>\n","protected":false},"featured_media":11898,"comment_status":"open","ping_status":"closed","template":"","meta":{"inline_featured_image":false},"product_cat":[203,204,205],"product_tag":[],"class_list":{"0":"post-11897","1":"product","2":"type-product","3":"status-publish","4":"has-post-thumbnail","6":"product_cat-adolescente","7":"product_cat-francais","8":"product_cat-enfant-adolescente-francais","10":"first","11":"instock","12":"shipping-taxable","13":"purchasable","14":"product-type-simple"},"_links":{"self":[{"href":"https:\/\/baralivres.ma\/index.php?rest_route=\/wp\/v2\/product\/11897","targetHints":{"allow":["GET"]}}],"collection":[{"href":"https:\/\/baralivres.ma\/index.php?rest_route=\/wp\/v2\/product"}],"about":[{"href":"https:\/\/baralivres.ma\/index.php?rest_route=\/wp\/v2\/types\/product"}],"replies":[{"embeddable":true,"href":"https:\/\/baralivres.ma\/index.php?rest_route=%2Fwp%2Fv2%2Fcomments&post=11897"}],"version-history":[{"count":1,"href":"https:\/\/baralivres.ma\/index.php?rest_route=\/wp\/v2\/product\/11897\/revisions"}],"predecessor-version":[{"id":11899,"href":"https:\/\/baralivres.ma\/index.php?rest_route=\/wp\/v2\/product\/11897\/revisions\/11899"}],"wp:featuredmedia":[{"embeddable":true,"href":"https:\/\/baralivres.ma\/index.php?rest_route=\/wp\/v2\/media\/11898"}],"wp:attachment":[{"href":"https:\/\/baralivres.ma\/index.php?rest_route=%2Fwp%2Fv2%2Fmedia&parent=11897"}],"wp:term":[{"taxonomy":"product_cat","embeddable":true,"href":"https:\/\/baralivres.ma\/index.php?rest_route=%2Fwp%2Fv2%2Fproduct_cat&post=11897"},{"taxonomy":"product_tag","embeddable":true,"href":"https:\/\/baralivres.ma\/index.php?rest_route=%2Fwp%2Fv2%2Fproduct_tag&post=11897"}],"curies":[{"name":"wp","href":"https:\/\/api.w.org\/{rel}","templated":true}]}}