{"id":11894,"date":"2023-09-02T11:56:25","date_gmt":"2023-09-02T10:56:25","guid":{"rendered":"https:\/\/baralivres.ma\/?post_type=product&#038;p=11894"},"modified":"2023-09-02T11:56:25","modified_gmt":"2023-09-02T10:56:25","slug":"pokemon-diamant-et-perle-la-grande-aventure-tome-1","status":"publish","type":"product","link":"https:\/\/baralivres.ma\/?product=pokemon-diamant-et-perle-la-grande-aventure-tome-1","title":{"rendered":"Pok\u00e9mon Diamant et Perle &#8211; La grande aventure Tome 1"},"content":{"rendered":"<p>Suite \u00e0 un quiproquo, Diamant et Perle se retrouvent \u00e0 escorter la richissime h\u00e9riti\u00e8re de la famille Berlitz en direction du Mont Couronn\u00e9. Mais les deux Dresseurs n&rsquo;ont rien de gardes du corps : ils forment en r\u00e9alit\u00e9 un duo comique et r\u00eavent de devenir des c\u00e9l\u00e9brit\u00e9s sur sc\u00e8ne !<\/p>\n","protected":false},"excerpt":{"rendered":"<p>Suite \u00e0 un quiproquo, Diamant et Perle se retrouvent \u00e0 escorter la richissime h\u00e9riti\u00e8re de la famille Berlitz en direction du Mont Couronn\u00e9. Mais les deux Dresseurs n&rsquo;ont rien de gardes du corps : ils forment en r\u00e9alit\u00e9 un duo comique et r\u00eavent de devenir des c\u00e9l\u00e9brit\u00e9s sur sc\u00e8ne !<\/p>\n","protected":false},"featured_media":11895,"comment_status":"open","ping_status":"closed","template":"","meta":{"inline_featured_image":false},"product_cat":[203,204,205],"product_tag":[],"class_list":{"0":"post-11894","1":"product","2":"type-product","3":"status-publish","4":"has-post-thumbnail","6":"product_cat-adolescente","7":"product_cat-francais","8":"product_cat-enfant-adolescente-francais","10":"first","11":"instock","12":"shipping-taxable","13":"purchasable","14":"product-type-simple"},"_links":{"self":[{"href":"https:\/\/baralivres.ma\/index.php?rest_route=\/wp\/v2\/product\/11894","targetHints":{"allow":["GET"]}}],"collection":[{"href":"https:\/\/baralivres.ma\/index.php?rest_route=\/wp\/v2\/product"}],"about":[{"href":"https:\/\/baralivres.ma\/index.php?rest_route=\/wp\/v2\/types\/product"}],"replies":[{"embeddable":true,"href":"https:\/\/baralivres.ma\/index.php?rest_route=%2Fwp%2Fv2%2Fcomments&post=11894"}],"version-history":[{"count":1,"href":"https:\/\/baralivres.ma\/index.php?rest_route=\/wp\/v2\/product\/11894\/revisions"}],"predecessor-version":[{"id":11896,"href":"https:\/\/baralivres.ma\/index.php?rest_route=\/wp\/v2\/product\/11894\/revisions\/11896"}],"wp:featuredmedia":[{"embeddable":true,"href":"https:\/\/baralivres.ma\/index.php?rest_route=\/wp\/v2\/media\/11895"}],"wp:attachment":[{"href":"https:\/\/baralivres.ma\/index.php?rest_route=%2Fwp%2Fv2%2Fmedia&parent=11894"}],"wp:term":[{"taxonomy":"product_cat","embeddable":true,"href":"https:\/\/baralivres.ma\/index.php?rest_route=%2Fwp%2Fv2%2Fproduct_cat&post=11894"},{"taxonomy":"product_tag","embeddable":true,"href":"https:\/\/baralivres.ma\/index.php?rest_route=%2Fwp%2Fv2%2Fproduct_tag&post=11894"}],"curies":[{"name":"wp","href":"https:\/\/api.w.org\/{rel}","templated":true}]}}