{"id":11891,"date":"2023-09-02T11:51:51","date_gmt":"2023-09-02T10:51:51","guid":{"rendered":"https:\/\/baralivres.ma\/?post_type=product&#038;p=11891"},"modified":"2023-09-02T11:51:51","modified_gmt":"2023-09-02T10:51:51","slug":"pokemon-xy-tome-1","status":"publish","type":"product","link":"https:\/\/baralivres.ma\/?product=pokemon-xy-tome-1","title":{"rendered":"Pok\u00e9mon XY Tome 1"},"content":{"rendered":"<p>X et ses quatre amis d&rsquo;enfance m\u00e8nent une vie tranquille \u00e0 Bourg Croquis. Jusqu&rsquo;au jour o\u00f9 apparaissent les Pok\u00e9mon l\u00e9gendaires Yveltal et Xerneas, venant bouleverser le quotidien des jeunes gens. Qui sont ces \u00e9tranges personnes malveillantes v\u00e9tues de rouge ? Qu&rsquo;est-ce que la M\u00e9ga-Evolution ? Ce sera \u00e0 nos cinq amis de le d\u00e9couvrir dans cette nouvelle grande aventure palpitante ! !<\/p>\n","protected":false},"excerpt":{"rendered":"<p>X et ses quatre amis d&rsquo;enfance m\u00e8nent une vie tranquille \u00e0 Bourg Croquis. Jusqu&rsquo;au jour o\u00f9 apparaissent les Pok\u00e9mon l\u00e9gendaires Yveltal et Xerneas, venant bouleverser le quotidien des jeunes gens. Qui sont ces \u00e9tranges personnes malveillantes v\u00e9tues de rouge ? Qu&rsquo;est-ce que la M\u00e9ga-Evolution ? Ce sera \u00e0 nos cinq amis de le d\u00e9couvrir dans cette nouvelle grande aventure palpitante ! !<\/p>\n","protected":false},"featured_media":11892,"comment_status":"open","ping_status":"closed","template":"","meta":{"inline_featured_image":false},"product_cat":[203,204,205],"product_tag":[],"class_list":{"0":"post-11891","1":"product","2":"type-product","3":"status-publish","4":"has-post-thumbnail","6":"product_cat-adolescente","7":"product_cat-francais","8":"product_cat-enfant-adolescente-francais","10":"first","11":"instock","12":"shipping-taxable","13":"purchasable","14":"product-type-simple"},"_links":{"self":[{"href":"https:\/\/baralivres.ma\/index.php?rest_route=\/wp\/v2\/product\/11891","targetHints":{"allow":["GET"]}}],"collection":[{"href":"https:\/\/baralivres.ma\/index.php?rest_route=\/wp\/v2\/product"}],"about":[{"href":"https:\/\/baralivres.ma\/index.php?rest_route=\/wp\/v2\/types\/product"}],"replies":[{"embeddable":true,"href":"https:\/\/baralivres.ma\/index.php?rest_route=%2Fwp%2Fv2%2Fcomments&post=11891"}],"version-history":[{"count":1,"href":"https:\/\/baralivres.ma\/index.php?rest_route=\/wp\/v2\/product\/11891\/revisions"}],"predecessor-version":[{"id":11893,"href":"https:\/\/baralivres.ma\/index.php?rest_route=\/wp\/v2\/product\/11891\/revisions\/11893"}],"wp:featuredmedia":[{"embeddable":true,"href":"https:\/\/baralivres.ma\/index.php?rest_route=\/wp\/v2\/media\/11892"}],"wp:attachment":[{"href":"https:\/\/baralivres.ma\/index.php?rest_route=%2Fwp%2Fv2%2Fmedia&parent=11891"}],"wp:term":[{"taxonomy":"product_cat","embeddable":true,"href":"https:\/\/baralivres.ma\/index.php?rest_route=%2Fwp%2Fv2%2Fproduct_cat&post=11891"},{"taxonomy":"product_tag","embeddable":true,"href":"https:\/\/baralivres.ma\/index.php?rest_route=%2Fwp%2Fv2%2Fproduct_tag&post=11891"}],"curies":[{"name":"wp","href":"https:\/\/api.w.org\/{rel}","templated":true}]}}