{"id":11888,"date":"2023-09-02T11:50:33","date_gmt":"2023-09-02T10:50:33","guid":{"rendered":"https:\/\/baralivres.ma\/?post_type=product&#038;p=11888"},"modified":"2023-09-02T11:50:34","modified_gmt":"2023-09-02T10:50:34","slug":"pokemon-xy-tome-2","status":"publish","type":"product","link":"https:\/\/baralivres.ma\/?product=pokemon-xy-tome-2","title":{"rendered":"Pok\u00e9mon XY Tome 2"},"content":{"rendered":"<p>X et ses amis sont enfin arriv\u00e9s \u00e0 Illumis, la capitale de Kalos ! Malgr\u00e9 leur situation p\u00e9rilleuse o\u00f9 l&rsquo;on ne sait \u00e0 qui se fier, ils parviennent au Laboratoire du Professeur Platane mais une surprise les y attend. L&rsquo;heure de lever les secrets de la M\u00e9ga-Evolution serait-elle enfin venue ?<\/p>\n","protected":false},"excerpt":{"rendered":"<p>X et ses amis sont enfin arriv\u00e9s \u00e0 Illumis, la capitale de Kalos ! Malgr\u00e9 leur situation p\u00e9rilleuse o\u00f9 l&rsquo;on ne sait \u00e0 qui se fier, ils parviennent au Laboratoire du Professeur Platane mais une surprise les y attend. L&rsquo;heure de lever les secrets de la M\u00e9ga-Evolution serait-elle enfin venue ?<\/p>\n","protected":false},"featured_media":11889,"comment_status":"open","ping_status":"closed","template":"","meta":{"inline_featured_image":false},"product_cat":[203,204,205],"product_tag":[],"class_list":{"0":"post-11888","1":"product","2":"type-product","3":"status-publish","4":"has-post-thumbnail","6":"product_cat-adolescente","7":"product_cat-francais","8":"product_cat-enfant-adolescente-francais","10":"first","11":"instock","12":"shipping-taxable","13":"purchasable","14":"product-type-simple"},"_links":{"self":[{"href":"https:\/\/baralivres.ma\/index.php?rest_route=\/wp\/v2\/product\/11888","targetHints":{"allow":["GET"]}}],"collection":[{"href":"https:\/\/baralivres.ma\/index.php?rest_route=\/wp\/v2\/product"}],"about":[{"href":"https:\/\/baralivres.ma\/index.php?rest_route=\/wp\/v2\/types\/product"}],"replies":[{"embeddable":true,"href":"https:\/\/baralivres.ma\/index.php?rest_route=%2Fwp%2Fv2%2Fcomments&post=11888"}],"version-history":[{"count":1,"href":"https:\/\/baralivres.ma\/index.php?rest_route=\/wp\/v2\/product\/11888\/revisions"}],"predecessor-version":[{"id":11890,"href":"https:\/\/baralivres.ma\/index.php?rest_route=\/wp\/v2\/product\/11888\/revisions\/11890"}],"wp:featuredmedia":[{"embeddable":true,"href":"https:\/\/baralivres.ma\/index.php?rest_route=\/wp\/v2\/media\/11889"}],"wp:attachment":[{"href":"https:\/\/baralivres.ma\/index.php?rest_route=%2Fwp%2Fv2%2Fmedia&parent=11888"}],"wp:term":[{"taxonomy":"product_cat","embeddable":true,"href":"https:\/\/baralivres.ma\/index.php?rest_route=%2Fwp%2Fv2%2Fproduct_cat&post=11888"},{"taxonomy":"product_tag","embeddable":true,"href":"https:\/\/baralivres.ma\/index.php?rest_route=%2Fwp%2Fv2%2Fproduct_tag&post=11888"}],"curies":[{"name":"wp","href":"https:\/\/api.w.org\/{rel}","templated":true}]}}