{"id":11885,"date":"2023-09-02T11:49:16","date_gmt":"2023-09-02T10:49:16","guid":{"rendered":"https:\/\/baralivres.ma\/?post_type=product&#038;p=11885"},"modified":"2023-09-02T11:49:16","modified_gmt":"2023-09-02T10:49:16","slug":"pokemon-xy-tome-3","status":"publish","type":"product","link":"https:\/\/baralivres.ma\/?product=pokemon-xy-tome-3","title":{"rendered":"Pok\u00e9mon XY Tome 3"},"content":{"rendered":"<p>Primula, la c\u00e9l\u00e8bre championne de course de Rhinocorne et m\u00e8re de Y est port\u00e9e disparue ce qui plonge cette derni\u00e8re dans un profond d\u00e9sarroi. Arrivera-t-elle \u00e0 surmonter sa peine pour tirer ses amis d&rsquo;une situation p\u00e9rilleuse ? Vous le d\u00e9couvrirez dans cette nouvelle grande aventure sur les routes de la r\u00e9gion de Kalos !<\/p>\n","protected":false},"excerpt":{"rendered":"<p>Primula, la c\u00e9l\u00e8bre championne de course de Rhinocorne et m\u00e8re de Y est port\u00e9e disparue ce qui plonge cette derni\u00e8re dans un profond d\u00e9sarroi. Arrivera-t-elle \u00e0 surmonter sa peine pour tirer ses amis d&rsquo;une situation p\u00e9rilleuse ? Vous le d\u00e9couvrirez dans cette nouvelle grande aventure sur les routes de la r\u00e9gion de Kalos !<\/p>\n","protected":false},"featured_media":11886,"comment_status":"open","ping_status":"closed","template":"","meta":{"inline_featured_image":false},"product_cat":[203,204,205],"product_tag":[],"class_list":{"0":"post-11885","1":"product","2":"type-product","3":"status-publish","4":"has-post-thumbnail","6":"product_cat-adolescente","7":"product_cat-francais","8":"product_cat-enfant-adolescente-francais","10":"first","11":"instock","12":"shipping-taxable","13":"purchasable","14":"product-type-simple"},"_links":{"self":[{"href":"https:\/\/baralivres.ma\/index.php?rest_route=\/wp\/v2\/product\/11885","targetHints":{"allow":["GET"]}}],"collection":[{"href":"https:\/\/baralivres.ma\/index.php?rest_route=\/wp\/v2\/product"}],"about":[{"href":"https:\/\/baralivres.ma\/index.php?rest_route=\/wp\/v2\/types\/product"}],"replies":[{"embeddable":true,"href":"https:\/\/baralivres.ma\/index.php?rest_route=%2Fwp%2Fv2%2Fcomments&post=11885"}],"version-history":[{"count":1,"href":"https:\/\/baralivres.ma\/index.php?rest_route=\/wp\/v2\/product\/11885\/revisions"}],"predecessor-version":[{"id":11887,"href":"https:\/\/baralivres.ma\/index.php?rest_route=\/wp\/v2\/product\/11885\/revisions\/11887"}],"wp:featuredmedia":[{"embeddable":true,"href":"https:\/\/baralivres.ma\/index.php?rest_route=\/wp\/v2\/media\/11886"}],"wp:attachment":[{"href":"https:\/\/baralivres.ma\/index.php?rest_route=%2Fwp%2Fv2%2Fmedia&parent=11885"}],"wp:term":[{"taxonomy":"product_cat","embeddable":true,"href":"https:\/\/baralivres.ma\/index.php?rest_route=%2Fwp%2Fv2%2Fproduct_cat&post=11885"},{"taxonomy":"product_tag","embeddable":true,"href":"https:\/\/baralivres.ma\/index.php?rest_route=%2Fwp%2Fv2%2Fproduct_tag&post=11885"}],"curies":[{"name":"wp","href":"https:\/\/api.w.org\/{rel}","templated":true}]}}