{"id":11879,"date":"2023-09-02T11:46:31","date_gmt":"2023-09-02T10:46:31","guid":{"rendered":"https:\/\/baralivres.ma\/?post_type=product&#038;p=11879"},"modified":"2023-09-02T11:46:31","modified_gmt":"2023-09-02T10:46:31","slug":"pokemon-xy-tome-5","status":"publish","type":"product","link":"https:\/\/baralivres.ma\/?product=pokemon-xy-tome-5","title":{"rendered":"Pok\u00e9mon XY Tome 5"},"content":{"rendered":"<p>La Pok\u00e9mania poursuit sa course chez Kurokawa avec l&rsquo;arc X et Y ! Pr\u00e9parez-vous \u00e0 rencontrer des Pok\u00e9mon in\u00e9dits dans une aventure originale ! Volume 5\/5 (s\u00e9rie en cours au Japon)<\/p>\n","protected":false},"excerpt":{"rendered":"<p>La Pok\u00e9mania poursuit sa course chez Kurokawa avec l&rsquo;arc X et Y ! Pr\u00e9parez-vous \u00e0 rencontrer des Pok\u00e9mon in\u00e9dits dans une aventure originale ! Volume 5\/5 (s\u00e9rie en cours au Japon)<\/p>\n","protected":false},"featured_media":11880,"comment_status":"open","ping_status":"closed","template":"","meta":{"inline_featured_image":false},"product_cat":[203,204,205],"product_tag":[],"class_list":{"0":"post-11879","1":"product","2":"type-product","3":"status-publish","4":"has-post-thumbnail","6":"product_cat-adolescente","7":"product_cat-francais","8":"product_cat-enfant-adolescente-francais","10":"first","11":"instock","12":"shipping-taxable","13":"purchasable","14":"product-type-simple"},"_links":{"self":[{"href":"https:\/\/baralivres.ma\/index.php?rest_route=\/wp\/v2\/product\/11879","targetHints":{"allow":["GET"]}}],"collection":[{"href":"https:\/\/baralivres.ma\/index.php?rest_route=\/wp\/v2\/product"}],"about":[{"href":"https:\/\/baralivres.ma\/index.php?rest_route=\/wp\/v2\/types\/product"}],"replies":[{"embeddable":true,"href":"https:\/\/baralivres.ma\/index.php?rest_route=%2Fwp%2Fv2%2Fcomments&post=11879"}],"version-history":[{"count":1,"href":"https:\/\/baralivres.ma\/index.php?rest_route=\/wp\/v2\/product\/11879\/revisions"}],"predecessor-version":[{"id":11881,"href":"https:\/\/baralivres.ma\/index.php?rest_route=\/wp\/v2\/product\/11879\/revisions\/11881"}],"wp:featuredmedia":[{"embeddable":true,"href":"https:\/\/baralivres.ma\/index.php?rest_route=\/wp\/v2\/media\/11880"}],"wp:attachment":[{"href":"https:\/\/baralivres.ma\/index.php?rest_route=%2Fwp%2Fv2%2Fmedia&parent=11879"}],"wp:term":[{"taxonomy":"product_cat","embeddable":true,"href":"https:\/\/baralivres.ma\/index.php?rest_route=%2Fwp%2Fv2%2Fproduct_cat&post=11879"},{"taxonomy":"product_tag","embeddable":true,"href":"https:\/\/baralivres.ma\/index.php?rest_route=%2Fwp%2Fv2%2Fproduct_tag&post=11879"}],"curies":[{"name":"wp","href":"https:\/\/api.w.org\/{rel}","templated":true}]}}