{"id":11870,"date":"2023-09-02T11:41:51","date_gmt":"2023-09-02T10:41:51","guid":{"rendered":"https:\/\/baralivres.ma\/?post_type=product&#038;p=11870"},"modified":"2023-09-02T11:41:52","modified_gmt":"2023-09-02T10:41:52","slug":"pokemon-noir-et-blanc-tome-7","status":"publish","type":"product","link":"https:\/\/baralivres.ma\/?product=pokemon-noir-et-blanc-tome-7","title":{"rendered":"Pok\u00e9mon noir et blanc Tome 7"},"content":{"rendered":"<p>Apr\u00e8s avoir triomph\u00e9 des \u00e9preuves de Zhu, Noir doit maintenant r\u00e9cup\u00e9rer son 8e Badge afin de pouvoir r\u00e9aliser son r\u00eave participer \u00e0 la Ligue Pok\u00e9mon ! Mais le combat titanesque qui oppose Goyah, le Ma\u00eetre d&rsquo;Unys, avec N, le roi de la Team Plasma, va transformer la destin\u00e9e de nos h\u00e9ros \u00e0 jamais !<\/p>\n","protected":false},"excerpt":{"rendered":"<p>Apr\u00e8s avoir triomph\u00e9 des \u00e9preuves de Zhu, Noir doit maintenant r\u00e9cup\u00e9rer son 8e Badge afin de pouvoir r\u00e9aliser son r\u00eave participer \u00e0 la Ligue Pok\u00e9mon ! Mais le combat titanesque qui oppose Goyah, le Ma\u00eetre d&rsquo;Unys, avec N, le roi de la Team Plasma, va transformer la destin\u00e9e de nos h\u00e9ros \u00e0 jamais !<\/p>\n","protected":false},"featured_media":11871,"comment_status":"open","ping_status":"closed","template":"","meta":{"inline_featured_image":false},"product_cat":[203,204,205],"product_tag":[],"class_list":{"0":"post-11870","1":"product","2":"type-product","3":"status-publish","4":"has-post-thumbnail","6":"product_cat-adolescente","7":"product_cat-francais","8":"product_cat-enfant-adolescente-francais","10":"first","11":"instock","12":"shipping-taxable","13":"purchasable","14":"product-type-simple"},"_links":{"self":[{"href":"https:\/\/baralivres.ma\/index.php?rest_route=\/wp\/v2\/product\/11870","targetHints":{"allow":["GET"]}}],"collection":[{"href":"https:\/\/baralivres.ma\/index.php?rest_route=\/wp\/v2\/product"}],"about":[{"href":"https:\/\/baralivres.ma\/index.php?rest_route=\/wp\/v2\/types\/product"}],"replies":[{"embeddable":true,"href":"https:\/\/baralivres.ma\/index.php?rest_route=%2Fwp%2Fv2%2Fcomments&post=11870"}],"version-history":[{"count":1,"href":"https:\/\/baralivres.ma\/index.php?rest_route=\/wp\/v2\/product\/11870\/revisions"}],"predecessor-version":[{"id":11872,"href":"https:\/\/baralivres.ma\/index.php?rest_route=\/wp\/v2\/product\/11870\/revisions\/11872"}],"wp:featuredmedia":[{"embeddable":true,"href":"https:\/\/baralivres.ma\/index.php?rest_route=\/wp\/v2\/media\/11871"}],"wp:attachment":[{"href":"https:\/\/baralivres.ma\/index.php?rest_route=%2Fwp%2Fv2%2Fmedia&parent=11870"}],"wp:term":[{"taxonomy":"product_cat","embeddable":true,"href":"https:\/\/baralivres.ma\/index.php?rest_route=%2Fwp%2Fv2%2Fproduct_cat&post=11870"},{"taxonomy":"product_tag","embeddable":true,"href":"https:\/\/baralivres.ma\/index.php?rest_route=%2Fwp%2Fv2%2Fproduct_tag&post=11870"}],"curies":[{"name":"wp","href":"https:\/\/api.w.org\/{rel}","templated":true}]}}