{"id":11867,"date":"2023-09-02T11:40:20","date_gmt":"2023-09-02T10:40:20","guid":{"rendered":"https:\/\/baralivres.ma\/?post_type=product&#038;p=11867"},"modified":"2023-09-02T11:40:21","modified_gmt":"2023-09-02T10:40:21","slug":"pokemon-noir-et-blanc-tome-1","status":"publish","type":"product","link":"https:\/\/baralivres.ma\/?product=pokemon-noir-et-blanc-tome-1","title":{"rendered":"Pok\u00e9mon noir et blanc Tome 1"},"content":{"rendered":"<p>Noir est un gar\u00e7on un peu \u00e9trange qui ne r\u00eave que d&rsquo;une chose : battre la Ligue Pok\u00e9mon et devenir le nouveau champion des Dresseurs. Avec ses Pok\u00e9mon Munna, Gueriaigle et Gruikui, il part r\u00e9aliser son r\u00eave lorsqu&rsquo;il rencontre Blanche, une jeune fille dont le m\u00e9tier est agent de Pok\u00e9mon stars&#8230;<\/p>\n","protected":false},"excerpt":{"rendered":"<p>Noir est un gar\u00e7on un peu \u00e9trange qui ne r\u00eave que d&rsquo;une chose : battre la Ligue Pok\u00e9mon et devenir le nouveau champion des Dresseurs. Avec ses Pok\u00e9mon Munna, Gueriaigle et Gruikui, il part r\u00e9aliser son r\u00eave lorsqu&rsquo;il rencontre Blanche, une jeune fille dont le m\u00e9tier est agent de Pok\u00e9mon stars&#8230;<\/p>\n","protected":false},"featured_media":11868,"comment_status":"open","ping_status":"closed","template":"","meta":{"inline_featured_image":false},"product_cat":[203,204,205],"product_tag":[],"class_list":{"0":"post-11867","1":"product","2":"type-product","3":"status-publish","4":"has-post-thumbnail","6":"product_cat-adolescente","7":"product_cat-francais","8":"product_cat-enfant-adolescente-francais","10":"first","11":"instock","12":"shipping-taxable","13":"purchasable","14":"product-type-simple"},"_links":{"self":[{"href":"https:\/\/baralivres.ma\/index.php?rest_route=\/wp\/v2\/product\/11867","targetHints":{"allow":["GET"]}}],"collection":[{"href":"https:\/\/baralivres.ma\/index.php?rest_route=\/wp\/v2\/product"}],"about":[{"href":"https:\/\/baralivres.ma\/index.php?rest_route=\/wp\/v2\/types\/product"}],"replies":[{"embeddable":true,"href":"https:\/\/baralivres.ma\/index.php?rest_route=%2Fwp%2Fv2%2Fcomments&post=11867"}],"version-history":[{"count":1,"href":"https:\/\/baralivres.ma\/index.php?rest_route=\/wp\/v2\/product\/11867\/revisions"}],"predecessor-version":[{"id":11869,"href":"https:\/\/baralivres.ma\/index.php?rest_route=\/wp\/v2\/product\/11867\/revisions\/11869"}],"wp:featuredmedia":[{"embeddable":true,"href":"https:\/\/baralivres.ma\/index.php?rest_route=\/wp\/v2\/media\/11868"}],"wp:attachment":[{"href":"https:\/\/baralivres.ma\/index.php?rest_route=%2Fwp%2Fv2%2Fmedia&parent=11867"}],"wp:term":[{"taxonomy":"product_cat","embeddable":true,"href":"https:\/\/baralivres.ma\/index.php?rest_route=%2Fwp%2Fv2%2Fproduct_cat&post=11867"},{"taxonomy":"product_tag","embeddable":true,"href":"https:\/\/baralivres.ma\/index.php?rest_route=%2Fwp%2Fv2%2Fproduct_tag&post=11867"}],"curies":[{"name":"wp","href":"https:\/\/api.w.org\/{rel}","templated":true}]}}