{"id":11864,"date":"2023-09-02T11:38:55","date_gmt":"2023-09-02T10:38:55","guid":{"rendered":"https:\/\/baralivres.ma\/?post_type=product&#038;p=11864"},"modified":"2023-09-02T11:38:56","modified_gmt":"2023-09-02T10:38:56","slug":"pokemon-noir-et-blanc-tome-2","status":"publish","type":"product","link":"https:\/\/baralivres.ma\/?product=pokemon-noir-et-blanc-tome-2","title":{"rendered":"Pok\u00e9mon noir et blanc Tome 2"},"content":{"rendered":"<div class=\"fp-wide--block--header\">\n<h2 class=\"primary-title\"><\/h2>\n<\/div>\n<div class=\"content\">Tcheren et Bianca parviennent enfin \u00e0 retrouver Noir dans un caf\u00e9 d&rsquo;Ogoesse, qui se r\u00e9v\u00e9lera \u00eatre l&rsquo;Ar\u00e8ne de la ville ! Tcheren et Bianca sont alors embarqu\u00e9s dans un combat mouvement\u00e9. Ils doivent faire face \u00e0 Noa, Armando et Rachid, dont les Flotajou, Flamajou et Feuillajou attaquent avec une coordination redoutable. Les trois amis parviendront-ils \u00e0 les vaincre, afin de rejoindre la ville de Maillard ?<\/div>\n","protected":false},"excerpt":{"rendered":"<div class=\"fp-wide--block--header\">\n<h2 class=\"primary-title\">R\u00e9sum\u00e9<\/h2>\n<\/div>\n<div class=\"content\">Tcheren et Bianca parviennent enfin \u00e0 retrouver Noir dans un caf\u00e9 d&rsquo;Ogoesse, qui se r\u00e9v\u00e9lera \u00eatre l&rsquo;Ar\u00e8ne de la ville ! Tcheren et Bianca sont alors embarqu\u00e9s dans un combat mouvement\u00e9. Ils doivent faire face \u00e0 Noa, Armando et Rachid, dont les Flotajou, Flamajou et Feuillajou attaquent avec une coordination redoutable. Les trois amis parviendront-ils \u00e0 les vaincre, afin de rejoindre la ville de Maillard ?<\/div>\n","protected":false},"featured_media":11865,"comment_status":"open","ping_status":"closed","template":"","meta":{"inline_featured_image":false},"product_cat":[203,204,205],"product_tag":[],"class_list":{"0":"post-11864","1":"product","2":"type-product","3":"status-publish","4":"has-post-thumbnail","6":"product_cat-adolescente","7":"product_cat-francais","8":"product_cat-enfant-adolescente-francais","10":"first","11":"instock","12":"shipping-taxable","13":"purchasable","14":"product-type-simple"},"_links":{"self":[{"href":"https:\/\/baralivres.ma\/index.php?rest_route=\/wp\/v2\/product\/11864","targetHints":{"allow":["GET"]}}],"collection":[{"href":"https:\/\/baralivres.ma\/index.php?rest_route=\/wp\/v2\/product"}],"about":[{"href":"https:\/\/baralivres.ma\/index.php?rest_route=\/wp\/v2\/types\/product"}],"replies":[{"embeddable":true,"href":"https:\/\/baralivres.ma\/index.php?rest_route=%2Fwp%2Fv2%2Fcomments&post=11864"}],"version-history":[{"count":1,"href":"https:\/\/baralivres.ma\/index.php?rest_route=\/wp\/v2\/product\/11864\/revisions"}],"predecessor-version":[{"id":11866,"href":"https:\/\/baralivres.ma\/index.php?rest_route=\/wp\/v2\/product\/11864\/revisions\/11866"}],"wp:featuredmedia":[{"embeddable":true,"href":"https:\/\/baralivres.ma\/index.php?rest_route=\/wp\/v2\/media\/11865"}],"wp:attachment":[{"href":"https:\/\/baralivres.ma\/index.php?rest_route=%2Fwp%2Fv2%2Fmedia&parent=11864"}],"wp:term":[{"taxonomy":"product_cat","embeddable":true,"href":"https:\/\/baralivres.ma\/index.php?rest_route=%2Fwp%2Fv2%2Fproduct_cat&post=11864"},{"taxonomy":"product_tag","embeddable":true,"href":"https:\/\/baralivres.ma\/index.php?rest_route=%2Fwp%2Fv2%2Fproduct_tag&post=11864"}],"curies":[{"name":"wp","href":"https:\/\/api.w.org\/{rel}","templated":true}]}}