{"id":11861,"date":"2023-09-02T11:37:25","date_gmt":"2023-09-02T10:37:25","guid":{"rendered":"https:\/\/baralivres.ma\/?post_type=product&#038;p=11861"},"modified":"2023-09-02T11:37:26","modified_gmt":"2023-09-02T10:37:26","slug":"pokemon-noir-et-blanc-tome-3","status":"publish","type":"product","link":"https:\/\/baralivres.ma\/?product=pokemon-noir-et-blanc-tome-3","title":{"rendered":"Pok\u00e9mon noir et blanc Tome 3"},"content":{"rendered":"<p>Apr\u00e8s avoir retrouv\u00e9 Tcheren et Bianca\u00a0 pour une mise au point, Noir parvient \u00e0 vaincre les champions d&rsquo;ar\u00e8ne d&rsquo;Ogoesse avec l&rsquo;aide de ses deux amis, puis la championne de Maillard et se pr\u00e9pare \u00e0 affronter Artie \u00e0 Volucit\u00e9. Blanche, se son c\u00f4t\u00e9 s&rsquo;affaire de toutes parts car elle doit pr\u00e9senter un projet de Com\u00e9die Musicale au maire de M\u00e9anville ! Mais pendant ce temps, la team Plasma, front de lib\u00e9ration des Pok\u00e9mon, agit dans l&rsquo;ombre pour parvenir \u00e0 ses myst\u00e9rieux desseins.<\/p>\n","protected":false},"excerpt":{"rendered":"<p>Apr\u00e8s avoir retrouv\u00e9 Tcheren et Bianca\u00a0 pour une mise au point, Noir parvient \u00e0 vaincre les champions d&rsquo;ar\u00e8ne d&rsquo;Ogoesse avec l&rsquo;aide de ses deux amis, puis la championne de Maillard et se pr\u00e9pare \u00e0 affronter Artie \u00e0 Volucit\u00e9. Blanche, se son c\u00f4t\u00e9 s&rsquo;affaire de toutes parts car elle doit pr\u00e9senter un projet de Com\u00e9die Musicale au maire de M\u00e9anville ! Mais pendant ce temps, la team Plasma, front de lib\u00e9ration des Pok\u00e9mon, agit dans l&rsquo;ombre pour parvenir \u00e0 ses myst\u00e9rieux desseins.<\/p>\n","protected":false},"featured_media":11862,"comment_status":"open","ping_status":"closed","template":"","meta":{"inline_featured_image":false},"product_cat":[203,204,205],"product_tag":[],"class_list":{"0":"post-11861","1":"product","2":"type-product","3":"status-publish","4":"has-post-thumbnail","6":"product_cat-adolescente","7":"product_cat-francais","8":"product_cat-enfant-adolescente-francais","10":"first","11":"instock","12":"shipping-taxable","13":"purchasable","14":"product-type-simple"},"_links":{"self":[{"href":"https:\/\/baralivres.ma\/index.php?rest_route=\/wp\/v2\/product\/11861","targetHints":{"allow":["GET"]}}],"collection":[{"href":"https:\/\/baralivres.ma\/index.php?rest_route=\/wp\/v2\/product"}],"about":[{"href":"https:\/\/baralivres.ma\/index.php?rest_route=\/wp\/v2\/types\/product"}],"replies":[{"embeddable":true,"href":"https:\/\/baralivres.ma\/index.php?rest_route=%2Fwp%2Fv2%2Fcomments&post=11861"}],"version-history":[{"count":1,"href":"https:\/\/baralivres.ma\/index.php?rest_route=\/wp\/v2\/product\/11861\/revisions"}],"predecessor-version":[{"id":11863,"href":"https:\/\/baralivres.ma\/index.php?rest_route=\/wp\/v2\/product\/11861\/revisions\/11863"}],"wp:featuredmedia":[{"embeddable":true,"href":"https:\/\/baralivres.ma\/index.php?rest_route=\/wp\/v2\/media\/11862"}],"wp:attachment":[{"href":"https:\/\/baralivres.ma\/index.php?rest_route=%2Fwp%2Fv2%2Fmedia&parent=11861"}],"wp:term":[{"taxonomy":"product_cat","embeddable":true,"href":"https:\/\/baralivres.ma\/index.php?rest_route=%2Fwp%2Fv2%2Fproduct_cat&post=11861"},{"taxonomy":"product_tag","embeddable":true,"href":"https:\/\/baralivres.ma\/index.php?rest_route=%2Fwp%2Fv2%2Fproduct_tag&post=11861"}],"curies":[{"name":"wp","href":"https:\/\/api.w.org\/{rel}","templated":true}]}}