{"id":11858,"date":"2023-09-02T11:35:29","date_gmt":"2023-09-02T10:35:29","guid":{"rendered":"https:\/\/baralivres.ma\/?post_type=product&#038;p=11858"},"modified":"2023-09-02T11:35:29","modified_gmt":"2023-09-02T10:35:29","slug":"pokemon-noir-et-blanc-tome-4","status":"publish","type":"product","link":"https:\/\/baralivres.ma\/?product=pokemon-noir-et-blanc-tome-4","title":{"rendered":"Pok\u00e9mon noir et blanc Tome 4"},"content":{"rendered":"<p>Noir a vaincu Inezia et se pr\u00e9pare \u00e0 O partir pour la prochaine Ar\u00e8ne, mais son voyage est rapidement interrompu par l&rsquo;\u00e9tat pr\u00e9occupant de Blanche. Apr\u00e8s une rencontre traumatisante avec N, elle d\u00e9cide de se remettre en question. Elle choisit de quitter Noir et monte dans le M\u00e9tro de Combat pour comprendre un peu mieux l&rsquo;instinct inn\u00e9 du combat en chaque Pok\u00e9mon&#8230;<\/p>\n","protected":false},"excerpt":{"rendered":"<p>Noir a vaincu Inezia et se pr\u00e9pare \u00e0 O partir pour la prochaine Ar\u00e8ne, mais son voyage est rapidement interrompu par l&rsquo;\u00e9tat pr\u00e9occupant de Blanche. Apr\u00e8s une rencontre traumatisante avec N, elle d\u00e9cide de se remettre en question. Elle choisit de quitter Noir et monte dans le M\u00e9tro de Combat pour comprendre un peu mieux l&rsquo;instinct inn\u00e9 du combat en chaque Pok\u00e9mon&#8230;<\/p>\n","protected":false},"featured_media":11859,"comment_status":"open","ping_status":"closed","template":"","meta":{"inline_featured_image":false},"product_cat":[203,204,205],"product_tag":[],"class_list":{"0":"post-11858","1":"product","2":"type-product","3":"status-publish","4":"has-post-thumbnail","6":"product_cat-adolescente","7":"product_cat-francais","8":"product_cat-enfant-adolescente-francais","10":"first","11":"instock","12":"shipping-taxable","13":"purchasable","14":"product-type-simple"},"_links":{"self":[{"href":"https:\/\/baralivres.ma\/index.php?rest_route=\/wp\/v2\/product\/11858","targetHints":{"allow":["GET"]}}],"collection":[{"href":"https:\/\/baralivres.ma\/index.php?rest_route=\/wp\/v2\/product"}],"about":[{"href":"https:\/\/baralivres.ma\/index.php?rest_route=\/wp\/v2\/types\/product"}],"replies":[{"embeddable":true,"href":"https:\/\/baralivres.ma\/index.php?rest_route=%2Fwp%2Fv2%2Fcomments&post=11858"}],"version-history":[{"count":1,"href":"https:\/\/baralivres.ma\/index.php?rest_route=\/wp\/v2\/product\/11858\/revisions"}],"predecessor-version":[{"id":11860,"href":"https:\/\/baralivres.ma\/index.php?rest_route=\/wp\/v2\/product\/11858\/revisions\/11860"}],"wp:featuredmedia":[{"embeddable":true,"href":"https:\/\/baralivres.ma\/index.php?rest_route=\/wp\/v2\/media\/11859"}],"wp:attachment":[{"href":"https:\/\/baralivres.ma\/index.php?rest_route=%2Fwp%2Fv2%2Fmedia&parent=11858"}],"wp:term":[{"taxonomy":"product_cat","embeddable":true,"href":"https:\/\/baralivres.ma\/index.php?rest_route=%2Fwp%2Fv2%2Fproduct_cat&post=11858"},{"taxonomy":"product_tag","embeddable":true,"href":"https:\/\/baralivres.ma\/index.php?rest_route=%2Fwp%2Fv2%2Fproduct_tag&post=11858"}],"curies":[{"name":"wp","href":"https:\/\/api.w.org\/{rel}","templated":true}]}}