{"id":11855,"date":"2023-09-02T11:34:00","date_gmt":"2023-09-02T10:34:00","guid":{"rendered":"https:\/\/baralivres.ma\/?post_type=product&#038;p=11855"},"modified":"2023-09-02T11:34:01","modified_gmt":"2023-09-02T10:34:01","slug":"pokemon-noir-et-blanc-tome-5","status":"publish","type":"product","link":"https:\/\/baralivres.ma\/?product=pokemon-noir-et-blanc-tome-5","title":{"rendered":"Pok\u00e9mon noir et blanc Tome 5"},"content":{"rendered":"<p>Alors que Noir se pr\u00e9pare \u00e0 affronter le sixi\u00e8me Champion d&rsquo;Ar\u00e8ne en la personne de Carolina, il d\u00e9couvre que tous les Champions se sont r\u00e9unis pour contrer la Team Plasma. Cette derni\u00e8re s&rsquo;appr\u00eate \u00e0 lancer une attaque chez Alo\u00e9 pour y r\u00e9cup\u00e9rer le myst\u00e9rieux Galet Noir qui renferme Zekrom !<\/p>\n","protected":false},"excerpt":{"rendered":"<p>Alors que Noir se pr\u00e9pare \u00e0 affronter le sixi\u00e8me Champion d&rsquo;Ar\u00e8ne en la personne de Carolina, il d\u00e9couvre que tous les Champions se sont r\u00e9unis pour contrer la Team Plasma. Cette derni\u00e8re s&rsquo;appr\u00eate \u00e0 lancer une attaque chez Alo\u00e9 pour y r\u00e9cup\u00e9rer le myst\u00e9rieux Galet Noir qui renferme Zekrom !<\/p>\n","protected":false},"featured_media":11856,"comment_status":"open","ping_status":"closed","template":"","meta":{"inline_featured_image":false},"product_cat":[203,204,205],"product_tag":[],"class_list":{"0":"post-11855","1":"product","2":"type-product","3":"status-publish","4":"has-post-thumbnail","6":"product_cat-adolescente","7":"product_cat-francais","8":"product_cat-enfant-adolescente-francais","10":"first","11":"instock","12":"shipping-taxable","13":"purchasable","14":"product-type-simple"},"_links":{"self":[{"href":"https:\/\/baralivres.ma\/index.php?rest_route=\/wp\/v2\/product\/11855","targetHints":{"allow":["GET"]}}],"collection":[{"href":"https:\/\/baralivres.ma\/index.php?rest_route=\/wp\/v2\/product"}],"about":[{"href":"https:\/\/baralivres.ma\/index.php?rest_route=\/wp\/v2\/types\/product"}],"replies":[{"embeddable":true,"href":"https:\/\/baralivres.ma\/index.php?rest_route=%2Fwp%2Fv2%2Fcomments&post=11855"}],"version-history":[{"count":1,"href":"https:\/\/baralivres.ma\/index.php?rest_route=\/wp\/v2\/product\/11855\/revisions"}],"predecessor-version":[{"id":11857,"href":"https:\/\/baralivres.ma\/index.php?rest_route=\/wp\/v2\/product\/11855\/revisions\/11857"}],"wp:featuredmedia":[{"embeddable":true,"href":"https:\/\/baralivres.ma\/index.php?rest_route=\/wp\/v2\/media\/11856"}],"wp:attachment":[{"href":"https:\/\/baralivres.ma\/index.php?rest_route=%2Fwp%2Fv2%2Fmedia&parent=11855"}],"wp:term":[{"taxonomy":"product_cat","embeddable":true,"href":"https:\/\/baralivres.ma\/index.php?rest_route=%2Fwp%2Fv2%2Fproduct_cat&post=11855"},{"taxonomy":"product_tag","embeddable":true,"href":"https:\/\/baralivres.ma\/index.php?rest_route=%2Fwp%2Fv2%2Fproduct_tag&post=11855"}],"curies":[{"name":"wp","href":"https:\/\/api.w.org\/{rel}","templated":true}]}}