{"id":11852,"date":"2023-09-02T11:32:36","date_gmt":"2023-09-02T10:32:36","guid":{"rendered":"https:\/\/baralivres.ma\/?post_type=product&#038;p=11852"},"modified":"2023-09-02T11:32:36","modified_gmt":"2023-09-02T10:32:36","slug":"pokemon-noir-et-blanc-tome-6","status":"publish","type":"product","link":"https:\/\/baralivres.ma\/?product=pokemon-noir-et-blanc-tome-6","title":{"rendered":"Pok\u00e9mon noir et blanc Tome 6"},"content":{"rendered":"<p><strong>Alors que la Team Plasma s&rsquo;est empar\u00e9e de Zekrom, Fulguri Bor\u00e9as et D\u00e9m\u00e9t\u00e9ros, tout espoir para\u00eet perdu. Pourtant, Zhu croit voir en Noir le salut, lui qui semble avoir \u00e9t\u00e9 choisi par Reshiram. De son cot\u00e9, Blanche et Bianca vont faire la connaissance de Meloetta, un myst\u00e9rieux pok\u00e9mon l\u00e9gendaire\u2026<\/strong><\/p>\n","protected":false},"excerpt":{"rendered":"<p>Alors que la Team Plasma s&rsquo;est empar\u00e9e de Zekrom, Fulguri Bor\u00e9as et D\u00e9m\u00e9t\u00e9ros, tout espoir para\u00eet perdu. Pourtant, Zhu croit voir en Noir le salut, lui qui semble avoir \u00e9t\u00e9 choisi par Reshiram. De son cot\u00e9, Blanche et Bianca vont faire la connaissance de Meloetta, un myst\u00e9rieux pok\u00e9mon l\u00e9gendaire\u2026<\/p>\n","protected":false},"featured_media":11853,"comment_status":"open","ping_status":"closed","template":"","meta":{"inline_featured_image":false},"product_cat":[203,204,205],"product_tag":[],"class_list":{"0":"post-11852","1":"product","2":"type-product","3":"status-publish","4":"has-post-thumbnail","6":"product_cat-adolescente","7":"product_cat-francais","8":"product_cat-enfant-adolescente-francais","10":"first","11":"instock","12":"shipping-taxable","13":"purchasable","14":"product-type-simple"},"_links":{"self":[{"href":"https:\/\/baralivres.ma\/index.php?rest_route=\/wp\/v2\/product\/11852","targetHints":{"allow":["GET"]}}],"collection":[{"href":"https:\/\/baralivres.ma\/index.php?rest_route=\/wp\/v2\/product"}],"about":[{"href":"https:\/\/baralivres.ma\/index.php?rest_route=\/wp\/v2\/types\/product"}],"replies":[{"embeddable":true,"href":"https:\/\/baralivres.ma\/index.php?rest_route=%2Fwp%2Fv2%2Fcomments&post=11852"}],"version-history":[{"count":1,"href":"https:\/\/baralivres.ma\/index.php?rest_route=\/wp\/v2\/product\/11852\/revisions"}],"predecessor-version":[{"id":11854,"href":"https:\/\/baralivres.ma\/index.php?rest_route=\/wp\/v2\/product\/11852\/revisions\/11854"}],"wp:featuredmedia":[{"embeddable":true,"href":"https:\/\/baralivres.ma\/index.php?rest_route=\/wp\/v2\/media\/11853"}],"wp:attachment":[{"href":"https:\/\/baralivres.ma\/index.php?rest_route=%2Fwp%2Fv2%2Fmedia&parent=11852"}],"wp:term":[{"taxonomy":"product_cat","embeddable":true,"href":"https:\/\/baralivres.ma\/index.php?rest_route=%2Fwp%2Fv2%2Fproduct_cat&post=11852"},{"taxonomy":"product_tag","embeddable":true,"href":"https:\/\/baralivres.ma\/index.php?rest_route=%2Fwp%2Fv2%2Fproduct_tag&post=11852"}],"curies":[{"name":"wp","href":"https:\/\/api.w.org\/{rel}","templated":true}]}}