{"id":11845,"date":"2023-09-02T11:28:57","date_gmt":"2023-09-02T10:28:57","guid":{"rendered":"https:\/\/baralivres.ma\/?post_type=product&#038;p=11845"},"modified":"2023-09-02T11:28:57","modified_gmt":"2023-09-02T10:28:57","slug":"ki-et-hi-tome-4","status":"publish","type":"product","link":"https:\/\/baralivres.ma\/?product=ki-et-hi-tome-4","title":{"rendered":"Ki et Hi Tome 4"},"content":{"rendered":"<p>Les Jeux Olympiques continuent ! Mais alors que Ki panique \u00e0 l&rsquo;id\u00e9e d&rsquo;affronter sa terrible m\u00e8re lors de l&rsquo;\u00e9preuve de natation et que Hi a toujours le coeur bris\u00e9 par Mei, d&rsquo;\u00e9tranges ph\u00e9nom\u00e8nes commencent \u00e0 se produire&#8230; Et si les deux fr\u00e8res se retrouvaient malgr\u00e9 eux au centre d&rsquo;un complot qui les d\u00e9passe ? Un complot qu&rsquo;ils ne pourront r\u00e9gler qu&rsquo;en partant explorer la derni\u00e8re \u00eele du Royaume Panda&#8230;<\/p>\n","protected":false},"excerpt":{"rendered":"<p>Les Jeux Olympiques continuent ! Mais alors que Ki panique \u00e0 l&rsquo;id\u00e9e d&rsquo;affronter sa terrible m\u00e8re lors de l&rsquo;\u00e9preuve de natation et que Hi a toujours le coeur bris\u00e9 par Mei, d&rsquo;\u00e9tranges ph\u00e9nom\u00e8nes commencent \u00e0 se produire&#8230; Et si les deux fr\u00e8res se retrouvaient malgr\u00e9 eux au centre d&rsquo;un complot qui les d\u00e9passe ? Un complot qu&rsquo;ils ne pourront r\u00e9gler qu&rsquo;en partant explorer la derni\u00e8re \u00eele du Royaume Panda&#8230;<\/p>\n","protected":false},"featured_media":11847,"comment_status":"open","ping_status":"closed","template":"","meta":{"inline_featured_image":false},"product_cat":[203,204,205],"product_tag":[],"class_list":{"0":"post-11845","1":"product","2":"type-product","3":"status-publish","4":"has-post-thumbnail","6":"product_cat-adolescente","7":"product_cat-francais","8":"product_cat-enfant-adolescente-francais","10":"first","11":"instock","12":"shipping-taxable","13":"purchasable","14":"product-type-simple"},"_links":{"self":[{"href":"https:\/\/baralivres.ma\/index.php?rest_route=\/wp\/v2\/product\/11845","targetHints":{"allow":["GET"]}}],"collection":[{"href":"https:\/\/baralivres.ma\/index.php?rest_route=\/wp\/v2\/product"}],"about":[{"href":"https:\/\/baralivres.ma\/index.php?rest_route=\/wp\/v2\/types\/product"}],"replies":[{"embeddable":true,"href":"https:\/\/baralivres.ma\/index.php?rest_route=%2Fwp%2Fv2%2Fcomments&post=11845"}],"version-history":[{"count":1,"href":"https:\/\/baralivres.ma\/index.php?rest_route=\/wp\/v2\/product\/11845\/revisions"}],"predecessor-version":[{"id":11848,"href":"https:\/\/baralivres.ma\/index.php?rest_route=\/wp\/v2\/product\/11845\/revisions\/11848"}],"wp:featuredmedia":[{"embeddable":true,"href":"https:\/\/baralivres.ma\/index.php?rest_route=\/wp\/v2\/media\/11847"}],"wp:attachment":[{"href":"https:\/\/baralivres.ma\/index.php?rest_route=%2Fwp%2Fv2%2Fmedia&parent=11845"}],"wp:term":[{"taxonomy":"product_cat","embeddable":true,"href":"https:\/\/baralivres.ma\/index.php?rest_route=%2Fwp%2Fv2%2Fproduct_cat&post=11845"},{"taxonomy":"product_tag","embeddable":true,"href":"https:\/\/baralivres.ma\/index.php?rest_route=%2Fwp%2Fv2%2Fproduct_tag&post=11845"}],"curies":[{"name":"wp","href":"https:\/\/api.w.org\/{rel}","templated":true}]}}