{"id":11842,"date":"2023-09-02T11:27:19","date_gmt":"2023-09-02T10:27:19","guid":{"rendered":"https:\/\/baralivres.ma\/?post_type=product&#038;p=11842"},"modified":"2023-09-02T11:27:20","modified_gmt":"2023-09-02T10:27:20","slug":"ki-et-hi-tome-3","status":"publish","type":"product","link":"https:\/\/baralivres.ma\/?product=ki-et-hi-tome-3","title":{"rendered":"Ki et Hi Tome 3"},"content":{"rendered":"<p>Apr\u00e8s le succ\u00e8s grandissant de Deux fr\u00e8res et Une famille de fous !, Kevin Tran et Fanny Antigny r\u00e9cidivent pour notre plus grand plaisir avec un tome 3 de Ki &amp; Hi sur le th\u00e8me des jeux Olympiques ! Ki &amp; Hi, les avatars de Kevin et son petit fr\u00e8re Henri, vont cette fois encore se retrouver dans des situations improbables et ubuesques en participant aux jeux Olympiques. Les chapitres se succ\u00e8dent au rythme des disciplines olympiques \u00e9t\u00e9 et hiver auxquelles nos deux protagonistes vont devoir se confronter malgr\u00e9 eux !<\/p>\n","protected":false},"excerpt":{"rendered":"<p>Apr\u00e8s le succ\u00e8s grandissant de Deux fr\u00e8res et Une famille de fous !, Kevin Tran et Fanny Antigny r\u00e9cidivent pour notre plus grand plaisir avec un tome 3 de Ki &amp; Hi sur le th\u00e8me des jeux Olympiques ! Ki &amp; Hi, les avatars de Kevin et son petit fr\u00e8re Henri, vont cette fois encore se retrouver dans des situations improbables et ubuesques en participant aux jeux Olympiques. Les chapitres se succ\u00e8dent au rythme des disciplines olympiques \u00e9t\u00e9 et hiver auxquelles nos deux protagonistes vont devoir se confronter malgr\u00e9 eux !<\/p>\n","protected":false},"featured_media":11843,"comment_status":"open","ping_status":"closed","template":"","meta":{"inline_featured_image":false},"product_cat":[203,204,205],"product_tag":[],"class_list":{"0":"post-11842","1":"product","2":"type-product","3":"status-publish","4":"has-post-thumbnail","6":"product_cat-adolescente","7":"product_cat-francais","8":"product_cat-enfant-adolescente-francais","10":"first","11":"instock","12":"shipping-taxable","13":"purchasable","14":"product-type-simple"},"_links":{"self":[{"href":"https:\/\/baralivres.ma\/index.php?rest_route=\/wp\/v2\/product\/11842","targetHints":{"allow":["GET"]}}],"collection":[{"href":"https:\/\/baralivres.ma\/index.php?rest_route=\/wp\/v2\/product"}],"about":[{"href":"https:\/\/baralivres.ma\/index.php?rest_route=\/wp\/v2\/types\/product"}],"replies":[{"embeddable":true,"href":"https:\/\/baralivres.ma\/index.php?rest_route=%2Fwp%2Fv2%2Fcomments&post=11842"}],"version-history":[{"count":1,"href":"https:\/\/baralivres.ma\/index.php?rest_route=\/wp\/v2\/product\/11842\/revisions"}],"predecessor-version":[{"id":11844,"href":"https:\/\/baralivres.ma\/index.php?rest_route=\/wp\/v2\/product\/11842\/revisions\/11844"}],"wp:featuredmedia":[{"embeddable":true,"href":"https:\/\/baralivres.ma\/index.php?rest_route=\/wp\/v2\/media\/11843"}],"wp:attachment":[{"href":"https:\/\/baralivres.ma\/index.php?rest_route=%2Fwp%2Fv2%2Fmedia&parent=11842"}],"wp:term":[{"taxonomy":"product_cat","embeddable":true,"href":"https:\/\/baralivres.ma\/index.php?rest_route=%2Fwp%2Fv2%2Fproduct_cat&post=11842"},{"taxonomy":"product_tag","embeddable":true,"href":"https:\/\/baralivres.ma\/index.php?rest_route=%2Fwp%2Fv2%2Fproduct_tag&post=11842"}],"curies":[{"name":"wp","href":"https:\/\/api.w.org\/{rel}","templated":true}]}}