{"id":11839,"date":"2023-09-02T11:25:49","date_gmt":"2023-09-02T10:25:49","guid":{"rendered":"https:\/\/baralivres.ma\/?post_type=product&#038;p=11839"},"modified":"2023-09-02T11:25:49","modified_gmt":"2023-09-02T10:25:49","slug":"ki-et-hi-tome-6","status":"publish","type":"product","link":"https:\/\/baralivres.ma\/?product=ki-et-hi-tome-6","title":{"rendered":"Ki et Hi Tome 6"},"content":{"rendered":"<p>Sans Ki, rien ne sera plus jamais comme avant&#8230; Le coup d&rsquo;Etat des Barkiens a parfaitement r\u00e9ussi, et le Royaume Panda semble d\u00e9finitivement perdu&#8230; \u00e0 moins qu&rsquo;un incroyable secret ne cause la chute de ces myst\u00e9rieux extraterrestres ? Pour retrouver leur libert\u00e9, les quatre villages devront s&rsquo;unir dans un ultime combat \u00e0 l&rsquo;issue plus qu&rsquo;incertaine. Nos h\u00e9ros parviendront-ils \u00e0 ramener la paix afin que les jeux Olympiques puissent reprendre ?<\/p>\n","protected":false},"excerpt":{"rendered":"<p>Sans Ki, rien ne sera plus jamais comme avant&#8230; Le coup d&rsquo;Etat des Barkiens a parfaitement r\u00e9ussi, et le Royaume Panda semble d\u00e9finitivement perdu&#8230; \u00e0 moins qu&rsquo;un incroyable secret ne cause la chute de ces myst\u00e9rieux extraterrestres ? Pour retrouver leur libert\u00e9, les quatre villages devront s&rsquo;unir dans un ultime combat \u00e0 l&rsquo;issue plus qu&rsquo;incertaine. Nos h\u00e9ros parviendront-ils \u00e0 ramener la paix afin que les jeux Olympiques puissent reprendre ?<\/p>\n","protected":false},"featured_media":11840,"comment_status":"open","ping_status":"closed","template":"","meta":{"inline_featured_image":false},"product_cat":[203,204,205],"product_tag":[],"class_list":{"0":"post-11839","1":"product","2":"type-product","3":"status-publish","4":"has-post-thumbnail","6":"product_cat-adolescente","7":"product_cat-francais","8":"product_cat-enfant-adolescente-francais","10":"first","11":"instock","12":"shipping-taxable","13":"purchasable","14":"product-type-simple"},"_links":{"self":[{"href":"https:\/\/baralivres.ma\/index.php?rest_route=\/wp\/v2\/product\/11839","targetHints":{"allow":["GET"]}}],"collection":[{"href":"https:\/\/baralivres.ma\/index.php?rest_route=\/wp\/v2\/product"}],"about":[{"href":"https:\/\/baralivres.ma\/index.php?rest_route=\/wp\/v2\/types\/product"}],"replies":[{"embeddable":true,"href":"https:\/\/baralivres.ma\/index.php?rest_route=%2Fwp%2Fv2%2Fcomments&post=11839"}],"version-history":[{"count":1,"href":"https:\/\/baralivres.ma\/index.php?rest_route=\/wp\/v2\/product\/11839\/revisions"}],"predecessor-version":[{"id":11841,"href":"https:\/\/baralivres.ma\/index.php?rest_route=\/wp\/v2\/product\/11839\/revisions\/11841"}],"wp:featuredmedia":[{"embeddable":true,"href":"https:\/\/baralivres.ma\/index.php?rest_route=\/wp\/v2\/media\/11840"}],"wp:attachment":[{"href":"https:\/\/baralivres.ma\/index.php?rest_route=%2Fwp%2Fv2%2Fmedia&parent=11839"}],"wp:term":[{"taxonomy":"product_cat","embeddable":true,"href":"https:\/\/baralivres.ma\/index.php?rest_route=%2Fwp%2Fv2%2Fproduct_cat&post=11839"},{"taxonomy":"product_tag","embeddable":true,"href":"https:\/\/baralivres.ma\/index.php?rest_route=%2Fwp%2Fv2%2Fproduct_tag&post=11839"}],"curies":[{"name":"wp","href":"https:\/\/api.w.org\/{rel}","templated":true}]}}