{"id":11836,"date":"2023-09-02T11:23:17","date_gmt":"2023-09-02T10:23:17","guid":{"rendered":"https:\/\/baralivres.ma\/?post_type=product&#038;p=11836"},"modified":"2023-09-02T11:23:19","modified_gmt":"2023-09-02T10:23:19","slug":"ki-et-hi-tome-2","status":"publish","type":"product","link":"https:\/\/baralivres.ma\/?product=ki-et-hi-tome-2","title":{"rendered":"Ki et Hi Tome 2"},"content":{"rendered":"<p>Alors que les deux fr\u00e8res pouvaient jusqu&rsquo;ici faire les quatre cents coups en totale libert\u00e9, la figure d&rsquo;autorit\u00e9 de la famille rentre \u00e0 la maison : Mi, la m\u00e8re de Ki et Hi ! Et l&rsquo;autorit\u00e9, elle y conna\u00eet quelque chose ! D\u00e9sormais, \u00e0 la moindre b\u00eatise, les enfants subissent ses ch\u00e2timents, tous plus inventifs et humiliants les uns que les autres. Voil\u00e0 qui devrait ramener un peu de calme et de paix au village&#8230;<br \/>\nA moins que la m\u00e8re des gar\u00e7ons ne soit encore plus dangereuse qu&rsquo;eux ?<\/p>\n","protected":false},"excerpt":{"rendered":"<p>Alors que les deux fr\u00e8res pouvaient jusqu&rsquo;ici faire les quatre cents coups en totale libert\u00e9, la figure d&rsquo;autorit\u00e9 de la famille rentre \u00e0 la maison : Mi, la m\u00e8re de Ki et Hi ! Et l&rsquo;autorit\u00e9, elle y conna\u00eet quelque chose ! D\u00e9sormais, \u00e0 la moindre b\u00eatise, les enfants subissent ses ch\u00e2timents, tous plus inventifs et humiliants les uns que les autres. Voil\u00e0 qui devrait ramener un peu de calme et de paix au village&#8230;<br \/>\nA moins que la m\u00e8re des gar\u00e7ons ne soit encore plus dangereuse qu&rsquo;eux ?<\/p>\n","protected":false},"featured_media":11837,"comment_status":"open","ping_status":"closed","template":"","meta":{"inline_featured_image":false},"product_cat":[203,204,205],"product_tag":[],"class_list":{"0":"post-11836","1":"product","2":"type-product","3":"status-publish","4":"has-post-thumbnail","6":"product_cat-adolescente","7":"product_cat-francais","8":"product_cat-enfant-adolescente-francais","10":"first","11":"instock","12":"shipping-taxable","13":"purchasable","14":"product-type-simple"},"_links":{"self":[{"href":"https:\/\/baralivres.ma\/index.php?rest_route=\/wp\/v2\/product\/11836","targetHints":{"allow":["GET"]}}],"collection":[{"href":"https:\/\/baralivres.ma\/index.php?rest_route=\/wp\/v2\/product"}],"about":[{"href":"https:\/\/baralivres.ma\/index.php?rest_route=\/wp\/v2\/types\/product"}],"replies":[{"embeddable":true,"href":"https:\/\/baralivres.ma\/index.php?rest_route=%2Fwp%2Fv2%2Fcomments&post=11836"}],"version-history":[{"count":1,"href":"https:\/\/baralivres.ma\/index.php?rest_route=\/wp\/v2\/product\/11836\/revisions"}],"predecessor-version":[{"id":11838,"href":"https:\/\/baralivres.ma\/index.php?rest_route=\/wp\/v2\/product\/11836\/revisions\/11838"}],"wp:featuredmedia":[{"embeddable":true,"href":"https:\/\/baralivres.ma\/index.php?rest_route=\/wp\/v2\/media\/11837"}],"wp:attachment":[{"href":"https:\/\/baralivres.ma\/index.php?rest_route=%2Fwp%2Fv2%2Fmedia&parent=11836"}],"wp:term":[{"taxonomy":"product_cat","embeddable":true,"href":"https:\/\/baralivres.ma\/index.php?rest_route=%2Fwp%2Fv2%2Fproduct_cat&post=11836"},{"taxonomy":"product_tag","embeddable":true,"href":"https:\/\/baralivres.ma\/index.php?rest_route=%2Fwp%2Fv2%2Fproduct_tag&post=11836"}],"curies":[{"name":"wp","href":"https:\/\/api.w.org\/{rel}","templated":true}]}}