{"id":11833,"date":"2023-09-02T11:21:04","date_gmt":"2023-09-02T10:21:04","guid":{"rendered":"https:\/\/baralivres.ma\/?post_type=product&#038;p=11833"},"modified":"2023-09-02T11:21:05","modified_gmt":"2023-09-02T10:21:05","slug":"ki-et-hi-tome-1","status":"publish","type":"product","link":"https:\/\/baralivres.ma\/?product=ki-et-hi-tome-1","title":{"rendered":"Ki et Hi Tome 1"},"content":{"rendered":"<p>Ki et Hi sont deux fr\u00e8res compl\u00e8tement barr\u00e9s qui font les quatre cents coups dans le plus petit village d&rsquo;un royaume en forme de panda. Le premier est grand, gros et adore martyriser le second, petit, maigrichon, mais pr\u00eat \u00e0 tout pour se venger de la mani\u00e8re la plus sournoise possible ! Qu&rsquo;il s&rsquo;agisse de d\u00e9valiser un restaurant de sushis \u00e0 volont\u00e9, de s&rsquo;affronter lors d&rsquo;un intense match de basket ou au contraire de s&rsquo;allier pour prot\u00e9ger le village, ce manga retrace, au travers de multiples histoires courtes, toutes les nuances qui existent dans une relation entre fr\u00e8res.<br \/>\nPremier manga sc\u00e9naris\u00e9 par Kevin Tran \u2013 Le Rire Jaune<\/p>\n","protected":false},"excerpt":{"rendered":"<p>Ki et Hi sont deux fr\u00e8res compl\u00e8tement barr\u00e9s qui font les quatre cents coups dans le plus petit village d&rsquo;un royaume en forme de panda. Le premier est grand, gros et adore martyriser le second, petit, maigrichon, mais pr\u00eat \u00e0 tout pour se venger de la mani\u00e8re la plus sournoise possible ! Qu&rsquo;il s&rsquo;agisse de d\u00e9valiser un restaurant de sushis \u00e0 volont\u00e9, de s&rsquo;affronter lors d&rsquo;un intense match de basket ou au contraire de s&rsquo;allier pour prot\u00e9ger le village, ce manga retrace, au travers de multiples histoires courtes, toutes les nuances qui existent dans une relation entre fr\u00e8res.<br \/>\nPremier manga sc\u00e9naris\u00e9 par Kevin Tran \u2013 Le Rire Jaune<\/p>\n","protected":false},"featured_media":11834,"comment_status":"open","ping_status":"closed","template":"","meta":{"inline_featured_image":false},"product_cat":[203,204,205],"product_tag":[],"class_list":{"0":"post-11833","1":"product","2":"type-product","3":"status-publish","4":"has-post-thumbnail","6":"product_cat-adolescente","7":"product_cat-francais","8":"product_cat-enfant-adolescente-francais","10":"first","11":"instock","12":"shipping-taxable","13":"purchasable","14":"product-type-simple"},"_links":{"self":[{"href":"https:\/\/baralivres.ma\/index.php?rest_route=\/wp\/v2\/product\/11833","targetHints":{"allow":["GET"]}}],"collection":[{"href":"https:\/\/baralivres.ma\/index.php?rest_route=\/wp\/v2\/product"}],"about":[{"href":"https:\/\/baralivres.ma\/index.php?rest_route=\/wp\/v2\/types\/product"}],"replies":[{"embeddable":true,"href":"https:\/\/baralivres.ma\/index.php?rest_route=%2Fwp%2Fv2%2Fcomments&post=11833"}],"version-history":[{"count":1,"href":"https:\/\/baralivres.ma\/index.php?rest_route=\/wp\/v2\/product\/11833\/revisions"}],"predecessor-version":[{"id":11835,"href":"https:\/\/baralivres.ma\/index.php?rest_route=\/wp\/v2\/product\/11833\/revisions\/11835"}],"wp:featuredmedia":[{"embeddable":true,"href":"https:\/\/baralivres.ma\/index.php?rest_route=\/wp\/v2\/media\/11834"}],"wp:attachment":[{"href":"https:\/\/baralivres.ma\/index.php?rest_route=%2Fwp%2Fv2%2Fmedia&parent=11833"}],"wp:term":[{"taxonomy":"product_cat","embeddable":true,"href":"https:\/\/baralivres.ma\/index.php?rest_route=%2Fwp%2Fv2%2Fproduct_cat&post=11833"},{"taxonomy":"product_tag","embeddable":true,"href":"https:\/\/baralivres.ma\/index.php?rest_route=%2Fwp%2Fv2%2Fproduct_tag&post=11833"}],"curies":[{"name":"wp","href":"https:\/\/api.w.org\/{rel}","templated":true}]}}