{"id":11821,"date":"2023-09-01T18:28:31","date_gmt":"2023-09-01T17:28:31","guid":{"rendered":"https:\/\/baralivres.ma\/?post_type=product&#038;p=11821"},"modified":"2024-11-06T23:11:22","modified_gmt":"2024-11-06T22:11:22","slug":"et-la-politesse-cornimon","status":"publish","type":"product","link":"https:\/\/baralivres.ma\/?product=et-la-politesse-cornimon","title":{"rendered":"Et la politesse, Cornimon ?"},"content":{"rendered":"<div class=\"fp-wide--block--header\">\n<h2 class=\"primary-title\"><\/h2>\n<\/div>\n<div class=\"content\">Cornimon Grabidon \u00e9tait d\u00e9cid\u00e9ment tr\u00e8s vex\u00e9 d&rsquo;\u00eatre tomb\u00e9 dans ce trou ! Heureusement pour lui, Anastasie Clafoutis passait par l\u00e0&#8230; Mais, choqu\u00e9e par l&rsquo;impolitesse du grand loup, la petite poule choisit de le faire patienter jusqu&rsquo;\u00e0 ce qu&rsquo;il connaisse tous les mots magiques&#8230;<\/div>\n","protected":false},"excerpt":{"rendered":"<div class=\"fp-wide--block--header\">\n<h2 class=\"primary-title\"><\/h2>\n<\/div>\n<div class=\"content\">Cornimon Grabidon \u00e9tait d\u00e9cid\u00e9ment tr\u00e8s vex\u00e9 d&rsquo;\u00eatre tomb\u00e9 dans ce trou ! Heureusement pour lui, Anastasie Clafoutis passait par l\u00e0&#8230; Mais, choqu\u00e9e par l&rsquo;impolitesse du grand loup, la petite poule choisit de le faire patienter jusqu&rsquo;\u00e0 ce qu&rsquo;il connaisse tous les mots magiques&#8230;<\/div>\n","protected":false},"featured_media":11822,"comment_status":"open","ping_status":"closed","template":"","meta":{"inline_featured_image":false},"product_cat":[3877,199],"product_tag":[],"class_list":{"0":"post-11821","1":"product","2":"type-product","3":"status-publish","4":"has-post-thumbnail","6":"product_cat-les-histoires-francais","7":"product_cat-histoires","9":"first","10":"instock","11":"shipping-taxable","12":"purchasable","13":"product-type-simple"},"_links":{"self":[{"href":"https:\/\/baralivres.ma\/index.php?rest_route=\/wp\/v2\/product\/11821","targetHints":{"allow":["GET"]}}],"collection":[{"href":"https:\/\/baralivres.ma\/index.php?rest_route=\/wp\/v2\/product"}],"about":[{"href":"https:\/\/baralivres.ma\/index.php?rest_route=\/wp\/v2\/types\/product"}],"replies":[{"embeddable":true,"href":"https:\/\/baralivres.ma\/index.php?rest_route=%2Fwp%2Fv2%2Fcomments&post=11821"}],"version-history":[{"count":1,"href":"https:\/\/baralivres.ma\/index.php?rest_route=\/wp\/v2\/product\/11821\/revisions"}],"predecessor-version":[{"id":11823,"href":"https:\/\/baralivres.ma\/index.php?rest_route=\/wp\/v2\/product\/11821\/revisions\/11823"}],"wp:featuredmedia":[{"embeddable":true,"href":"https:\/\/baralivres.ma\/index.php?rest_route=\/wp\/v2\/media\/11822"}],"wp:attachment":[{"href":"https:\/\/baralivres.ma\/index.php?rest_route=%2Fwp%2Fv2%2Fmedia&parent=11821"}],"wp:term":[{"taxonomy":"product_cat","embeddable":true,"href":"https:\/\/baralivres.ma\/index.php?rest_route=%2Fwp%2Fv2%2Fproduct_cat&post=11821"},{"taxonomy":"product_tag","embeddable":true,"href":"https:\/\/baralivres.ma\/index.php?rest_route=%2Fwp%2Fv2%2Fproduct_tag&post=11821"}],"curies":[{"name":"wp","href":"https:\/\/api.w.org\/{rel}","templated":true}]}}