{"id":11810,"date":"2023-09-01T18:22:47","date_gmt":"2023-09-01T17:22:47","guid":{"rendered":"https:\/\/baralivres.ma\/?post_type=product&#038;p=11810"},"modified":"2024-11-06T23:14:25","modified_gmt":"2024-11-06T22:14:25","slug":"les-enquetes-de-scot-lechat-5","status":"publish","type":"product","link":"https:\/\/baralivres.ma\/?product=les-enquetes-de-scot-lechat-5","title":{"rendered":"Les enqu\u00eates de Scot Lechat"},"content":{"rendered":"<p>Dans la tentaculaire m\u00e9gapole de Macadam City, l&rsquo;inspecteur Scot Lechat et son fid\u00e8le assistant le brigadier Pito vont-ils une fois de plus r\u00e9ussir \u00e0 percer le myst\u00e8re du hold-up du 36 janvier ? A partir de 7 ans.<\/p>\n","protected":false},"excerpt":{"rendered":"<p>Dans la tentaculaire m\u00e9gapole de Macadam City, l&rsquo;inspecteur Scot Lechat et son fid\u00e8le assistant le brigadier Pito vont-ils une fois de plus r\u00e9ussir \u00e0 percer le myst\u00e8re du hold-up du 36 janvier ? A partir de 7 ans.<\/p>\n","protected":false},"featured_media":11811,"comment_status":"open","ping_status":"closed","template":"","meta":{"inline_featured_image":false},"product_cat":[3877,199],"product_tag":[],"class_list":{"0":"post-11810","1":"product","2":"type-product","3":"status-publish","4":"has-post-thumbnail","6":"product_cat-les-histoires-francais","7":"product_cat-histoires","9":"first","10":"instock","11":"shipping-taxable","12":"purchasable","13":"product-type-simple"},"_links":{"self":[{"href":"https:\/\/baralivres.ma\/index.php?rest_route=\/wp\/v2\/product\/11810","targetHints":{"allow":["GET"]}}],"collection":[{"href":"https:\/\/baralivres.ma\/index.php?rest_route=\/wp\/v2\/product"}],"about":[{"href":"https:\/\/baralivres.ma\/index.php?rest_route=\/wp\/v2\/types\/product"}],"replies":[{"embeddable":true,"href":"https:\/\/baralivres.ma\/index.php?rest_route=%2Fwp%2Fv2%2Fcomments&post=11810"}],"version-history":[{"count":1,"href":"https:\/\/baralivres.ma\/index.php?rest_route=\/wp\/v2\/product\/11810\/revisions"}],"predecessor-version":[{"id":11812,"href":"https:\/\/baralivres.ma\/index.php?rest_route=\/wp\/v2\/product\/11810\/revisions\/11812"}],"wp:featuredmedia":[{"embeddable":true,"href":"https:\/\/baralivres.ma\/index.php?rest_route=\/wp\/v2\/media\/11811"}],"wp:attachment":[{"href":"https:\/\/baralivres.ma\/index.php?rest_route=%2Fwp%2Fv2%2Fmedia&parent=11810"}],"wp:term":[{"taxonomy":"product_cat","embeddable":true,"href":"https:\/\/baralivres.ma\/index.php?rest_route=%2Fwp%2Fv2%2Fproduct_cat&post=11810"},{"taxonomy":"product_tag","embeddable":true,"href":"https:\/\/baralivres.ma\/index.php?rest_route=%2Fwp%2Fv2%2Fproduct_tag&post=11810"}],"curies":[{"name":"wp","href":"https:\/\/api.w.org\/{rel}","templated":true}]}}