{"id":11807,"date":"2023-09-01T18:21:34","date_gmt":"2023-09-01T17:21:34","guid":{"rendered":"https:\/\/baralivres.ma\/?post_type=product&#038;p=11807"},"modified":"2024-11-06T23:15:34","modified_gmt":"2024-11-06T22:15:34","slug":"lhistoire-o-combien-abracadabrante-du-mariage-de-la-princesse-nougatine","status":"publish","type":"product","link":"https:\/\/baralivres.ma\/?product=lhistoire-o-combien-abracadabrante-du-mariage-de-la-princesse-nougatine","title":{"rendered":"L&rsquo;histoire \u00f4 combien abracadabrante du mariage de la princesse Nougatine"},"content":{"rendered":"<p>Nougatine, la fille trop g\u00e2t\u00e9e du roi Bouledegomme a jet\u00e9 son d\u00e9volu sur le riche banquier Radinus Grandet. Comment convaincre ce dernier d&rsquo;\u00e9pouser la princesse ? Un roi, des ministres, des ambitieux sans scrupules, des sujets qui ne s&rsquo;en laissent pas conter : tous les ingr\u00e9dients sont r\u00e9unis pour un voyage abracadabrant en compagnie du roi Bouledegomme 1er. Ce dernier se trouve confront\u00e9 \u00e0 une s\u00e9rie d&rsquo;aventures plus d\u00e9sopilantes les unes que les autres&#8230;<br \/>\ndes histoires qui ne manqueront pas d&rsquo;\u00e9voquer les id\u00e9es ou d\u00e9boires des grands de ce monde qui nous gouvernent. A partir de 7 ans.<\/p>\n","protected":false},"excerpt":{"rendered":"<p>Nougatine, la fille trop g\u00e2t\u00e9e du roi Bouledegomme a jet\u00e9 son d\u00e9volu sur le riche banquier Radinus Grandet. Comment convaincre ce dernier d&rsquo;\u00e9pouser la princesse ? Un roi, des ministres, des ambitieux sans scrupules, des sujets qui ne s&rsquo;en laissent pas conter : tous les ingr\u00e9dients sont r\u00e9unis pour un voyage abracadabrant en compagnie du roi Bouledegomme 1er. Ce dernier se trouve confront\u00e9 \u00e0 une s\u00e9rie d&rsquo;aventures plus d\u00e9sopilantes les unes que les autres&#8230;<br \/>\ndes histoires qui ne manqueront pas d&rsquo;\u00e9voquer les id\u00e9es ou d\u00e9boires des grands de ce monde qui nous gouvernent. A partir de 7 ans.<\/p>\n","protected":false},"featured_media":11808,"comment_status":"open","ping_status":"closed","template":"","meta":{"inline_featured_image":false},"product_cat":[3877,199],"product_tag":[],"class_list":{"0":"post-11807","1":"product","2":"type-product","3":"status-publish","4":"has-post-thumbnail","6":"product_cat-les-histoires-francais","7":"product_cat-histoires","9":"first","10":"instock","11":"shipping-taxable","12":"purchasable","13":"product-type-simple"},"_links":{"self":[{"href":"https:\/\/baralivres.ma\/index.php?rest_route=\/wp\/v2\/product\/11807","targetHints":{"allow":["GET"]}}],"collection":[{"href":"https:\/\/baralivres.ma\/index.php?rest_route=\/wp\/v2\/product"}],"about":[{"href":"https:\/\/baralivres.ma\/index.php?rest_route=\/wp\/v2\/types\/product"}],"replies":[{"embeddable":true,"href":"https:\/\/baralivres.ma\/index.php?rest_route=%2Fwp%2Fv2%2Fcomments&post=11807"}],"version-history":[{"count":1,"href":"https:\/\/baralivres.ma\/index.php?rest_route=\/wp\/v2\/product\/11807\/revisions"}],"predecessor-version":[{"id":11809,"href":"https:\/\/baralivres.ma\/index.php?rest_route=\/wp\/v2\/product\/11807\/revisions\/11809"}],"wp:featuredmedia":[{"embeddable":true,"href":"https:\/\/baralivres.ma\/index.php?rest_route=\/wp\/v2\/media\/11808"}],"wp:attachment":[{"href":"https:\/\/baralivres.ma\/index.php?rest_route=%2Fwp%2Fv2%2Fmedia&parent=11807"}],"wp:term":[{"taxonomy":"product_cat","embeddable":true,"href":"https:\/\/baralivres.ma\/index.php?rest_route=%2Fwp%2Fv2%2Fproduct_cat&post=11807"},{"taxonomy":"product_tag","embeddable":true,"href":"https:\/\/baralivres.ma\/index.php?rest_route=%2Fwp%2Fv2%2Fproduct_tag&post=11807"}],"curies":[{"name":"wp","href":"https:\/\/api.w.org\/{rel}","templated":true}]}}