{"id":11795,"date":"2023-09-01T18:15:38","date_gmt":"2023-09-01T17:15:38","guid":{"rendered":"https:\/\/baralivres.ma\/?post_type=product&#038;p=11795"},"modified":"2024-11-06T23:20:18","modified_gmt":"2024-11-06T22:20:18","slug":"lhistoire-o-combien-abracadabrante-du-grand-tournoi","status":"publish","type":"product","link":"https:\/\/baralivres.ma\/?product=lhistoire-o-combien-abracadabrante-du-grand-tournoi","title":{"rendered":"L&rsquo;histoire \u00f4 combien abracadabrante du grand tournoi"},"content":{"rendered":"<p>Le roi Bouledegomme d\u00e9cide de f\u00eater l&rsquo;arriv\u00e9e des beaux jours en organisant un grand tournoi. Que va-t-il se passer ? Un roi, des ministres, des ambitieux sans scrupules, des sujets qui ne s&rsquo;en laissent pas conter : tous les ingr\u00e9dients sont r\u00e9unis pour un voyage abracadabrant en compagnie du roi Bouledegomme 1er. Ce dernier se trouve confront\u00e9 \u00e0 une s\u00e9rie d&rsquo;aventures plus d\u00e9sopilantes les unes que les autres&#8230; des histoires qui ne manqueront pas d&rsquo;\u00e9voquer les id\u00e9es ou d\u00e9boires des grands de ce monde qui nous gouvernent.<\/p>\n","protected":false},"excerpt":{"rendered":"<p>Le roi Bouledegomme d\u00e9cide de f\u00eater l&rsquo;arriv\u00e9e des beaux jours en organisant un grand tournoi. Que va-t-il se passer ? Un roi, des ministres, des ambitieux sans scrupules, des sujets qui ne s&rsquo;en laissent pas conter : tous les ingr\u00e9dients sont r\u00e9unis pour un voyage abracadabrant en compagnie du roi Bouledegomme 1er. Ce dernier se trouve confront\u00e9 \u00e0 une s\u00e9rie d&rsquo;aventures plus d\u00e9sopilantes les unes que les autres&#8230; des histoires qui ne manqueront pas d&rsquo;\u00e9voquer les id\u00e9es ou d\u00e9boires des grands de ce monde qui nous gouvernent.<\/p>\n","protected":false},"featured_media":11796,"comment_status":"open","ping_status":"closed","template":"","meta":{"inline_featured_image":false},"product_cat":[3877,199],"product_tag":[],"class_list":{"0":"post-11795","1":"product","2":"type-product","3":"status-publish","4":"has-post-thumbnail","6":"product_cat-les-histoires-francais","7":"product_cat-histoires","9":"first","10":"instock","11":"shipping-taxable","12":"purchasable","13":"product-type-simple"},"_links":{"self":[{"href":"https:\/\/baralivres.ma\/index.php?rest_route=\/wp\/v2\/product\/11795","targetHints":{"allow":["GET"]}}],"collection":[{"href":"https:\/\/baralivres.ma\/index.php?rest_route=\/wp\/v2\/product"}],"about":[{"href":"https:\/\/baralivres.ma\/index.php?rest_route=\/wp\/v2\/types\/product"}],"replies":[{"embeddable":true,"href":"https:\/\/baralivres.ma\/index.php?rest_route=%2Fwp%2Fv2%2Fcomments&post=11795"}],"version-history":[{"count":1,"href":"https:\/\/baralivres.ma\/index.php?rest_route=\/wp\/v2\/product\/11795\/revisions"}],"predecessor-version":[{"id":11797,"href":"https:\/\/baralivres.ma\/index.php?rest_route=\/wp\/v2\/product\/11795\/revisions\/11797"}],"wp:featuredmedia":[{"embeddable":true,"href":"https:\/\/baralivres.ma\/index.php?rest_route=\/wp\/v2\/media\/11796"}],"wp:attachment":[{"href":"https:\/\/baralivres.ma\/index.php?rest_route=%2Fwp%2Fv2%2Fmedia&parent=11795"}],"wp:term":[{"taxonomy":"product_cat","embeddable":true,"href":"https:\/\/baralivres.ma\/index.php?rest_route=%2Fwp%2Fv2%2Fproduct_cat&post=11795"},{"taxonomy":"product_tag","embeddable":true,"href":"https:\/\/baralivres.ma\/index.php?rest_route=%2Fwp%2Fv2%2Fproduct_tag&post=11795"}],"curies":[{"name":"wp","href":"https:\/\/api.w.org\/{rel}","templated":true}]}}