{"id":11786,"date":"2023-09-01T18:08:51","date_gmt":"2023-09-01T17:08:51","guid":{"rendered":"https:\/\/baralivres.ma\/?post_type=product&#038;p=11786"},"modified":"2024-11-07T14:03:24","modified_gmt":"2024-11-07T13:03:24","slug":"lhistoire-o-combien-abracadabrante-du-joyeux-anniversaire","status":"publish","type":"product","link":"https:\/\/baralivres.ma\/?product=lhistoire-o-combien-abracadabrante-du-joyeux-anniversaire","title":{"rendered":"L&rsquo;histoire \u00f4 combien abracadabrante du joyeux anniversaire"},"content":{"rendered":"<p>Le roi Bouledegomme f\u00eate son anniversaire d&rsquo;une mani\u00e8re originale. Il ne veut pas de cadeaux pour lui-m\u00eame mais pour ceux qu&rsquo;il aime. Comment \u00eatre s\u00fbr d&rsquo;\u00e9crire une liste qui corresponde aux d\u00e9sirs de chacun ? Un roi, des ministres, des ambitieux sans scrupules, des sujets qui ne s&rsquo;en laissent pas conter : tous les ingr\u00e9dients sont r\u00e9unis pour un voyage abracadabrant en compagnie du roi Bouledegomme 1er.<br \/>\nCe dernier se trouve confront\u00e9 \u00e0 une s\u00e9rie d&rsquo;aventures plus d\u00e9sopilantes les unes que les autres&#8230; des histoires qui ne manqueront pas d&rsquo;\u00e9voquer les id\u00e9es ou d\u00e9boires des grands de ce monde qui nous gouvernent. A partir de 7 ans.<\/p>\n","protected":false},"excerpt":{"rendered":"<h5 class=\"product-title\">\u00a0des ambitieux sans scrupules, des sujets qui ne s&rsquo;en laissent pas conter : tous les ingr\u00e9dients sont r\u00e9unis pour un voyage abracadabrant en compagnie du roi Bouledegomme 1er.<br \/>\nCe dernier se trouve confront\u00e9 \u00e0 une s\u00e9rie d&rsquo;aventures plus d\u00e9sopilantes les unes que les autres&#8230; des histoires qui ne manqueront pas d&rsquo;\u00e9voquer les id\u00e9es ou d\u00e9boires des grands de ce monde qui nous gouvernent. A partir de 7 ans.<\/h5>\n","protected":false},"featured_media":11787,"comment_status":"open","ping_status":"closed","template":"","meta":{"inline_featured_image":false},"product_cat":[3877,199],"product_tag":[],"class_list":{"0":"post-11786","1":"product","2":"type-product","3":"status-publish","4":"has-post-thumbnail","6":"product_cat-les-histoires-francais","7":"product_cat-histoires","9":"first","10":"instock","11":"shipping-taxable","12":"purchasable","13":"product-type-simple"},"_links":{"self":[{"href":"https:\/\/baralivres.ma\/index.php?rest_route=\/wp\/v2\/product\/11786","targetHints":{"allow":["GET"]}}],"collection":[{"href":"https:\/\/baralivres.ma\/index.php?rest_route=\/wp\/v2\/product"}],"about":[{"href":"https:\/\/baralivres.ma\/index.php?rest_route=\/wp\/v2\/types\/product"}],"replies":[{"embeddable":true,"href":"https:\/\/baralivres.ma\/index.php?rest_route=%2Fwp%2Fv2%2Fcomments&post=11786"}],"version-history":[{"count":1,"href":"https:\/\/baralivres.ma\/index.php?rest_route=\/wp\/v2\/product\/11786\/revisions"}],"predecessor-version":[{"id":11788,"href":"https:\/\/baralivres.ma\/index.php?rest_route=\/wp\/v2\/product\/11786\/revisions\/11788"}],"wp:featuredmedia":[{"embeddable":true,"href":"https:\/\/baralivres.ma\/index.php?rest_route=\/wp\/v2\/media\/11787"}],"wp:attachment":[{"href":"https:\/\/baralivres.ma\/index.php?rest_route=%2Fwp%2Fv2%2Fmedia&parent=11786"}],"wp:term":[{"taxonomy":"product_cat","embeddable":true,"href":"https:\/\/baralivres.ma\/index.php?rest_route=%2Fwp%2Fv2%2Fproduct_cat&post=11786"},{"taxonomy":"product_tag","embeddable":true,"href":"https:\/\/baralivres.ma\/index.php?rest_route=%2Fwp%2Fv2%2Fproduct_tag&post=11786"}],"curies":[{"name":"wp","href":"https:\/\/api.w.org\/{rel}","templated":true}]}}