{"id":11774,"date":"2023-09-01T18:02:36","date_gmt":"2023-09-01T17:02:36","guid":{"rendered":"https:\/\/baralivres.ma\/?post_type=product&#038;p=11774"},"modified":"2024-11-07T14:06:04","modified_gmt":"2024-11-07T13:06:04","slug":"patou-le-chien-qui-ne-servait-a-rien","status":"publish","type":"product","link":"https:\/\/baralivres.ma\/?product=patou-le-chien-qui-ne-servait-a-rien","title":{"rendered":"Patou, le chien qui ne servait \u00e0 rien"},"content":{"rendered":"<p>Patou le brave parviendra-t-il \u00e0 convaincre ses ma\u00eetres de le garder malgr\u00e9 leurs probl\u00e8mes d&rsquo;argent ? Voici de vraies histoires de chiens, racont\u00e9es par des chiens qui aident leurs ma\u00eetres respectifs \u00e0 aimer ou du moins \u00e0 se r\u00e9concilier avec la vie. Depuis la jeune fille malade au petit d\u00e9linquant en passant par le ma\u00eetre qui conna\u00eet des probl\u00e8mes d&#8217;emploi, chacun agit avec son style, son temp\u00e9rament, ses maladresses, ses qualit\u00e9s&#8230;<br \/>\nUne le\u00e7on de vie pour les plus jeunes mais qui nous concerne tous. A partir de 8 ans.<\/p>\n","protected":false},"excerpt":{"rendered":"<p>Patou le brave parviendra-t-il \u00e0 convaincre ses ma\u00eetres de le garder malgr\u00e9 leurs probl\u00e8mes d&rsquo;argent ? Voici de vraies histoires de chiens, racont\u00e9es par des chiens qui aident leurs ma\u00eetres respectifs \u00e0 aimer ou du moins \u00e0 se r\u00e9concilier avec la vie. Depuis la jeune fille malade au petit d\u00e9linquant en passant par le ma\u00eetre qui conna\u00eet des probl\u00e8mes d&#8217;emploi, chacun agit avec son style, son temp\u00e9rament, ses maladresses, ses qualit\u00e9s&#8230;<br \/>\nUne le\u00e7on de vie pour les plus jeunes mais qui nous concerne tous. A partir de 8 ans.<\/p>\n","protected":false},"featured_media":11775,"comment_status":"open","ping_status":"closed","template":"","meta":{"inline_featured_image":false},"product_cat":[3877,199],"product_tag":[],"class_list":{"0":"post-11774","1":"product","2":"type-product","3":"status-publish","4":"has-post-thumbnail","6":"product_cat-les-histoires-francais","7":"product_cat-histoires","9":"first","10":"instock","11":"shipping-taxable","12":"purchasable","13":"product-type-simple"},"_links":{"self":[{"href":"https:\/\/baralivres.ma\/index.php?rest_route=\/wp\/v2\/product\/11774","targetHints":{"allow":["GET"]}}],"collection":[{"href":"https:\/\/baralivres.ma\/index.php?rest_route=\/wp\/v2\/product"}],"about":[{"href":"https:\/\/baralivres.ma\/index.php?rest_route=\/wp\/v2\/types\/product"}],"replies":[{"embeddable":true,"href":"https:\/\/baralivres.ma\/index.php?rest_route=%2Fwp%2Fv2%2Fcomments&post=11774"}],"version-history":[{"count":1,"href":"https:\/\/baralivres.ma\/index.php?rest_route=\/wp\/v2\/product\/11774\/revisions"}],"predecessor-version":[{"id":11776,"href":"https:\/\/baralivres.ma\/index.php?rest_route=\/wp\/v2\/product\/11774\/revisions\/11776"}],"wp:featuredmedia":[{"embeddable":true,"href":"https:\/\/baralivres.ma\/index.php?rest_route=\/wp\/v2\/media\/11775"}],"wp:attachment":[{"href":"https:\/\/baralivres.ma\/index.php?rest_route=%2Fwp%2Fv2%2Fmedia&parent=11774"}],"wp:term":[{"taxonomy":"product_cat","embeddable":true,"href":"https:\/\/baralivres.ma\/index.php?rest_route=%2Fwp%2Fv2%2Fproduct_cat&post=11774"},{"taxonomy":"product_tag","embeddable":true,"href":"https:\/\/baralivres.ma\/index.php?rest_route=%2Fwp%2Fv2%2Fproduct_tag&post=11774"}],"curies":[{"name":"wp","href":"https:\/\/api.w.org\/{rel}","templated":true}]}}