{"id":11768,"date":"2023-09-01T17:59:38","date_gmt":"2023-09-01T16:59:38","guid":{"rendered":"https:\/\/baralivres.ma\/?post_type=product&#038;p=11768"},"modified":"2024-11-07T14:07:21","modified_gmt":"2024-11-07T13:07:21","slug":"casimodo-le-chien-qui-etait-garanti-feroce-paperback","status":"publish","type":"product","link":"https:\/\/baralivres.ma\/?product=casimodo-le-chien-qui-etait-garanti-feroce-paperback","title":{"rendered":"Casimodo, le chien qui \u00e9tait garanti f\u00e9roce Paperback"},"content":{"rendered":"<p>Casimodo r\u00e9ussira-t-il \u00e0 remplir sa mission sans devenir le chien f\u00e9roce attendu par son dr\u00f4le de ma\u00eetre ? Voici de vraies histoires de chiens, racont\u00e9es par des chiens qui aident leurs ma\u00eetres respectifs \u00e0 aimer ou du moins \u00e0 se r\u00e9concilier avec la vie. Depuis la jeune fille malade au petit d\u00e9linquant en passant par le ma\u00eetre qui conna\u00eet des probl\u00e8mes d&#8217;emploi, chacun agit avec son style, son temp\u00e9rament, ses maladresses, ses qualit\u00e9s&#8230; Une le\u00e7on de vie pour les plus jeunes mais qui nous concerne tous.<\/p>\n","protected":false},"excerpt":{"rendered":"<p>Casimodo r\u00e9ussira-t-il \u00e0 remplir sa mission sans devenir le chien f\u00e9roce attendu par son dr\u00f4le de ma\u00eetre ? Voici de vraies histoires de chiens, racont\u00e9es par des chiens qui aident leurs ma\u00eetres respectifs \u00e0 aimer ou du moins \u00e0 se r\u00e9concilier avec la vie. Depuis la jeune fille malade au petit d\u00e9linquant en passant par le ma\u00eetre qui conna\u00eet des probl\u00e8mes d&#8217;emploi, chacun agit avec son style, son temp\u00e9rament, ses maladresses, ses qualit\u00e9s&#8230; Une le\u00e7on de vie pour les plus jeunes mais qui nous concerne tous.<\/p>\n","protected":false},"featured_media":11769,"comment_status":"open","ping_status":"closed","template":"","meta":{"inline_featured_image":false},"product_cat":[3877,199],"product_tag":[],"class_list":{"0":"post-11768","1":"product","2":"type-product","3":"status-publish","4":"has-post-thumbnail","6":"product_cat-les-histoires-francais","7":"product_cat-histoires","9":"first","10":"instock","11":"shipping-taxable","12":"purchasable","13":"product-type-simple"},"_links":{"self":[{"href":"https:\/\/baralivres.ma\/index.php?rest_route=\/wp\/v2\/product\/11768","targetHints":{"allow":["GET"]}}],"collection":[{"href":"https:\/\/baralivres.ma\/index.php?rest_route=\/wp\/v2\/product"}],"about":[{"href":"https:\/\/baralivres.ma\/index.php?rest_route=\/wp\/v2\/types\/product"}],"replies":[{"embeddable":true,"href":"https:\/\/baralivres.ma\/index.php?rest_route=%2Fwp%2Fv2%2Fcomments&post=11768"}],"version-history":[{"count":1,"href":"https:\/\/baralivres.ma\/index.php?rest_route=\/wp\/v2\/product\/11768\/revisions"}],"predecessor-version":[{"id":11770,"href":"https:\/\/baralivres.ma\/index.php?rest_route=\/wp\/v2\/product\/11768\/revisions\/11770"}],"wp:featuredmedia":[{"embeddable":true,"href":"https:\/\/baralivres.ma\/index.php?rest_route=\/wp\/v2\/media\/11769"}],"wp:attachment":[{"href":"https:\/\/baralivres.ma\/index.php?rest_route=%2Fwp%2Fv2%2Fmedia&parent=11768"}],"wp:term":[{"taxonomy":"product_cat","embeddable":true,"href":"https:\/\/baralivres.ma\/index.php?rest_route=%2Fwp%2Fv2%2Fproduct_cat&post=11768"},{"taxonomy":"product_tag","embeddable":true,"href":"https:\/\/baralivres.ma\/index.php?rest_route=%2Fwp%2Fv2%2Fproduct_tag&post=11768"}],"curies":[{"name":"wp","href":"https:\/\/api.w.org\/{rel}","templated":true}]}}