{"id":11765,"date":"2023-09-01T17:35:09","date_gmt":"2023-09-01T16:35:09","guid":{"rendered":"https:\/\/baralivres.ma\/?post_type=product&#038;p=11765"},"modified":"2024-11-18T14:31:21","modified_gmt":"2024-11-18T13:31:21","slug":"les-tigres-bleus-tome-1","status":"publish","type":"product","link":"https:\/\/baralivres.ma\/?product=les-tigres-bleus-tome-1","title":{"rendered":"Les Tigres bleus Tome 1"},"content":{"rendered":"<p><strong>An 1006 de l&rsquo;\u00e8re de Sable. Au royaume de Hudor, les lacs et les rivi\u00e8res n&rsquo;existent plus. Les cit\u00e9s se livrent des guerres impitoyables pour l&rsquo;acc\u00e8s \u00e0 l&rsquo;eau potable tandis que des hordes de brigands parcourent le territoire et s\u00e8ment la terreur. Cependant, une lueur d&rsquo;espoir anime les sages et les seigneurs de guerre. Selon la l\u00e9gende, des descendants des Tigres bleus vivraient parmi les peuples du continent.<br \/>\nIls attendraient le retour de la d\u00e9esse des eaux pour se manifester et renverser les forces du feu qui ravagent la Terre depuis le Grand R\u00e9chauffement. Dans un village au coeur du d\u00e9sert, des jumeaux, un fr\u00e8re et une soeur aux personnalit\u00e9s oppos\u00e9es, se pr\u00e9parent comme tous les jeunes gens du royaume \u00e0 participer au grand tournoi annuel des guerriers. Ils sont loin de se douter que leur vie est sur le point de basculer.<\/strong><\/p>\n","protected":false},"excerpt":{"rendered":"<p>Selon la l\u00e9gende, des descendants des Tigres bleus vivraient parmi les peuples du continent.<br \/>\nIls attendraient le retour de la d\u00e9esse des eaux pour se manifester et renverser les forces du feu qui ravagent la Terre depuis le Grand R\u00e9chauffement. Dans un village au coeur du d\u00e9sert, des jumeaux, un fr\u00e8re et une soeur aux personnalit\u00e9s oppos\u00e9es, se pr\u00e9parent comme tous les jeunes gens du royaume \u00e0 participer au grand tournoi annuel des guerriers. Ils sont loin de se douter que leur vie est sur le point de basculer.<\/p>\n","protected":false},"featured_media":11766,"comment_status":"open","ping_status":"closed","template":"","meta":{"inline_featured_image":false},"product_cat":[203,204],"product_tag":[],"class_list":{"0":"post-11765","1":"product","2":"type-product","3":"status-publish","4":"has-post-thumbnail","6":"product_cat-adolescente","7":"product_cat-francais","9":"first","10":"instock","11":"shipping-taxable","12":"purchasable","13":"product-type-simple"},"_links":{"self":[{"href":"https:\/\/baralivres.ma\/index.php?rest_route=\/wp\/v2\/product\/11765","targetHints":{"allow":["GET"]}}],"collection":[{"href":"https:\/\/baralivres.ma\/index.php?rest_route=\/wp\/v2\/product"}],"about":[{"href":"https:\/\/baralivres.ma\/index.php?rest_route=\/wp\/v2\/types\/product"}],"replies":[{"embeddable":true,"href":"https:\/\/baralivres.ma\/index.php?rest_route=%2Fwp%2Fv2%2Fcomments&post=11765"}],"version-history":[{"count":1,"href":"https:\/\/baralivres.ma\/index.php?rest_route=\/wp\/v2\/product\/11765\/revisions"}],"predecessor-version":[{"id":11767,"href":"https:\/\/baralivres.ma\/index.php?rest_route=\/wp\/v2\/product\/11765\/revisions\/11767"}],"wp:featuredmedia":[{"embeddable":true,"href":"https:\/\/baralivres.ma\/index.php?rest_route=\/wp\/v2\/media\/11766"}],"wp:attachment":[{"href":"https:\/\/baralivres.ma\/index.php?rest_route=%2Fwp%2Fv2%2Fmedia&parent=11765"}],"wp:term":[{"taxonomy":"product_cat","embeddable":true,"href":"https:\/\/baralivres.ma\/index.php?rest_route=%2Fwp%2Fv2%2Fproduct_cat&post=11765"},{"taxonomy":"product_tag","embeddable":true,"href":"https:\/\/baralivres.ma\/index.php?rest_route=%2Fwp%2Fv2%2Fproduct_tag&post=11765"}],"curies":[{"name":"wp","href":"https:\/\/api.w.org\/{rel}","templated":true}]}}