{"id":11762,"date":"2023-09-01T17:33:09","date_gmt":"2023-09-01T16:33:09","guid":{"rendered":"https:\/\/baralivres.ma\/?post_type=product&#038;p=11762"},"modified":"2024-11-07T14:09:00","modified_gmt":"2024-11-07T13:09:00","slug":"lincroyable-histoire-de-benoit-olivier-tome-6","status":"publish","type":"product","link":"https:\/\/baralivres.ma\/?product=lincroyable-histoire-de-benoit-olivier-tome-6","title":{"rendered":"L&rsquo;incroyable histoire de Benoit-Olivier Tome 6"},"content":{"rendered":"<p>Pour des milliers d&rsquo;\u00e9coliers, l&rsquo;arriv\u00e9e au secondaire est une \u00e9tape excitante. Pas pour Bine. Suite \u00e0 l&rsquo;op\u00e9ration Ping Pow Chow, Kevin et Luc, deux machines \u00e0 tuer, se sont mis dans la t\u00eate de rendre la vie de Bine la plus mis\u00e9rable possible et ils y parviennent \u00e0 merveille. Et comme si \u00e7a ne pouvait pas aller plus mal, voil\u00e0 que Bine re\u00e7oit des lettres d&rsquo;amour secr\u00e8tes d&rsquo;une certaine Lily. Cette fille jolie est si douce et intrigante que Bine en vient \u00e0 douter de son amour pour Maxim&#8230;<\/p>\n","protected":false},"excerpt":{"rendered":"<p>Pour des milliers d&rsquo;\u00e9coliers, l&rsquo;arriv\u00e9e au secondaire est une \u00e9tape excitante. Pas pour Bine. Suite \u00e0 l&rsquo;op\u00e9ration Ping Pow Chow, Kevin et Luc, deux machines \u00e0 tuer, se sont mis dans la t\u00eate de rendre la vie de Bine la plus mis\u00e9rable possible et ils y parviennent \u00e0 merveille. Et comme si \u00e7a ne pouvait pas aller plus mal, voil\u00e0 que Bine re\u00e7oit des lettres d&rsquo;amour secr\u00e8tes d&rsquo;une certaine Lily. Cette fille jolie est si douce et intrigante que Bine en vient \u00e0 douter de son amour pour Maxim&#8230;<\/p>\n","protected":false},"featured_media":11763,"comment_status":"open","ping_status":"closed","template":"","meta":{"inline_featured_image":false},"product_cat":[3877,199],"product_tag":[],"class_list":{"0":"post-11762","1":"product","2":"type-product","3":"status-publish","4":"has-post-thumbnail","6":"product_cat-les-histoires-francais","7":"product_cat-histoires","9":"first","10":"instock","11":"shipping-taxable","12":"purchasable","13":"product-type-simple"},"_links":{"self":[{"href":"https:\/\/baralivres.ma\/index.php?rest_route=\/wp\/v2\/product\/11762","targetHints":{"allow":["GET"]}}],"collection":[{"href":"https:\/\/baralivres.ma\/index.php?rest_route=\/wp\/v2\/product"}],"about":[{"href":"https:\/\/baralivres.ma\/index.php?rest_route=\/wp\/v2\/types\/product"}],"replies":[{"embeddable":true,"href":"https:\/\/baralivres.ma\/index.php?rest_route=%2Fwp%2Fv2%2Fcomments&post=11762"}],"version-history":[{"count":1,"href":"https:\/\/baralivres.ma\/index.php?rest_route=\/wp\/v2\/product\/11762\/revisions"}],"predecessor-version":[{"id":11764,"href":"https:\/\/baralivres.ma\/index.php?rest_route=\/wp\/v2\/product\/11762\/revisions\/11764"}],"wp:featuredmedia":[{"embeddable":true,"href":"https:\/\/baralivres.ma\/index.php?rest_route=\/wp\/v2\/media\/11763"}],"wp:attachment":[{"href":"https:\/\/baralivres.ma\/index.php?rest_route=%2Fwp%2Fv2%2Fmedia&parent=11762"}],"wp:term":[{"taxonomy":"product_cat","embeddable":true,"href":"https:\/\/baralivres.ma\/index.php?rest_route=%2Fwp%2Fv2%2Fproduct_cat&post=11762"},{"taxonomy":"product_tag","embeddable":true,"href":"https:\/\/baralivres.ma\/index.php?rest_route=%2Fwp%2Fv2%2Fproduct_tag&post=11762"}],"curies":[{"name":"wp","href":"https:\/\/api.w.org\/{rel}","templated":true}]}}