{"id":11759,"date":"2023-09-01T17:30:51","date_gmt":"2023-09-01T16:30:51","guid":{"rendered":"https:\/\/baralivres.ma\/?post_type=product&#038;p=11759"},"modified":"2024-11-07T14:09:30","modified_gmt":"2024-11-07T13:09:30","slug":"lincroyable-histoire-de-benoit-olivier-tome-5","status":"publish","type":"product","link":"https:\/\/baralivres.ma\/?product=lincroyable-histoire-de-benoit-olivier-tome-5","title":{"rendered":"L&rsquo;incroyable histoire de Benoit-Olivier Tome 5"},"content":{"rendered":"<p>D&rsquo;abord le soutien-gorge de la m\u00e8re de Bine qui dispara\u00eet. Ensuite, le v\u00e9lo de Tristan. Il se passe de dr\u00f4les de choses dans le quartier. Tous les soup\u00e7ons se tournent vers les nouveaux voisins louches. Voil\u00e0 donc que Maxim, Tristan et Benoit-Olivier se donnent pour mission de coincer les coupables. Une enqu\u00eate complexe, mais surtout tr\u00e8s folle, qui va les conduire l\u00e0 o\u00f9 ils ne s&rsquo;y attendent pas.<\/p>\n","protected":false},"excerpt":{"rendered":"<p>D&rsquo;abord le soutien-gorge de la m\u00e8re de Bine qui dispara\u00eet. Ensuite, le v\u00e9lo de Tristan. Il se passe de dr\u00f4les de choses dans le quartier. Tous les soup\u00e7ons se tournent vers les nouveaux voisins louches. Voil\u00e0 donc que Maxim, Tristan et Benoit-Olivier se donnent pour mission de coincer les coupables. Une enqu\u00eate complexe, mais surtout tr\u00e8s folle, qui va les conduire l\u00e0 o\u00f9 ils ne s&rsquo;y attendent pas.<\/p>\n","protected":false},"featured_media":11760,"comment_status":"open","ping_status":"closed","template":"","meta":{"inline_featured_image":false},"product_cat":[3877,199],"product_tag":[],"class_list":{"0":"post-11759","1":"product","2":"type-product","3":"status-publish","4":"has-post-thumbnail","6":"product_cat-les-histoires-francais","7":"product_cat-histoires","9":"first","10":"instock","11":"shipping-taxable","12":"purchasable","13":"product-type-simple"},"_links":{"self":[{"href":"https:\/\/baralivres.ma\/index.php?rest_route=\/wp\/v2\/product\/11759","targetHints":{"allow":["GET"]}}],"collection":[{"href":"https:\/\/baralivres.ma\/index.php?rest_route=\/wp\/v2\/product"}],"about":[{"href":"https:\/\/baralivres.ma\/index.php?rest_route=\/wp\/v2\/types\/product"}],"replies":[{"embeddable":true,"href":"https:\/\/baralivres.ma\/index.php?rest_route=%2Fwp%2Fv2%2Fcomments&post=11759"}],"version-history":[{"count":1,"href":"https:\/\/baralivres.ma\/index.php?rest_route=\/wp\/v2\/product\/11759\/revisions"}],"predecessor-version":[{"id":11761,"href":"https:\/\/baralivres.ma\/index.php?rest_route=\/wp\/v2\/product\/11759\/revisions\/11761"}],"wp:featuredmedia":[{"embeddable":true,"href":"https:\/\/baralivres.ma\/index.php?rest_route=\/wp\/v2\/media\/11760"}],"wp:attachment":[{"href":"https:\/\/baralivres.ma\/index.php?rest_route=%2Fwp%2Fv2%2Fmedia&parent=11759"}],"wp:term":[{"taxonomy":"product_cat","embeddable":true,"href":"https:\/\/baralivres.ma\/index.php?rest_route=%2Fwp%2Fv2%2Fproduct_cat&post=11759"},{"taxonomy":"product_tag","embeddable":true,"href":"https:\/\/baralivres.ma\/index.php?rest_route=%2Fwp%2Fv2%2Fproduct_tag&post=11759"}],"curies":[{"name":"wp","href":"https:\/\/api.w.org\/{rel}","templated":true}]}}