{"id":11756,"date":"2023-09-01T17:29:18","date_gmt":"2023-09-01T16:29:18","guid":{"rendered":"https:\/\/baralivres.ma\/?post_type=product&#038;p=11756"},"modified":"2024-11-07T14:09:59","modified_gmt":"2024-11-07T13:09:59","slug":"lincroyable-histoire-de-benoit-olivier-tome-4","status":"publish","type":"product","link":"https:\/\/baralivres.ma\/?product=lincroyable-histoire-de-benoit-olivier-tome-4","title":{"rendered":"L&rsquo;incroyable histoire de Benoit-Olivier Tome 4"},"content":{"rendered":"<p>L&rsquo;\u00e9cole est termin\u00e9e, l&rsquo;\u00e9t\u00e9 est enfin arriv\u00e9, plus de madame B\u00e9liveau ! Les parents de Benoit-Olivier, de Maxim et de Tristan ont eu l&rsquo;id\u00e9e du si\u00e8cle pour ne pas les avoir dans les pattes : ils les ont inscrits \u00e0 un camp de vacances ax\u00e9 sur la survie en for\u00eat. Alors qu&rsquo;ils ne se sont m\u00eame pas encore remis de leurs m\u00e9saventures \u00e0 Ottawa, voil\u00e0 qu&rsquo;un nouveau danger encore plus grand guette nos amis : la nature !<\/p>\n","protected":false},"excerpt":{"rendered":"<p>L&rsquo;\u00e9cole est termin\u00e9e, l&rsquo;\u00e9t\u00e9 est enfin arriv\u00e9, plus de madame B\u00e9liveau ! Les parents de Benoit-Olivier, de Maxim et de Tristan ont eu l&rsquo;id\u00e9e du si\u00e8cle pour ne pas les avoir dans les pattes : ils les ont inscrits \u00e0 un camp de vacances ax\u00e9 sur la survie en for\u00eat. Alors qu&rsquo;ils ne se sont m\u00eame pas encore remis de leurs m\u00e9saventures \u00e0 Ottawa, voil\u00e0 qu&rsquo;un nouveau danger encore plus grand guette nos amis : la nature !<\/p>\n","protected":false},"featured_media":11757,"comment_status":"open","ping_status":"closed","template":"","meta":{"inline_featured_image":false},"product_cat":[3877,199],"product_tag":[],"class_list":{"0":"post-11756","1":"product","2":"type-product","3":"status-publish","4":"has-post-thumbnail","6":"product_cat-les-histoires-francais","7":"product_cat-histoires","9":"first","10":"instock","11":"shipping-taxable","12":"purchasable","13":"product-type-simple"},"_links":{"self":[{"href":"https:\/\/baralivres.ma\/index.php?rest_route=\/wp\/v2\/product\/11756","targetHints":{"allow":["GET"]}}],"collection":[{"href":"https:\/\/baralivres.ma\/index.php?rest_route=\/wp\/v2\/product"}],"about":[{"href":"https:\/\/baralivres.ma\/index.php?rest_route=\/wp\/v2\/types\/product"}],"replies":[{"embeddable":true,"href":"https:\/\/baralivres.ma\/index.php?rest_route=%2Fwp%2Fv2%2Fcomments&post=11756"}],"version-history":[{"count":1,"href":"https:\/\/baralivres.ma\/index.php?rest_route=\/wp\/v2\/product\/11756\/revisions"}],"predecessor-version":[{"id":11758,"href":"https:\/\/baralivres.ma\/index.php?rest_route=\/wp\/v2\/product\/11756\/revisions\/11758"}],"wp:featuredmedia":[{"embeddable":true,"href":"https:\/\/baralivres.ma\/index.php?rest_route=\/wp\/v2\/media\/11757"}],"wp:attachment":[{"href":"https:\/\/baralivres.ma\/index.php?rest_route=%2Fwp%2Fv2%2Fmedia&parent=11756"}],"wp:term":[{"taxonomy":"product_cat","embeddable":true,"href":"https:\/\/baralivres.ma\/index.php?rest_route=%2Fwp%2Fv2%2Fproduct_cat&post=11756"},{"taxonomy":"product_tag","embeddable":true,"href":"https:\/\/baralivres.ma\/index.php?rest_route=%2Fwp%2Fv2%2Fproduct_tag&post=11756"}],"curies":[{"name":"wp","href":"https:\/\/api.w.org\/{rel}","templated":true}]}}