{"id":11753,"date":"2023-09-01T17:27:01","date_gmt":"2023-09-01T16:27:01","guid":{"rendered":"https:\/\/baralivres.ma\/?post_type=product&#038;p=11753"},"modified":"2024-11-07T14:10:31","modified_gmt":"2024-11-07T13:10:31","slug":"lincroyable-histoire-de-benoit-olivier-tome-2","status":"publish","type":"product","link":"https:\/\/baralivres.ma\/?product=lincroyable-histoire-de-benoit-olivier-tome-2","title":{"rendered":"L&rsquo;incroyable histoire de Benoit-Olivier Tome 2"},"content":{"rendered":"<p>Apr\u00e8s des mois de conflits, les parents de Beno\u00eet-Olivier ont d\u00e9cid\u00e9 de divorcer. Ils l&rsquo;envoient vivre contre son gr\u00e9 chez ses grands-parents. Pour mettre un peu de joie dans sa vie, il concocte un plan g\u00e9nial avec Maxim afin de passer une nuit \u00e0 l&rsquo;\u00e9cole et faire dispara\u00eetre le satan\u00e9 recueil de dict\u00e9es de madame B\u00e9liveau. Pour y arriver, ils doivent inclure dans l&rsquo;\u00e9quation la personne qui a le plus de chances de faire foirer le plan.<\/p>\n","protected":false},"excerpt":{"rendered":"<p>Apr\u00e8s des mois de conflits, les parents de Beno\u00eet-Olivier ont d\u00e9cid\u00e9 de divorcer. Ils l&rsquo;envoient vivre contre son gr\u00e9 chez ses grands-parents. Pour mettre un peu de joie dans sa vie, il concocte un plan g\u00e9nial avec Maxim afin de passer une nuit \u00e0 l&rsquo;\u00e9cole et faire dispara\u00eetre le satan\u00e9 recueil de dict\u00e9es de madame B\u00e9liveau. Pour y arriver, ils doivent inclure dans l&rsquo;\u00e9quation la personne qui a le plus de chances de faire foirer le plan.<\/p>\n","protected":false},"featured_media":11754,"comment_status":"open","ping_status":"closed","template":"","meta":{"inline_featured_image":false},"product_cat":[3877,199],"product_tag":[],"class_list":{"0":"post-11753","1":"product","2":"type-product","3":"status-publish","4":"has-post-thumbnail","6":"product_cat-les-histoires-francais","7":"product_cat-histoires","9":"first","10":"instock","11":"shipping-taxable","12":"purchasable","13":"product-type-simple"},"_links":{"self":[{"href":"https:\/\/baralivres.ma\/index.php?rest_route=\/wp\/v2\/product\/11753","targetHints":{"allow":["GET"]}}],"collection":[{"href":"https:\/\/baralivres.ma\/index.php?rest_route=\/wp\/v2\/product"}],"about":[{"href":"https:\/\/baralivres.ma\/index.php?rest_route=\/wp\/v2\/types\/product"}],"replies":[{"embeddable":true,"href":"https:\/\/baralivres.ma\/index.php?rest_route=%2Fwp%2Fv2%2Fcomments&post=11753"}],"version-history":[{"count":1,"href":"https:\/\/baralivres.ma\/index.php?rest_route=\/wp\/v2\/product\/11753\/revisions"}],"predecessor-version":[{"id":11755,"href":"https:\/\/baralivres.ma\/index.php?rest_route=\/wp\/v2\/product\/11753\/revisions\/11755"}],"wp:featuredmedia":[{"embeddable":true,"href":"https:\/\/baralivres.ma\/index.php?rest_route=\/wp\/v2\/media\/11754"}],"wp:attachment":[{"href":"https:\/\/baralivres.ma\/index.php?rest_route=%2Fwp%2Fv2%2Fmedia&parent=11753"}],"wp:term":[{"taxonomy":"product_cat","embeddable":true,"href":"https:\/\/baralivres.ma\/index.php?rest_route=%2Fwp%2Fv2%2Fproduct_cat&post=11753"},{"taxonomy":"product_tag","embeddable":true,"href":"https:\/\/baralivres.ma\/index.php?rest_route=%2Fwp%2Fv2%2Fproduct_tag&post=11753"}],"curies":[{"name":"wp","href":"https:\/\/api.w.org\/{rel}","templated":true}]}}