{"id":11751,"date":"2023-09-01T17:25:08","date_gmt":"2023-09-01T16:25:08","guid":{"rendered":"https:\/\/baralivres.ma\/?post_type=product&#038;p=11751"},"modified":"2024-11-06T23:27:43","modified_gmt":"2024-11-06T22:27:43","slug":"bine-tome-1-petite-format","status":"publish","type":"product","link":"https:\/\/baralivres.ma\/?product=bine-tome-1-petite-format","title":{"rendered":"Bine Tome 1 petite format"},"content":{"rendered":"<p>Benoit-Olivier, 13 ans, est le prince incontest\u00e9 de la blague et des concours de rots dans son \u00e9cole, m\u00eame si son surnom n&rsquo;a rien de tr\u00e8s royal (tout le monde l&rsquo;appelle Bine). Avec un humour grin\u00e7ant et une bonne dose d&rsquo;autod\u00e9rision, il raconte son incroyable histoire : des parents \u00e0 mourir d&rsquo;ennui, une prof tyrannique, et surtout Maxim, sa meilleure amie, qui n&rsquo;a pas l&rsquo;air de se rendre compte que Bine aimerait bien qu&rsquo;ils soient plus qu&rsquo;amis.<\/p>\n","protected":false},"excerpt":{"rendered":"<p>Benoit-Olivier, 13 ans, est le prince incontest\u00e9 de la blague et des concours de rots dans son \u00e9cole, m\u00eame si son surnom n&rsquo;a rien de tr\u00e8s royal (tout le monde l&rsquo;appelle Bine). Avec un humour grin\u00e7ant et une bonne dose d&rsquo;autod\u00e9rision, il raconte son incroyable histoire : des parents \u00e0 mourir d&rsquo;ennui, une prof tyrannique, et surtout Maxim, sa meilleure amie, qui n&rsquo;a pas l&rsquo;air de se rendre compte que Bine aimerait bien qu&rsquo;ils soient plus qu&rsquo;amis.<\/p>\n","protected":false},"featured_media":11749,"comment_status":"open","ping_status":"closed","template":"","meta":{"inline_featured_image":false},"product_cat":[3877,199],"product_tag":[],"class_list":{"0":"post-11751","1":"product","2":"type-product","3":"status-publish","4":"has-post-thumbnail","6":"product_cat-les-histoires-francais","7":"product_cat-histoires","9":"first","10":"instock","11":"shipping-taxable","12":"purchasable","13":"product-type-simple"},"_links":{"self":[{"href":"https:\/\/baralivres.ma\/index.php?rest_route=\/wp\/v2\/product\/11751","targetHints":{"allow":["GET"]}}],"collection":[{"href":"https:\/\/baralivres.ma\/index.php?rest_route=\/wp\/v2\/product"}],"about":[{"href":"https:\/\/baralivres.ma\/index.php?rest_route=\/wp\/v2\/types\/product"}],"replies":[{"embeddable":true,"href":"https:\/\/baralivres.ma\/index.php?rest_route=%2Fwp%2Fv2%2Fcomments&post=11751"}],"version-history":[{"count":1,"href":"https:\/\/baralivres.ma\/index.php?rest_route=\/wp\/v2\/product\/11751\/revisions"}],"predecessor-version":[{"id":11752,"href":"https:\/\/baralivres.ma\/index.php?rest_route=\/wp\/v2\/product\/11751\/revisions\/11752"}],"wp:featuredmedia":[{"embeddable":true,"href":"https:\/\/baralivres.ma\/index.php?rest_route=\/wp\/v2\/media\/11749"}],"wp:attachment":[{"href":"https:\/\/baralivres.ma\/index.php?rest_route=%2Fwp%2Fv2%2Fmedia&parent=11751"}],"wp:term":[{"taxonomy":"product_cat","embeddable":true,"href":"https:\/\/baralivres.ma\/index.php?rest_route=%2Fwp%2Fv2%2Fproduct_cat&post=11751"},{"taxonomy":"product_tag","embeddable":true,"href":"https:\/\/baralivres.ma\/index.php?rest_route=%2Fwp%2Fv2%2Fproduct_tag&post=11751"}],"curies":[{"name":"wp","href":"https:\/\/api.w.org\/{rel}","templated":true}]}}