{"id":11745,"date":"2023-09-01T17:21:45","date_gmt":"2023-09-01T16:21:45","guid":{"rendered":"https:\/\/baralivres.ma\/?post_type=product&#038;p=11745"},"modified":"2024-11-06T23:29:03","modified_gmt":"2024-11-06T22:29:03","slug":"un-elephant-pour-le-the-linda-groeneveld","status":"publish","type":"product","link":"https:\/\/baralivres.ma\/?product=un-elephant-pour-le-the-linda-groeneveld","title":{"rendered":"Un \u00e9l\u00e9phant pour le th\u00e9 Linda Groeneveld"},"content":{"rendered":"<p>La princesse voudrait un chien, car son p\u00e8re, le roi, n&rsquo;a jamais le temps de jouer avec elle. Oui, avec un petit chien, au moins elle ne s&rsquo;ennuierait pas ! Il est vrai qu&rsquo;elle pourrait aussi jouer avec les laquais, mais ils sont ennuyeux et ils n&rsquo;aiment pas la d\u00eenette. Malheureusement, son p\u00e8re tarde \u00e0 exaucer son souhait. Pas la moindre boule de poils \u00e0 l&rsquo;horizon&#8230; Un beau matin pourtant, \u00e0 la surprise g\u00e9n\u00e9rale, un \u00e9l\u00e9phant arrive au palais ! La princesse l&rsquo;adopte aussit\u00f4t.<br \/>\nEt tous deux mettent sur pied un plan d&rsquo;attaque pour mener la vie rude \u00e0 une invit\u00e9e du roi, qui ne leur pla\u00eet pas, mais alors, pas du tout !<\/p>\n","protected":false},"excerpt":{"rendered":"<p>La princesse voudrait un chien, car son p\u00e8re, le roi, n&rsquo;a jamais le temps de jouer avec elle. Oui, avec un petit chien, au moins elle ne s&rsquo;ennuierait pas ! Il est vrai qu&rsquo;elle pourrait aussi jouer avec les laquais, mais ils sont ennuyeux et ils n&rsquo;aiment pas la d\u00eenette. Malheureusement, son p\u00e8re tarde \u00e0 exaucer son souhait. Pas la moindre boule de poils \u00e0 l&rsquo;horizon&#8230; Un beau matin pourtant, \u00e0 la surprise g\u00e9n\u00e9rale, un \u00e9l\u00e9phant arrive au palais ! La princesse l&rsquo;adopte aussit\u00f4t.<br \/>\nEt tous deux mettent sur pied un plan d&rsquo;attaque pour mener la vie rude \u00e0 une invit\u00e9e du roi, qui ne leur pla\u00eet pas, mais alors, pas du tout !<\/p>\n","protected":false},"featured_media":11746,"comment_status":"open","ping_status":"closed","template":"","meta":{"inline_featured_image":false},"product_cat":[3877,199],"product_tag":[],"class_list":{"0":"post-11745","1":"product","2":"type-product","3":"status-publish","4":"has-post-thumbnail","6":"product_cat-les-histoires-francais","7":"product_cat-histoires","9":"first","10":"instock","11":"shipping-taxable","12":"purchasable","13":"product-type-simple"},"_links":{"self":[{"href":"https:\/\/baralivres.ma\/index.php?rest_route=\/wp\/v2\/product\/11745","targetHints":{"allow":["GET"]}}],"collection":[{"href":"https:\/\/baralivres.ma\/index.php?rest_route=\/wp\/v2\/product"}],"about":[{"href":"https:\/\/baralivres.ma\/index.php?rest_route=\/wp\/v2\/types\/product"}],"replies":[{"embeddable":true,"href":"https:\/\/baralivres.ma\/index.php?rest_route=%2Fwp%2Fv2%2Fcomments&post=11745"}],"version-history":[{"count":1,"href":"https:\/\/baralivres.ma\/index.php?rest_route=\/wp\/v2\/product\/11745\/revisions"}],"predecessor-version":[{"id":11747,"href":"https:\/\/baralivres.ma\/index.php?rest_route=\/wp\/v2\/product\/11745\/revisions\/11747"}],"wp:featuredmedia":[{"embeddable":true,"href":"https:\/\/baralivres.ma\/index.php?rest_route=\/wp\/v2\/media\/11746"}],"wp:attachment":[{"href":"https:\/\/baralivres.ma\/index.php?rest_route=%2Fwp%2Fv2%2Fmedia&parent=11745"}],"wp:term":[{"taxonomy":"product_cat","embeddable":true,"href":"https:\/\/baralivres.ma\/index.php?rest_route=%2Fwp%2Fv2%2Fproduct_cat&post=11745"},{"taxonomy":"product_tag","embeddable":true,"href":"https:\/\/baralivres.ma\/index.php?rest_route=%2Fwp%2Fv2%2Fproduct_tag&post=11745"}],"curies":[{"name":"wp","href":"https:\/\/api.w.org\/{rel}","templated":true}]}}