{"id":11742,"date":"2023-09-01T17:19:58","date_gmt":"2023-09-01T16:19:58","guid":{"rendered":"https:\/\/baralivres.ma\/?post_type=product&#038;p=11742"},"modified":"2024-11-06T23:29:34","modified_gmt":"2024-11-06T22:29:34","slug":"famille-a-lessai-com-tome-3","status":"publish","type":"product","link":"https:\/\/baralivres.ma\/?product=famille-a-lessai-com-tome-3","title":{"rendered":"Famille \u00e0 l&rsquo;essai.com Tome 3"},"content":{"rendered":"<p>Depuis que ses parents ont disparu dans un terrible accident, Coki n&rsquo;en finit plus de changer de foyer : d&rsquo;abord accueillie par son vieil oncle Jo, \u00e0 Paris, elle atterrit ensuite dans la grande maison des Glugeot&#8230; Mais plusieurs incidents convainquent la juge pour enfants de lui trouver une nouvelle famille. Cette fois-ci, gr\u00e2ce au site famillealessai.com, elle choisit les Plimpier, un couple de Parisiens \u00e9colos qui a d\u00e9cid\u00e9 de changer de vie avec ses deux enfants.<br \/>\nTr\u00e8s vite, Coki d\u00e9couvre la douceur de la vie \u00e0 la campagne. Seul hic toutefois, il n&rsquo;y a pas de r\u00e9seau pour t\u00e9l\u00e9phoner ! Avec pour seuls alli\u00e9s les pr\u00e9ceptes de son a\u00efeul, le colonel Isidore Ploum, et le soutien de son amie Bernadette, Coki s&rsquo;habitue \u00e0 cet environnement presque parfait. Mais c&rsquo;est sans compter sur une promesse oubli\u00e9e, qui vient menacer son \u00e9quilibre tout neuf !<\/p>\n","protected":false},"excerpt":{"rendered":"<p>Depuis que ses parents ont disparu dans un terrible accident, Coki n&rsquo;en finit plus de changer de foyer : d&rsquo;abord accueillie par son vieil oncle Jo, \u00e0 Paris, elle atterrit ensuite dans la grande maison des Glugeot&#8230; Mais plusieurs incidents convainquent la juge pour enfants de lui trouver une nouvelle famille. Cette fois-ci, gr\u00e2ce au site famillealessai.com, elle choisit les Plimpier, un couple de Parisiens \u00e9colos qui a d\u00e9cid\u00e9 de changer de vie avec ses deux enfants.<br \/>\nTr\u00e8s vite, Coki d\u00e9couvre la douceur de la vie \u00e0 la campagne. Seul hic toutefois, il n&rsquo;y a pas de r\u00e9seau pour t\u00e9l\u00e9phoner ! Avec pour seuls alli\u00e9s les pr\u00e9ceptes de son a\u00efeul, le colonel Isidore Ploum, et le soutien de son amie Bernadette, Coki s&rsquo;habitue \u00e0 cet environnement presque parfait. Mais c&rsquo;est sans compter sur une promesse oubli\u00e9e, qui vient menacer son \u00e9quilibre tout neuf !<\/p>\n","protected":false},"featured_media":11743,"comment_status":"open","ping_status":"closed","template":"","meta":{"inline_featured_image":false},"product_cat":[3877,199],"product_tag":[],"class_list":{"0":"post-11742","1":"product","2":"type-product","3":"status-publish","4":"has-post-thumbnail","6":"product_cat-les-histoires-francais","7":"product_cat-histoires","9":"first","10":"instock","11":"shipping-taxable","12":"purchasable","13":"product-type-simple"},"_links":{"self":[{"href":"https:\/\/baralivres.ma\/index.php?rest_route=\/wp\/v2\/product\/11742","targetHints":{"allow":["GET"]}}],"collection":[{"href":"https:\/\/baralivres.ma\/index.php?rest_route=\/wp\/v2\/product"}],"about":[{"href":"https:\/\/baralivres.ma\/index.php?rest_route=\/wp\/v2\/types\/product"}],"replies":[{"embeddable":true,"href":"https:\/\/baralivres.ma\/index.php?rest_route=%2Fwp%2Fv2%2Fcomments&post=11742"}],"version-history":[{"count":1,"href":"https:\/\/baralivres.ma\/index.php?rest_route=\/wp\/v2\/product\/11742\/revisions"}],"predecessor-version":[{"id":11744,"href":"https:\/\/baralivres.ma\/index.php?rest_route=\/wp\/v2\/product\/11742\/revisions\/11744"}],"wp:featuredmedia":[{"embeddable":true,"href":"https:\/\/baralivres.ma\/index.php?rest_route=\/wp\/v2\/media\/11743"}],"wp:attachment":[{"href":"https:\/\/baralivres.ma\/index.php?rest_route=%2Fwp%2Fv2%2Fmedia&parent=11742"}],"wp:term":[{"taxonomy":"product_cat","embeddable":true,"href":"https:\/\/baralivres.ma\/index.php?rest_route=%2Fwp%2Fv2%2Fproduct_cat&post=11742"},{"taxonomy":"product_tag","embeddable":true,"href":"https:\/\/baralivres.ma\/index.php?rest_route=%2Fwp%2Fv2%2Fproduct_tag&post=11742"}],"curies":[{"name":"wp","href":"https:\/\/api.w.org\/{rel}","templated":true}]}}