{"id":11739,"date":"2023-09-01T17:17:54","date_gmt":"2023-09-01T16:17:54","guid":{"rendered":"https:\/\/baralivres.ma\/?post_type=product&#038;p=11739"},"modified":"2024-11-06T23:30:10","modified_gmt":"2024-11-06T22:30:10","slug":"famille-a-lessai-com-tome-2","status":"publish","type":"product","link":"https:\/\/baralivres.ma\/?product=famille-a-lessai-com-tome-2","title":{"rendered":"Famille \u00e0 l&rsquo;essai.com Tome 2"},"content":{"rendered":"<p>Apr\u00e8s le tragique accident de ses parents, Coquelicot Ploum, dite Coki, s&rsquo;installe quelque temps chez son vieil oncle Jo. Mais la situation n&rsquo;est pas tenable et Coki doit se chercher une nouvelle famille sur le site internet famillealessai.com. Avec la juge Far\u00e7on, son psy, le Dr Ru, et l&rsquo;oncle Jo, elle se d\u00e9cide pour les Glugeot : grande maison, beau jardin et quatre enfants. Sur le papier, tout semble parfait ! Pour faire face \u00e0 leurs principes d&rsquo;\u00e9ducation on ne peut plus bizarres, Coki aura bien besoin des pr\u00e9ceptes de son a\u00efeul, le colonel Isidore Ploum, et des conseils de sa copine Bernadette.<br \/>\nCar, dans cette famille, la vie est organis\u00e9e et planifi\u00e9e comme une entreprise performante, avec des r\u00e8gles impossibles pour tout \u00e9conomiser ! Coki en vient m\u00eame \u00e0 se demander ce qu&rsquo;elle fait l\u00e0&#8230; Rendez-vous sur famillealessai.com pour choisir toi-m\u00eame la nouvelle famille dans laquelle Coki sera accueillie au tome suivant !<\/p>\n","protected":false},"excerpt":{"rendered":"<p>Apr\u00e8s le tragique accident de ses parents, Coquelicot Ploum, dite Coki, s&rsquo;installe quelque temps chez son vieil oncle Jo. Mais la situation n&rsquo;est pas tenable et Coki doit se chercher une nouvelle famille sur le site internet famillealessai.com. Avec la juge Far\u00e7on, son psy, le Dr Ru, et l&rsquo;oncle Jo, elle se d\u00e9cide pour les Glugeot<\/p>\n","protected":false},"featured_media":11740,"comment_status":"open","ping_status":"closed","template":"","meta":{"inline_featured_image":false},"product_cat":[3877,199],"product_tag":[],"class_list":{"0":"post-11739","1":"product","2":"type-product","3":"status-publish","4":"has-post-thumbnail","6":"product_cat-les-histoires-francais","7":"product_cat-histoires","9":"first","10":"instock","11":"shipping-taxable","12":"purchasable","13":"product-type-simple"},"_links":{"self":[{"href":"https:\/\/baralivres.ma\/index.php?rest_route=\/wp\/v2\/product\/11739","targetHints":{"allow":["GET"]}}],"collection":[{"href":"https:\/\/baralivres.ma\/index.php?rest_route=\/wp\/v2\/product"}],"about":[{"href":"https:\/\/baralivres.ma\/index.php?rest_route=\/wp\/v2\/types\/product"}],"replies":[{"embeddable":true,"href":"https:\/\/baralivres.ma\/index.php?rest_route=%2Fwp%2Fv2%2Fcomments&post=11739"}],"version-history":[{"count":1,"href":"https:\/\/baralivres.ma\/index.php?rest_route=\/wp\/v2\/product\/11739\/revisions"}],"predecessor-version":[{"id":11741,"href":"https:\/\/baralivres.ma\/index.php?rest_route=\/wp\/v2\/product\/11739\/revisions\/11741"}],"wp:featuredmedia":[{"embeddable":true,"href":"https:\/\/baralivres.ma\/index.php?rest_route=\/wp\/v2\/media\/11740"}],"wp:attachment":[{"href":"https:\/\/baralivres.ma\/index.php?rest_route=%2Fwp%2Fv2%2Fmedia&parent=11739"}],"wp:term":[{"taxonomy":"product_cat","embeddable":true,"href":"https:\/\/baralivres.ma\/index.php?rest_route=%2Fwp%2Fv2%2Fproduct_cat&post=11739"},{"taxonomy":"product_tag","embeddable":true,"href":"https:\/\/baralivres.ma\/index.php?rest_route=%2Fwp%2Fv2%2Fproduct_tag&post=11739"}],"curies":[{"name":"wp","href":"https:\/\/api.w.org\/{rel}","templated":true}]}}