{"id":11736,"date":"2023-09-01T17:16:09","date_gmt":"2023-09-01T16:16:09","guid":{"rendered":"https:\/\/baralivres.ma\/?post_type=product&#038;p=11736"},"modified":"2024-11-06T23:30:56","modified_gmt":"2024-11-06T22:30:56","slug":"famille-a-lessai-com-tome-1","status":"publish","type":"product","link":"https:\/\/baralivres.ma\/?product=famille-a-lessai-com-tome-1","title":{"rendered":"Famille \u00e0 l&rsquo;essai.com Tome 1"},"content":{"rendered":"<div class=\"fp-wide--block--header\"><\/div>\n<div class=\"content\">Coquelicot Ploum, dite Coki, a perdu tragiquement ses parents dans un accident d&rsquo;avion. Pour unique famille, elle n&rsquo;a plus qu&rsquo;un vieil oncle, Joseph, inconnu au bataillon. Apr\u00e8s un sinistre s\u00e9jour dans un foyer d&rsquo;accueil, la juge qui suit son dossier d\u00e9cide de la placer chez Joseph. Passionn\u00e9 par son travail d&rsquo;ethnologue, le bonhomme, vieux c\u00e9libataire bougon, n&rsquo;a aucune id\u00e9e de la fa\u00e7on de s&rsquo;occuper de sa petite-ni\u00e8ce\u2026 La cohabitation s&rsquo;annonce compliqu\u00e9e ! Pour avancer dans la vie, Coki peut seulement compter sur les pr\u00e9ceptes de son a\u00efeul, le colonel Isidore Ploum ; son doudou-chaussette P\u00e9pita, qui lui apporte du r\u00e9confort ; et ses \u00e9changes sur internet avec sa meilleure amie, Bernadette, partie vivre \u00e0 Hong Kong.<br \/>\nMalgr\u00e9 l&rsquo;am\u00e9lioration de sa relation avec Joseph, il est finalement d\u00e9cid\u00e9 d&rsquo;un commun accord que Coki ne peut pas rester avec lui. Il restera cependant son tuteur moral. La juge doit maintenant trouver o\u00f9 placer Coki. La petite fille lui sugg\u00e8re alors de suivre les conseils de son amie Bernadette : elle n&rsquo;a qu&rsquo;\u00e0 aller sur le site famillealessai.com ! Tout comme les lecteurs, invit\u00e9s \u00e0 choisir eux-m\u00eames la suite de l&rsquo;histoire !<\/div>\n","protected":false},"excerpt":{"rendered":"<div class=\"fp-wide--block--header\"><\/div>\n<div class=\"content\">\nMalgr\u00e9 l&rsquo;am\u00e9lioration de sa relation avec Joseph, il est finalement d\u00e9cid\u00e9 d&rsquo;un commun accord que Coki ne peut pas rester avec lui. Il restera cependant son tuteur moral. La juge doit maintenant trouver o\u00f9 placer Coki. La petite fille lui sugg\u00e8re alors de suivre les conseils de son amie Bernadette : elle n&rsquo;a qu&rsquo;\u00e0 aller sur le site famillealessai.com ! Tout comme les lecteurs, invit\u00e9s \u00e0 choisir eux-m\u00eames la suite de l&rsquo;histoire !<\/div>\n","protected":false},"featured_media":11737,"comment_status":"open","ping_status":"closed","template":"","meta":{"inline_featured_image":false},"product_cat":[3877,199],"product_tag":[],"class_list":{"0":"post-11736","1":"product","2":"type-product","3":"status-publish","4":"has-post-thumbnail","6":"product_cat-les-histoires-francais","7":"product_cat-histoires","9":"first","10":"instock","11":"shipping-taxable","12":"purchasable","13":"product-type-simple"},"_links":{"self":[{"href":"https:\/\/baralivres.ma\/index.php?rest_route=\/wp\/v2\/product\/11736","targetHints":{"allow":["GET"]}}],"collection":[{"href":"https:\/\/baralivres.ma\/index.php?rest_route=\/wp\/v2\/product"}],"about":[{"href":"https:\/\/baralivres.ma\/index.php?rest_route=\/wp\/v2\/types\/product"}],"replies":[{"embeddable":true,"href":"https:\/\/baralivres.ma\/index.php?rest_route=%2Fwp%2Fv2%2Fcomments&post=11736"}],"version-history":[{"count":1,"href":"https:\/\/baralivres.ma\/index.php?rest_route=\/wp\/v2\/product\/11736\/revisions"}],"predecessor-version":[{"id":11738,"href":"https:\/\/baralivres.ma\/index.php?rest_route=\/wp\/v2\/product\/11736\/revisions\/11738"}],"wp:featuredmedia":[{"embeddable":true,"href":"https:\/\/baralivres.ma\/index.php?rest_route=\/wp\/v2\/media\/11737"}],"wp:attachment":[{"href":"https:\/\/baralivres.ma\/index.php?rest_route=%2Fwp%2Fv2%2Fmedia&parent=11736"}],"wp:term":[{"taxonomy":"product_cat","embeddable":true,"href":"https:\/\/baralivres.ma\/index.php?rest_route=%2Fwp%2Fv2%2Fproduct_cat&post=11736"},{"taxonomy":"product_tag","embeddable":true,"href":"https:\/\/baralivres.ma\/index.php?rest_route=%2Fwp%2Fv2%2Fproduct_tag&post=11736"}],"curies":[{"name":"wp","href":"https:\/\/api.w.org\/{rel}","templated":true}]}}