{"id":11730,"date":"2023-09-01T17:12:28","date_gmt":"2023-09-01T16:12:28","guid":{"rendered":"https:\/\/baralivres.ma\/?post_type=product&#038;p=11730"},"modified":"2024-11-06T23:32:00","modified_gmt":"2024-11-06T22:32:00","slug":"high-school-musical-lintegrale","status":"publish","type":"product","link":"https:\/\/baralivres.ma\/?product=high-school-musical-lintegrale","title":{"rendered":"High School Musical L&rsquo;int\u00e9grale"},"content":{"rendered":"<p>Les trois \u00e9pisodes de High School Musical r\u00e9unis dans cette int\u00e9grale !<\/p>\n","protected":false},"excerpt":{"rendered":"<p>Les trois \u00e9pisodes de High School Musical r\u00e9unis dans cette int\u00e9grale !<\/p>\n","protected":false},"featured_media":11731,"comment_status":"open","ping_status":"closed","template":"","meta":{"inline_featured_image":false},"product_cat":[3877,199],"product_tag":[],"class_list":{"0":"post-11730","1":"product","2":"type-product","3":"status-publish","4":"has-post-thumbnail","6":"product_cat-les-histoires-francais","7":"product_cat-histoires","9":"first","10":"instock","11":"shipping-taxable","12":"purchasable","13":"product-type-simple"},"_links":{"self":[{"href":"https:\/\/baralivres.ma\/index.php?rest_route=\/wp\/v2\/product\/11730","targetHints":{"allow":["GET"]}}],"collection":[{"href":"https:\/\/baralivres.ma\/index.php?rest_route=\/wp\/v2\/product"}],"about":[{"href":"https:\/\/baralivres.ma\/index.php?rest_route=\/wp\/v2\/types\/product"}],"replies":[{"embeddable":true,"href":"https:\/\/baralivres.ma\/index.php?rest_route=%2Fwp%2Fv2%2Fcomments&post=11730"}],"version-history":[{"count":1,"href":"https:\/\/baralivres.ma\/index.php?rest_route=\/wp\/v2\/product\/11730\/revisions"}],"predecessor-version":[{"id":11732,"href":"https:\/\/baralivres.ma\/index.php?rest_route=\/wp\/v2\/product\/11730\/revisions\/11732"}],"wp:featuredmedia":[{"embeddable":true,"href":"https:\/\/baralivres.ma\/index.php?rest_route=\/wp\/v2\/media\/11731"}],"wp:attachment":[{"href":"https:\/\/baralivres.ma\/index.php?rest_route=%2Fwp%2Fv2%2Fmedia&parent=11730"}],"wp:term":[{"taxonomy":"product_cat","embeddable":true,"href":"https:\/\/baralivres.ma\/index.php?rest_route=%2Fwp%2Fv2%2Fproduct_cat&post=11730"},{"taxonomy":"product_tag","embeddable":true,"href":"https:\/\/baralivres.ma\/index.php?rest_route=%2Fwp%2Fv2%2Fproduct_tag&post=11730"}],"curies":[{"name":"wp","href":"https:\/\/api.w.org\/{rel}","templated":true}]}}