{"id":11724,"date":"2023-09-01T17:08:57","date_gmt":"2023-09-01T16:08:57","guid":{"rendered":"https:\/\/baralivres.ma\/?post_type=product&#038;p=11724"},"modified":"2024-11-06T23:33:10","modified_gmt":"2024-11-06T22:33:10","slug":"avengers-endgame-lhistoire-du-film","status":"publish","type":"product","link":"https:\/\/baralivres.ma\/?product=avengers-endgame-lhistoire-du-film","title":{"rendered":"Avengers Endgame &#8211; L&rsquo;histoire du film"},"content":{"rendered":"<p>D\u00e9couvre enfin l&rsquo;incroyable suite du film Infinity War ! Lorsque Thanos a r\u00e9cup\u00e9r\u00e9 les six Pierres d&rsquo;Infinit\u00e9, il a tu\u00e9 la moiti\u00e9 de la population. Cinq ans plus tard, les Avengers encore en vie retrouvent l&rsquo;espoir lorsque Ant-Man leur propose un plan audacieux&#8230; Il veut retourner dans le pass\u00e9 et voler les Pierres d&rsquo;Infinit\u00e9 avant que Thanos ne s&rsquo;en empare !<\/p>\n","protected":false},"excerpt":{"rendered":"<p>D\u00e9couvre enfin l&rsquo;incroyable suite du film Infinity War ! Lorsque Thanos a r\u00e9cup\u00e9r\u00e9 les six Pierres d&rsquo;Infinit\u00e9, il a tu\u00e9 la moiti\u00e9 de la population. Cinq ans plus tard, les Avengers encore en vie retrouvent l&rsquo;espoir lorsque Ant-Man leur propose un plan audacieux&#8230; Il veut retourner dans le pass\u00e9 et voler les Pierres d&rsquo;Infinit\u00e9 avant que Thanos ne s&rsquo;en empare !<\/p>\n","protected":false},"featured_media":11725,"comment_status":"open","ping_status":"closed","template":"","meta":{"inline_featured_image":false},"product_cat":[3877,199],"product_tag":[],"class_list":{"0":"post-11724","1":"product","2":"type-product","3":"status-publish","4":"has-post-thumbnail","6":"product_cat-les-histoires-francais","7":"product_cat-histoires","9":"first","10":"instock","11":"shipping-taxable","12":"purchasable","13":"product-type-simple"},"_links":{"self":[{"href":"https:\/\/baralivres.ma\/index.php?rest_route=\/wp\/v2\/product\/11724","targetHints":{"allow":["GET"]}}],"collection":[{"href":"https:\/\/baralivres.ma\/index.php?rest_route=\/wp\/v2\/product"}],"about":[{"href":"https:\/\/baralivres.ma\/index.php?rest_route=\/wp\/v2\/types\/product"}],"replies":[{"embeddable":true,"href":"https:\/\/baralivres.ma\/index.php?rest_route=%2Fwp%2Fv2%2Fcomments&post=11724"}],"version-history":[{"count":1,"href":"https:\/\/baralivres.ma\/index.php?rest_route=\/wp\/v2\/product\/11724\/revisions"}],"predecessor-version":[{"id":11726,"href":"https:\/\/baralivres.ma\/index.php?rest_route=\/wp\/v2\/product\/11724\/revisions\/11726"}],"wp:featuredmedia":[{"embeddable":true,"href":"https:\/\/baralivres.ma\/index.php?rest_route=\/wp\/v2\/media\/11725"}],"wp:attachment":[{"href":"https:\/\/baralivres.ma\/index.php?rest_route=%2Fwp%2Fv2%2Fmedia&parent=11724"}],"wp:term":[{"taxonomy":"product_cat","embeddable":true,"href":"https:\/\/baralivres.ma\/index.php?rest_route=%2Fwp%2Fv2%2Fproduct_cat&post=11724"},{"taxonomy":"product_tag","embeddable":true,"href":"https:\/\/baralivres.ma\/index.php?rest_route=%2Fwp%2Fv2%2Fproduct_tag&post=11724"}],"curies":[{"name":"wp","href":"https:\/\/api.w.org\/{rel}","templated":true}]}}