{"id":11719,"date":"2023-09-01T17:07:18","date_gmt":"2023-09-01T16:07:18","guid":{"rendered":"https:\/\/baralivres.ma\/?post_type=product&#038;p=11719"},"modified":"2024-11-06T23:33:42","modified_gmt":"2024-11-06T22:33:42","slug":"coco","status":"publish","type":"product","link":"https:\/\/baralivres.ma\/?product=coco","title":{"rendered":"Coco"},"content":{"rendered":"<p>Un format poche, avec une couverture souple. Un texte pour les lecteurs qui lisent d\u00e9j\u00e0 seuls agr\u00e9ment\u00e9 de captures d&rsquo;\u00e9cran pour revivre le nouveau film familial Pixar : Coco\u00a0!<\/p>\n","protected":false},"excerpt":{"rendered":"<p>Un format poche, avec une couverture souple. Un texte pour les lecteurs qui lisent d\u00e9j\u00e0 seuls agr\u00e9ment\u00e9 de captures d&rsquo;\u00e9cran pour revivre le nouveau film familial Pixar : Coco\u00a0!<\/p>\n","protected":false},"featured_media":11720,"comment_status":"open","ping_status":"closed","template":"","meta":{"inline_featured_image":false},"product_cat":[3877,199],"product_tag":[],"class_list":{"0":"post-11719","1":"product","2":"type-product","3":"status-publish","4":"has-post-thumbnail","6":"product_cat-les-histoires-francais","7":"product_cat-histoires","9":"first","10":"instock","11":"shipping-taxable","12":"purchasable","13":"product-type-simple"},"_links":{"self":[{"href":"https:\/\/baralivres.ma\/index.php?rest_route=\/wp\/v2\/product\/11719","targetHints":{"allow":["GET"]}}],"collection":[{"href":"https:\/\/baralivres.ma\/index.php?rest_route=\/wp\/v2\/product"}],"about":[{"href":"https:\/\/baralivres.ma\/index.php?rest_route=\/wp\/v2\/types\/product"}],"replies":[{"embeddable":true,"href":"https:\/\/baralivres.ma\/index.php?rest_route=%2Fwp%2Fv2%2Fcomments&post=11719"}],"version-history":[{"count":1,"href":"https:\/\/baralivres.ma\/index.php?rest_route=\/wp\/v2\/product\/11719\/revisions"}],"predecessor-version":[{"id":11721,"href":"https:\/\/baralivres.ma\/index.php?rest_route=\/wp\/v2\/product\/11719\/revisions\/11721"}],"wp:featuredmedia":[{"embeddable":true,"href":"https:\/\/baralivres.ma\/index.php?rest_route=\/wp\/v2\/media\/11720"}],"wp:attachment":[{"href":"https:\/\/baralivres.ma\/index.php?rest_route=%2Fwp%2Fv2%2Fmedia&parent=11719"}],"wp:term":[{"taxonomy":"product_cat","embeddable":true,"href":"https:\/\/baralivres.ma\/index.php?rest_route=%2Fwp%2Fv2%2Fproduct_cat&post=11719"},{"taxonomy":"product_tag","embeddable":true,"href":"https:\/\/baralivres.ma\/index.php?rest_route=%2Fwp%2Fv2%2Fproduct_tag&post=11719"}],"curies":[{"name":"wp","href":"https:\/\/api.w.org\/{rel}","templated":true}]}}