{"id":11716,"date":"2023-09-01T17:04:12","date_gmt":"2023-09-01T16:04:12","guid":{"rendered":"https:\/\/baralivres.ma\/?post_type=product&#038;p=11716"},"modified":"2024-11-06T23:34:10","modified_gmt":"2024-11-06T22:34:10","slug":"casse-noisette-et-les-quatre-royaumes-lhistoire-du-film","status":"publish","type":"product","link":"https:\/\/baralivres.ma\/?product=casse-noisette-et-les-quatre-royaumes-lhistoire-du-film","title":{"rendered":"Casse-Noisette et les quatre royaumes &#8211; L&rsquo;histoire du film"},"content":{"rendered":"<p>Le soir de No\u00ebl. Clara re\u00e7oit en cadeau une boite myst\u00e9rieuse. Cependant. il lui manque la cl\u00e9 pour l&rsquo;ouvrir&#8230; A la f\u00eate organis\u00e9e par son parrain. Clara d\u00e9couvre un fil d&rsquo;or qui la conduit jusqu&rsquo;\u00e0 cette cl\u00e9. mais celle-ci disparait aussit\u00f4t dans un monde magique. C&rsquo;est dans ce monde parall\u00e8le que Clara va faire la connaissance d&rsquo;un soldat nomm\u00e9 Philippe, d&rsquo;une arm\u00e9e de souris, et des r\u00e9gents de quatre Royaumes&#8230;<\/p>\n","protected":false},"excerpt":{"rendered":"<p>Le soir de No\u00ebl. Clara re\u00e7oit en cadeau une boite myst\u00e9rieuse. Cependant. il lui manque la cl\u00e9 pour l&rsquo;ouvrir&#8230; A la f\u00eate organis\u00e9e par son parrain. Clara d\u00e9couvre un fil d&rsquo;or qui la conduit jusqu&rsquo;\u00e0 cette cl\u00e9. mais celle-ci disparait aussit\u00f4t dans un monde magique. C&rsquo;est dans ce monde parall\u00e8le que Clara va faire la connaissance d&rsquo;un soldat nomm\u00e9 Philippe, d&rsquo;une arm\u00e9e de souris, et des r\u00e9gents de quatre Royaumes&#8230;<\/p>\n","protected":false},"featured_media":11717,"comment_status":"open","ping_status":"closed","template":"","meta":{"inline_featured_image":false},"product_cat":[3877,199],"product_tag":[],"class_list":{"0":"post-11716","1":"product","2":"type-product","3":"status-publish","4":"has-post-thumbnail","6":"product_cat-les-histoires-francais","7":"product_cat-histoires","9":"first","10":"instock","11":"shipping-taxable","12":"purchasable","13":"product-type-simple"},"_links":{"self":[{"href":"https:\/\/baralivres.ma\/index.php?rest_route=\/wp\/v2\/product\/11716","targetHints":{"allow":["GET"]}}],"collection":[{"href":"https:\/\/baralivres.ma\/index.php?rest_route=\/wp\/v2\/product"}],"about":[{"href":"https:\/\/baralivres.ma\/index.php?rest_route=\/wp\/v2\/types\/product"}],"replies":[{"embeddable":true,"href":"https:\/\/baralivres.ma\/index.php?rest_route=%2Fwp%2Fv2%2Fcomments&post=11716"}],"version-history":[{"count":1,"href":"https:\/\/baralivres.ma\/index.php?rest_route=\/wp\/v2\/product\/11716\/revisions"}],"predecessor-version":[{"id":11718,"href":"https:\/\/baralivres.ma\/index.php?rest_route=\/wp\/v2\/product\/11716\/revisions\/11718"}],"wp:featuredmedia":[{"embeddable":true,"href":"https:\/\/baralivres.ma\/index.php?rest_route=\/wp\/v2\/media\/11717"}],"wp:attachment":[{"href":"https:\/\/baralivres.ma\/index.php?rest_route=%2Fwp%2Fv2%2Fmedia&parent=11716"}],"wp:term":[{"taxonomy":"product_cat","embeddable":true,"href":"https:\/\/baralivres.ma\/index.php?rest_route=%2Fwp%2Fv2%2Fproduct_cat&post=11716"},{"taxonomy":"product_tag","embeddable":true,"href":"https:\/\/baralivres.ma\/index.php?rest_route=%2Fwp%2Fv2%2Fproduct_tag&post=11716"}],"curies":[{"name":"wp","href":"https:\/\/api.w.org\/{rel}","templated":true}]}}