{"id":11707,"date":"2023-09-01T16:57:24","date_gmt":"2023-09-01T15:57:24","guid":{"rendered":"https:\/\/baralivres.ma\/?post_type=product&#038;p=11707"},"modified":"2024-11-06T23:35:52","modified_gmt":"2024-11-06T22:35:52","slug":"le-petit-maitre-des-amoureux","status":"publish","type":"product","link":"https:\/\/baralivres.ma\/?product=le-petit-maitre-des-amoureux","title":{"rendered":"Le petit ma\u00eetre des amoureux"},"content":{"rendered":"<p>Rapha\u00ebl est en CP et d\u00e9cide de devenir le professeur de sa voisine Malou. Quand Malou se met \u00e0 bafouiller d\u00e8s qu&rsquo;elle aper\u00e7oit Ayoub par la fen\u00eatre, Rapha\u00ebl comprend qu&rsquo;il se trame quelque chose. Ayoub, c&rsquo;est le monsieur qui s&rsquo;occupe de l&rsquo;immeuble. Il est amoureux de Malou et lui dessine des coeurs avec les feuilles qu&rsquo;il balaie dans la cour. Tout comme Malou, il ne sait pas \u00e9crire en fran\u00e7ais. Rapha\u00ebl est malin, il d\u00e9cide donc de donner des cours aux amoureux pour qu&rsquo;ils puissent enfin s&rsquo;\u00e9crire des mots doux.<\/p>\n","protected":false},"excerpt":{"rendered":"<p>Rapha\u00ebl est en CP et d\u00e9cide de devenir le professeur de sa voisine Malou. Quand Malou se met \u00e0 bafouiller d\u00e8s qu&rsquo;elle aper\u00e7oit Ayoub par la fen\u00eatre, Rapha\u00ebl comprend qu&rsquo;il se trame quelque chose. Ayoub, c&rsquo;est le monsieur qui s&rsquo;occupe de l&rsquo;immeuble. Il est amoureux de Malou et lui dessine des coeurs avec les feuilles qu&rsquo;il balaie dans la cour. Tout comme Malou, il ne sait pas \u00e9crire en fran\u00e7ais. Rapha\u00ebl est malin, il d\u00e9cide donc de donner des cours aux amoureux pour qu&rsquo;ils puissent enfin s&rsquo;\u00e9crire des mots doux.<\/p>\n","protected":false},"featured_media":11708,"comment_status":"open","ping_status":"closed","template":"","meta":{"inline_featured_image":false},"product_cat":[3877,199],"product_tag":[],"class_list":{"0":"post-11707","1":"product","2":"type-product","3":"status-publish","4":"has-post-thumbnail","6":"product_cat-les-histoires-francais","7":"product_cat-histoires","9":"first","10":"instock","11":"shipping-taxable","12":"purchasable","13":"product-type-simple"},"_links":{"self":[{"href":"https:\/\/baralivres.ma\/index.php?rest_route=\/wp\/v2\/product\/11707","targetHints":{"allow":["GET"]}}],"collection":[{"href":"https:\/\/baralivres.ma\/index.php?rest_route=\/wp\/v2\/product"}],"about":[{"href":"https:\/\/baralivres.ma\/index.php?rest_route=\/wp\/v2\/types\/product"}],"replies":[{"embeddable":true,"href":"https:\/\/baralivres.ma\/index.php?rest_route=%2Fwp%2Fv2%2Fcomments&post=11707"}],"version-history":[{"count":1,"href":"https:\/\/baralivres.ma\/index.php?rest_route=\/wp\/v2\/product\/11707\/revisions"}],"predecessor-version":[{"id":11709,"href":"https:\/\/baralivres.ma\/index.php?rest_route=\/wp\/v2\/product\/11707\/revisions\/11709"}],"wp:featuredmedia":[{"embeddable":true,"href":"https:\/\/baralivres.ma\/index.php?rest_route=\/wp\/v2\/media\/11708"}],"wp:attachment":[{"href":"https:\/\/baralivres.ma\/index.php?rest_route=%2Fwp%2Fv2%2Fmedia&parent=11707"}],"wp:term":[{"taxonomy":"product_cat","embeddable":true,"href":"https:\/\/baralivres.ma\/index.php?rest_route=%2Fwp%2Fv2%2Fproduct_cat&post=11707"},{"taxonomy":"product_tag","embeddable":true,"href":"https:\/\/baralivres.ma\/index.php?rest_route=%2Fwp%2Fv2%2Fproduct_tag&post=11707"}],"curies":[{"name":"wp","href":"https:\/\/api.w.org\/{rel}","templated":true}]}}