{"id":11701,"date":"2023-09-01T16:50:32","date_gmt":"2023-09-01T15:50:32","guid":{"rendered":"https:\/\/baralivres.ma\/?post_type=product&#038;p=11701"},"modified":"2024-11-06T23:37:01","modified_gmt":"2024-11-06T22:37:01","slug":"ticroco-et-ses-amis-tome-3","status":"publish","type":"product","link":"https:\/\/baralivres.ma\/?product=ticroco-et-ses-amis-tome-3","title":{"rendered":"Ticroco et ses amis Tome 3"},"content":{"rendered":"<p>C&rsquo;est jour d&rsquo;\u00e9nervement dans la classe. Chacun fait une b\u00eatise et engage le suivant \u00e0 en faire une plus grosse. Quand arrive le tour de Ticroco, devant L\u00e9a-Boa&#8230; Cap ou pas cap ?<\/p>\n","protected":false},"excerpt":{"rendered":"<p>C&rsquo;est jour d&rsquo;\u00e9nervement dans la classe. Chacun fait une b\u00eatise et engage le suivant \u00e0 en faire une plus grosse. Quand arrive le tour de Ticroco, devant L\u00e9a-Boa&#8230; Cap ou pas cap ?<\/p>\n","protected":false},"featured_media":11702,"comment_status":"open","ping_status":"closed","template":"","meta":{"inline_featured_image":false},"product_cat":[3877,199],"product_tag":[],"class_list":{"0":"post-11701","1":"product","2":"type-product","3":"status-publish","4":"has-post-thumbnail","6":"product_cat-les-histoires-francais","7":"product_cat-histoires","9":"first","10":"instock","11":"shipping-taxable","12":"purchasable","13":"product-type-simple"},"_links":{"self":[{"href":"https:\/\/baralivres.ma\/index.php?rest_route=\/wp\/v2\/product\/11701","targetHints":{"allow":["GET"]}}],"collection":[{"href":"https:\/\/baralivres.ma\/index.php?rest_route=\/wp\/v2\/product"}],"about":[{"href":"https:\/\/baralivres.ma\/index.php?rest_route=\/wp\/v2\/types\/product"}],"replies":[{"embeddable":true,"href":"https:\/\/baralivres.ma\/index.php?rest_route=%2Fwp%2Fv2%2Fcomments&post=11701"}],"version-history":[{"count":1,"href":"https:\/\/baralivres.ma\/index.php?rest_route=\/wp\/v2\/product\/11701\/revisions"}],"predecessor-version":[{"id":11703,"href":"https:\/\/baralivres.ma\/index.php?rest_route=\/wp\/v2\/product\/11701\/revisions\/11703"}],"wp:featuredmedia":[{"embeddable":true,"href":"https:\/\/baralivres.ma\/index.php?rest_route=\/wp\/v2\/media\/11702"}],"wp:attachment":[{"href":"https:\/\/baralivres.ma\/index.php?rest_route=%2Fwp%2Fv2%2Fmedia&parent=11701"}],"wp:term":[{"taxonomy":"product_cat","embeddable":true,"href":"https:\/\/baralivres.ma\/index.php?rest_route=%2Fwp%2Fv2%2Fproduct_cat&post=11701"},{"taxonomy":"product_tag","embeddable":true,"href":"https:\/\/baralivres.ma\/index.php?rest_route=%2Fwp%2Fv2%2Fproduct_tag&post=11701"}],"curies":[{"name":"wp","href":"https:\/\/api.w.org\/{rel}","templated":true}]}}