{"id":11695,"date":"2023-09-01T16:45:54","date_gmt":"2023-09-01T15:45:54","guid":{"rendered":"https:\/\/baralivres.ma\/?post_type=product&#038;p=11695"},"modified":"2024-11-06T23:38:06","modified_gmt":"2024-11-06T22:38:06","slug":"le-chat-botte","status":"publish","type":"product","link":"https:\/\/baralivres.ma\/?product=le-chat-botte","title":{"rendered":"Le chat bott\u00e9"},"content":{"rendered":"<p>Les meilleures ventes des Petits Livres d&rsquo;Argent dans un format cartonn\u00e9, \u00e0 collectionner. Un graphisme vintage et de jolies histoires : de quoi enchanter les plus jeunes et rappeler de bons souvenirs aux parents\u00a0 !<\/p>\n","protected":false},"excerpt":{"rendered":"<p>Les meilleures ventes des Petits Livres d&rsquo;Argent dans un format cartonn\u00e9, \u00e0 collectionner. Un graphisme vintage et de jolies histoires : de quoi enchanter les plus jeunes et rappeler de bons souvenirs aux parents\u00a0 !<\/p>\n","protected":false},"featured_media":11696,"comment_status":"open","ping_status":"closed","template":"","meta":{"inline_featured_image":false},"product_cat":[3877,199],"product_tag":[],"class_list":{"0":"post-11695","1":"product","2":"type-product","3":"status-publish","4":"has-post-thumbnail","6":"product_cat-les-histoires-francais","7":"product_cat-histoires","9":"first","10":"instock","11":"shipping-taxable","12":"purchasable","13":"product-type-simple"},"_links":{"self":[{"href":"https:\/\/baralivres.ma\/index.php?rest_route=\/wp\/v2\/product\/11695","targetHints":{"allow":["GET"]}}],"collection":[{"href":"https:\/\/baralivres.ma\/index.php?rest_route=\/wp\/v2\/product"}],"about":[{"href":"https:\/\/baralivres.ma\/index.php?rest_route=\/wp\/v2\/types\/product"}],"replies":[{"embeddable":true,"href":"https:\/\/baralivres.ma\/index.php?rest_route=%2Fwp%2Fv2%2Fcomments&post=11695"}],"version-history":[{"count":1,"href":"https:\/\/baralivres.ma\/index.php?rest_route=\/wp\/v2\/product\/11695\/revisions"}],"predecessor-version":[{"id":11697,"href":"https:\/\/baralivres.ma\/index.php?rest_route=\/wp\/v2\/product\/11695\/revisions\/11697"}],"wp:featuredmedia":[{"embeddable":true,"href":"https:\/\/baralivres.ma\/index.php?rest_route=\/wp\/v2\/media\/11696"}],"wp:attachment":[{"href":"https:\/\/baralivres.ma\/index.php?rest_route=%2Fwp%2Fv2%2Fmedia&parent=11695"}],"wp:term":[{"taxonomy":"product_cat","embeddable":true,"href":"https:\/\/baralivres.ma\/index.php?rest_route=%2Fwp%2Fv2%2Fproduct_cat&post=11695"},{"taxonomy":"product_tag","embeddable":true,"href":"https:\/\/baralivres.ma\/index.php?rest_route=%2Fwp%2Fv2%2Fproduct_tag&post=11695"}],"curies":[{"name":"wp","href":"https:\/\/api.w.org\/{rel}","templated":true}]}}