{"id":11692,"date":"2023-09-01T16:41:10","date_gmt":"2023-09-01T15:41:10","guid":{"rendered":"https:\/\/baralivres.ma\/?post_type=product&#038;p=11692"},"modified":"2024-11-06T23:38:52","modified_gmt":"2024-11-06T22:38:52","slug":"zak-storm-super-pirate-tome-3","status":"publish","type":"product","link":"https:\/\/baralivres.ma\/?product=zak-storm-super-pirate-tome-3","title":{"rendered":"Zak Storm &#8211; Super Pirate Tome 3"},"content":{"rendered":"<p>Au coeur de la mer de Dezer, l&rsquo;\u00e9quipage du Chaos s&rsquo;appr\u00eate \u00e0 relever un nouveau d\u00e9fi : ouvrir l&rsquo;un des l\u00e9gendaires verrous des Sept Mers. Guid\u00e9s par la courageuse Atlante Cece, commandante en second de Zak Storm, ils vont Faire face \u00e0 bien des dangers. R\u00e9ussiront-ils \u00e0 ouvrir le premier verrou de leur aventure ?<\/p>\n","protected":false},"excerpt":{"rendered":"<p>Au coeur de la mer de Dezer, l&rsquo;\u00e9quipage du Chaos s&rsquo;appr\u00eate \u00e0 relever un nouveau d\u00e9fi : ouvrir l&rsquo;un des l\u00e9gendaires verrous des Sept Mers. Guid\u00e9s par la courageuse Atlante Cece, commandante en second de Zak Storm, ils vont Faire face \u00e0 bien des dangers. R\u00e9ussiront-ils \u00e0 ouvrir le premier verrou de leur aventure ?<\/p>\n","protected":false},"featured_media":11693,"comment_status":"open","ping_status":"closed","template":"","meta":{"inline_featured_image":false},"product_cat":[3877,199],"product_tag":[],"class_list":{"0":"post-11692","1":"product","2":"type-product","3":"status-publish","4":"has-post-thumbnail","6":"product_cat-les-histoires-francais","7":"product_cat-histoires","9":"first","10":"instock","11":"shipping-taxable","12":"purchasable","13":"product-type-simple"},"_links":{"self":[{"href":"https:\/\/baralivres.ma\/index.php?rest_route=\/wp\/v2\/product\/11692","targetHints":{"allow":["GET"]}}],"collection":[{"href":"https:\/\/baralivres.ma\/index.php?rest_route=\/wp\/v2\/product"}],"about":[{"href":"https:\/\/baralivres.ma\/index.php?rest_route=\/wp\/v2\/types\/product"}],"replies":[{"embeddable":true,"href":"https:\/\/baralivres.ma\/index.php?rest_route=%2Fwp%2Fv2%2Fcomments&post=11692"}],"version-history":[{"count":1,"href":"https:\/\/baralivres.ma\/index.php?rest_route=\/wp\/v2\/product\/11692\/revisions"}],"predecessor-version":[{"id":11694,"href":"https:\/\/baralivres.ma\/index.php?rest_route=\/wp\/v2\/product\/11692\/revisions\/11694"}],"wp:featuredmedia":[{"embeddable":true,"href":"https:\/\/baralivres.ma\/index.php?rest_route=\/wp\/v2\/media\/11693"}],"wp:attachment":[{"href":"https:\/\/baralivres.ma\/index.php?rest_route=%2Fwp%2Fv2%2Fmedia&parent=11692"}],"wp:term":[{"taxonomy":"product_cat","embeddable":true,"href":"https:\/\/baralivres.ma\/index.php?rest_route=%2Fwp%2Fv2%2Fproduct_cat&post=11692"},{"taxonomy":"product_tag","embeddable":true,"href":"https:\/\/baralivres.ma\/index.php?rest_route=%2Fwp%2Fv2%2Fproduct_tag&post=11692"}],"curies":[{"name":"wp","href":"https:\/\/api.w.org\/{rel}","templated":true}]}}