{"id":11689,"date":"2023-09-01T16:38:48","date_gmt":"2023-09-01T15:38:48","guid":{"rendered":"https:\/\/baralivres.ma\/?post_type=product&#038;p=11689"},"modified":"2024-11-07T14:11:08","modified_gmt":"2024-11-07T13:11:08","slug":"zak-storm-super-pirate-tome-4","status":"publish","type":"product","link":"https:\/\/baralivres.ma\/?product=zak-storm-super-pirate-tome-4","title":{"rendered":"Zak Storm &#8211; Super Pirate Tome 4"},"content":{"rendered":"<p>Lors d&rsquo;une escale \u00e0 Marituga, l&rsquo;\u00e9quipage du Chaos sauve un myst\u00e9rieux inconnu des griffes de l&rsquo;inf\u00e2me Golden Bones. Il semble d\u00e9tenir des informations cruciales sur le verrou d&rsquo;Aeria, mais Cece, la princesse Atlante, se m\u00e9fie. Accompagn\u00e9s de leur nouveau guide, Zak et ses amis sortiront-ils vainqueurs de leur nouvelle aventure sur la mer des temp\u00eates ?<\/p>\n","protected":false},"excerpt":{"rendered":"<p>Lors d&rsquo;une escale \u00e0 Marituga, l&rsquo;\u00e9quipage du Chaos sauve un myst\u00e9rieux inconnu des griffes de l&rsquo;inf\u00e2me Golden Bones. Il semble d\u00e9tenir des informations cruciales sur le verrou d&rsquo;Aeria, mais Cece, la princesse Atlante, se m\u00e9fie. Accompagn\u00e9s de leur nouveau guide, Zak et ses amis sortiront-ils vainqueurs de leur nouvelle aventure sur la mer des temp\u00eates ?<\/p>\n","protected":false},"featured_media":11690,"comment_status":"open","ping_status":"closed","template":"","meta":{"inline_featured_image":false},"product_cat":[3877,199],"product_tag":[],"class_list":{"0":"post-11689","1":"product","2":"type-product","3":"status-publish","4":"has-post-thumbnail","6":"product_cat-les-histoires-francais","7":"product_cat-histoires","9":"first","10":"instock","11":"shipping-taxable","12":"purchasable","13":"product-type-simple"},"_links":{"self":[{"href":"https:\/\/baralivres.ma\/index.php?rest_route=\/wp\/v2\/product\/11689","targetHints":{"allow":["GET"]}}],"collection":[{"href":"https:\/\/baralivres.ma\/index.php?rest_route=\/wp\/v2\/product"}],"about":[{"href":"https:\/\/baralivres.ma\/index.php?rest_route=\/wp\/v2\/types\/product"}],"replies":[{"embeddable":true,"href":"https:\/\/baralivres.ma\/index.php?rest_route=%2Fwp%2Fv2%2Fcomments&post=11689"}],"version-history":[{"count":1,"href":"https:\/\/baralivres.ma\/index.php?rest_route=\/wp\/v2\/product\/11689\/revisions"}],"predecessor-version":[{"id":11691,"href":"https:\/\/baralivres.ma\/index.php?rest_route=\/wp\/v2\/product\/11689\/revisions\/11691"}],"wp:featuredmedia":[{"embeddable":true,"href":"https:\/\/baralivres.ma\/index.php?rest_route=\/wp\/v2\/media\/11690"}],"wp:attachment":[{"href":"https:\/\/baralivres.ma\/index.php?rest_route=%2Fwp%2Fv2%2Fmedia&parent=11689"}],"wp:term":[{"taxonomy":"product_cat","embeddable":true,"href":"https:\/\/baralivres.ma\/index.php?rest_route=%2Fwp%2Fv2%2Fproduct_cat&post=11689"},{"taxonomy":"product_tag","embeddable":true,"href":"https:\/\/baralivres.ma\/index.php?rest_route=%2Fwp%2Fv2%2Fproduct_tag&post=11689"}],"curies":[{"name":"wp","href":"https:\/\/api.w.org\/{rel}","templated":true}]}}